{"id":9522,"date":"2016-04-26T21:29:22","date_gmt":"2016-04-27T01:59:22","guid":{"rendered":"http:\/\/dunewellnessgroup.com\/dune-eco-village-and-spa\/recreation\/we-offer-a-large-range-of-indoor-and-outdoor-activities\/"},"modified":"2019-05-05T17:29:04","modified_gmt":"2019-05-05T21:59:04","slug":"nous-proposons-une-large-gamme-d-activites-a-l-interieur-et-a-l-exterieur","status":"publish","type":"page","link":"http:\/\/dunewellnessgroup.com\/dune-eco-village-spa\/hotel-ayurveda-inde\/activites\/nous-proposons-une-large-gamme-d-activites-a-l-interieur-et-a-l-exterieur\/","title":{"rendered":"Activit\u00e9s \u00e0 l&#8217;int\u00e9rieur et \u00e0 l\u2019ext\u00e9rieur"},"content":{"rendered":"","protected":false},"excerpt":{"rendered":"","protected":false},"author":4,"featured_media":2568,"parent":121,"menu_order":0,"comment_status":"closed","ping_status":"closed","template":"","meta":{"_acf_changed":false,"footnotes":""},"class_list":["post-9522","page","type-page","status-publish","has-post-thumbnail","hentry"],"acf":[],"_links":{"self":[{"href":"http:\/\/dunewellnessgroup.com\/dune-eco-village-spa\/wp-json\/wp\/v2\/pages\/9522","targetHints":{"allow":["GET"]}}],"collection":[{"href":"http:\/\/dunewellnessgroup.com\/dune-eco-village-spa\/wp-json\/wp\/v2\/pages"}],"about":[{"href":"http:\/\/dunewellnessgroup.com\/dune-eco-village-spa\/wp-json\/wp\/v2\/types\/page"}],"author":[{"embeddable":true,"href":"http:\/\/dunewellnessgroup.com\/dune-eco-village-spa\/wp-json\/wp\/v2\/users\/4"}],"replies":[{"embeddable":true,"href":"http:\/\/dunewellnessgroup.com\/dune-eco-village-spa\/wp-json\/wp\/v2\/comments?post=9522"}],"version-history":[{"count":0,"href":"http:\/\/dunewellnessgroup.com\/dune-eco-village-spa\/wp-json\/wp\/v2\/pages\/9522\/revisions"}],"up":[{"embeddable":true,"href":"http:\/\/dunewellnessgroup.com\/dune-eco-village-spa\/wp-json\/wp\/v2\/pages\/121"}],"wp:featuredmedia":[{"embeddable":true,"href":"http:\/\/dunewellnessgroup.com\/dune-eco-village-spa\/wp-json\/wp\/v2\/media\/2568"}],"wp:attachment":[{"href":"http:\/\/dunewellnessgroup.com\/dune-eco-village-spa\/wp-json\/wp\/v2\/media?parent=9522"}],"curies":[{"name":"wp","href":"https:\/\/api.w.org\/{rel}","templated":true}]}}