{"id":1157,"date":"2017-12-12T13:32:10","date_gmt":"2017-12-12T13:32:10","guid":{"rendered":"http:\/\/dunewellnessgroup.com\/dune-de-l-orient-hotel-puducherry-tamil-nadu-india\/?page_id=1157"},"modified":"2019-04-29T22:29:23","modified_gmt":"2019-04-29T22:29:23","slug":"biographie-francis-wacziarg","status":"publish","type":"page","link":"http:\/\/dunewellnessgroup.com\/dune-orient\/hotel-pondichery\/decouvrir\/biographie-francis-wacziarg\/","title":{"rendered":"Mr Francis Wacziarg"},"content":{"rendered":"","protected":false},"excerpt":{"rendered":"","protected":false},"author":4,"featured_media":1167,"parent":423,"menu_order":0,"comment_status":"closed","ping_status":"closed","template":"","meta":{"_acf_changed":false,"footnotes":""},"class_list":["post-1157","page","type-page","status-publish","has-post-thumbnail","hentry"],"acf":[],"yoast_head":"<!-- This site is optimized with the Yoast SEO Premium plugin v27.1 (Yoast SEO v27.1.1) - https:\/\/yoast.com\/product\/yoast-seo-premium-wordpress\/ -->\n<title>Francis Wacziarg - Biographie - Figure de la relation entre l\\&#039;Inde et la France<\/title>\n<meta name=\"description\" content=\"D\u00e9couvrez la biographie de Francis Wacziarg, fondateur de l&#039;h\u00f4tel de L&#039;Orient devenu l&#039;h\u00f4tel Dune de L&#039;Orient et figure de la relation entre l&#039;Inde et la France\" \/>\n<meta name=\"robots\" content=\"index, follow, max-snippet:-1, max-image-preview:large, max-video-preview:-1\" \/>\n<link rel=\"canonical\" href=\"https:\/\/dunewellnessgroup.com\/dune-orient\/fr\/hotel-pondichery\/decouvrir\/biographie-francis-wacziarg\/\" \/>\n<meta property=\"og:locale\" content=\"en_US\" \/>\n<meta property=\"og:type\" content=\"article\" \/>\n<meta property=\"og:title\" content=\"Mr Francis Wacziarg\" \/>\n<meta property=\"og:description\" content=\"D\u00e9couvrez la biographie de Francis Wacziarg, fondateur de l&#039;h\u00f4tel de L&#039;Orient devenu l&#039;h\u00f4tel Dune de L&#039;Orient et figure de la relation entre l&#039;Inde et la France\" \/>\n<meta property=\"og:url\" content=\"https:\/\/dunewellnessgroup.com\/dune-orient\/fr\/hotel-pondichery\/decouvrir\/biographie-francis-wacziarg\/\" \/>\n<meta property=\"og:site_name\" content=\"Dune de l&#039;Orient at Puducherry\" \/>\n<meta property=\"article:publisher\" content=\"https:\/\/www.facebook.com\/search\/top\/?q=dune%20de%20l%27orient\" \/>\n<meta property=\"article:modified_time\" content=\"2019-04-29T22:29:23+00:00\" \/>\n<meta property=\"og:image\" content=\"https:\/\/dunewellnessgroup.com\/wp-content\/uploads\/sites\/61\/2017\/12\/20020823-Francis-a-lOrient.jpg\" \/>\n\t<meta property=\"og:image:width\" content=\"289\" \/>\n\t<meta property=\"og:image:height\" content=\"280\" \/>\n\t<meta property=\"og:image:type\" content=\"image\/jpeg\" \/>\n<meta name=\"twitter:card\" content=\"summary_large_image\" \/>\n<script type=\"application\/ld+json\" class=\"yoast-schema-graph\">{\"@context\":\"https:\/\/schema.org\",\"@graph\":[{\"@type\":\"WebPage\",\"@id\":\"https:\/\/dunewellnessgroup.com\/dune-orient\/fr\/hotel-pondichery\/decouvrir\/biographie-francis-wacziarg\/\",\"url\":\"https:\/\/dunewellnessgroup.com\/dune-orient\/fr\/hotel-pondichery\/decouvrir\/biographie-francis-wacziarg\/\",\"name\":\"Francis Wacziarg - Biographie - Figure de la relation entre l\\\\'Inde et la France\",\"isPartOf\":{\"@id\":\"https:\/\/dunewellnessgroup.com\/dune-orient\/#website\"},\"primaryImageOfPage\":{\"@id\":\"https:\/\/dunewellnessgroup.com\/dune-orient\/fr\/hotel-pondichery\/decouvrir\/biographie-francis-wacziarg\/#primaryimage\"},\"image\":{\"@id\":\"https:\/\/dunewellnessgroup.com\/dune-orient\/fr\/hotel-pondichery\/decouvrir\/biographie-francis-wacziarg\/#primaryimage\"},\"thumbnailUrl\":\"http:\/\/dunewellnessgroup.com\/wp-content\/uploads\/sites\/61\/2017\/12\/20020823-Francis-a-lOrient.jpg\",\"datePublished\":\"2017-12-12T13:32:10+00:00\",\"dateModified\":\"2019-04-29T22:29:23+00:00\",\"description\":\"D\u00e9couvrez la biographie de Francis Wacziarg, fondateur de l\\\\'h\u00f4tel de L\\\\'Orient devenu l\\\\'h\u00f4tel Dune de L\\\\'Orient et figure de la relation entre l\\\\'Inde et la France\",\"breadcrumb\":{\"@id\":\"https:\/\/dunewellnessgroup.com\/dune-orient\/fr\/hotel-pondichery\/decouvrir\/biographie-francis-wacziarg\/#breadcrumb\"},\"inLanguage\":\"en-US\",\"potentialAction\":[{\"@type\":\"ReadAction\",\"target\":[\"https:\/\/dunewellnessgroup.com\/dune-orient\/fr\/hotel-pondichery\/decouvrir\/biographie-francis-wacziarg\/\"]}]},{\"@type\":\"ImageObject\",\"inLanguage\":\"en-US\",\"@id\":\"https:\/\/dunewellnessgroup.com\/dune-orient\/fr\/hotel-pondichery\/decouvrir\/biographie-francis-wacziarg\/#primaryimage\",\"url\":\"http:\/\/dunewellnessgroup.com\/wp-content\/uploads\/sites\/61\/2017\/12\/20020823-Francis-a-lOrient.jpg\",\"contentUrl\":\"http:\/\/dunewellnessgroup.com\/wp-content\/uploads\/sites\/61\/2017\/12\/20020823-Francis-a-lOrient.jpg\",\"width\":289,\"height\":280},{\"@type\":\"BreadcrumbList\",\"@id\":\"https:\/\/dunewellnessgroup.com\/dune-orient\/fr\/hotel-pondichery\/decouvrir\/biographie-francis-wacziarg\/#breadcrumb\",\"itemListElement\":[{\"@type\":\"ListItem\",\"position\":1,\"name\":\"Home\",\"item\":\"https:\/\/dunewellnessgroup.com\/dune-orient\/\"},{\"@type\":\"ListItem\",\"position\":2,\"name\":\"H\u00f4tel Pondich\u00e9ry (CATEGORIE)\",\"item\":\"https:\/\/dunewellnessgroup.com\/dune-orient\/fr\/hotel-pondichery\/\"},{\"@type\":\"ListItem\",\"position\":3,\"name\":\"A d\u00e9couvrir\",\"item\":\"https:\/\/dunewellnessgroup.com\/dune-orient\/fr\/hotel-pondichery\/decouvrir\/\"},{\"@type\":\"ListItem\",\"position\":4,\"name\":\"Mr Francis Wacziarg\"}]},{\"@type\":\"WebSite\",\"@id\":\"https:\/\/dunewellnessgroup.com\/dune-orient\/#website\",\"url\":\"https:\/\/dunewellnessgroup.com\/dune-orient\/\",\"name\":\"Dune de l&#039;Orient at Puducherry\",\"description\":\"Just another Dune Wellness Group site\",\"potentialAction\":[{\"@type\":\"SearchAction\",\"target\":{\"@type\":\"EntryPoint\",\"urlTemplate\":\"https:\/\/dunewellnessgroup.com\/dune-orient\/?s={search_term_string}\"},\"query-input\":{\"@type\":\"PropertyValueSpecification\",\"valueRequired\":true,\"valueName\":\"search_term_string\"}}],\"inLanguage\":\"en-US\"}]}<\/script>\n<!-- \/ Yoast SEO Premium plugin. -->","yoast_head_json":{"title":"Francis Wacziarg - Biographie - Figure de la relation entre l\\'Inde et la France","description":"D\u00e9couvrez la biographie de Francis Wacziarg, fondateur de l'h\u00f4tel de L'Orient devenu l'h\u00f4tel Dune de L'Orient et figure de la relation entre l'Inde et la France","robots":{"index":"index","follow":"follow","max-snippet":"max-snippet:-1","max-image-preview":"max-image-preview:large","max-video-preview":"max-video-preview:-1"},"canonical":"https:\/\/dunewellnessgroup.com\/dune-orient\/fr\/hotel-pondichery\/decouvrir\/biographie-francis-wacziarg\/","og_locale":"en_US","og_type":"article","og_title":"Mr Francis Wacziarg","og_description":"D\u00e9couvrez la biographie de Francis Wacziarg, fondateur de l'h\u00f4tel de L'Orient devenu l'h\u00f4tel Dune de L'Orient et figure de la relation entre l'Inde et la France","og_url":"https:\/\/dunewellnessgroup.com\/dune-orient\/fr\/hotel-pondichery\/decouvrir\/biographie-francis-wacziarg\/","og_site_name":"Dune de l&#039;Orient at Puducherry","article_publisher":"https:\/\/www.facebook.com\/search\/top\/?q=dune%20de%20l%27orient","article_modified_time":"2019-04-29T22:29:23+00:00","og_image":[{"width":289,"height":280,"url":"https:\/\/dunewellnessgroup.com\/wp-content\/uploads\/sites\/61\/2017\/12\/20020823-Francis-a-lOrient.jpg","type":"image\/jpeg"}],"twitter_card":"summary_large_image","schema":{"@context":"https:\/\/schema.org","@graph":[{"@type":"WebPage","@id":"https:\/\/dunewellnessgroup.com\/dune-orient\/fr\/hotel-pondichery\/decouvrir\/biographie-francis-wacziarg\/","url":"https:\/\/dunewellnessgroup.com\/dune-orient\/fr\/hotel-pondichery\/decouvrir\/biographie-francis-wacziarg\/","name":"Francis Wacziarg - Biographie - Figure de la relation entre l\\'Inde et la France","isPartOf":{"@id":"https:\/\/dunewellnessgroup.com\/dune-orient\/#website"},"primaryImageOfPage":{"@id":"https:\/\/dunewellnessgroup.com\/dune-orient\/fr\/hotel-pondichery\/decouvrir\/biographie-francis-wacziarg\/#primaryimage"},"image":{"@id":"https:\/\/dunewellnessgroup.com\/dune-orient\/fr\/hotel-pondichery\/decouvrir\/biographie-francis-wacziarg\/#primaryimage"},"thumbnailUrl":"http:\/\/dunewellnessgroup.com\/wp-content\/uploads\/sites\/61\/2017\/12\/20020823-Francis-a-lOrient.jpg","datePublished":"2017-12-12T13:32:10+00:00","dateModified":"2019-04-29T22:29:23+00:00","description":"D\u00e9couvrez la biographie de Francis Wacziarg, fondateur de l\\'h\u00f4tel de L\\'Orient devenu l\\'h\u00f4tel Dune de L\\'Orient et figure de la relation entre l\\'Inde et la France","breadcrumb":{"@id":"https:\/\/dunewellnessgroup.com\/dune-orient\/fr\/hotel-pondichery\/decouvrir\/biographie-francis-wacziarg\/#breadcrumb"},"inLanguage":"en-US","potentialAction":[{"@type":"ReadAction","target":["https:\/\/dunewellnessgroup.com\/dune-orient\/fr\/hotel-pondichery\/decouvrir\/biographie-francis-wacziarg\/"]}]},{"@type":"ImageObject","inLanguage":"en-US","@id":"https:\/\/dunewellnessgroup.com\/dune-orient\/fr\/hotel-pondichery\/decouvrir\/biographie-francis-wacziarg\/#primaryimage","url":"http:\/\/dunewellnessgroup.com\/wp-content\/uploads\/sites\/61\/2017\/12\/20020823-Francis-a-lOrient.jpg","contentUrl":"http:\/\/dunewellnessgroup.com\/wp-content\/uploads\/sites\/61\/2017\/12\/20020823-Francis-a-lOrient.jpg","width":289,"height":280},{"@type":"BreadcrumbList","@id":"https:\/\/dunewellnessgroup.com\/dune-orient\/fr\/hotel-pondichery\/decouvrir\/biographie-francis-wacziarg\/#breadcrumb","itemListElement":[{"@type":"ListItem","position":1,"name":"Home","item":"https:\/\/dunewellnessgroup.com\/dune-orient\/"},{"@type":"ListItem","position":2,"name":"H\u00f4tel Pondich\u00e9ry (CATEGORIE)","item":"https:\/\/dunewellnessgroup.com\/dune-orient\/fr\/hotel-pondichery\/"},{"@type":"ListItem","position":3,"name":"A d\u00e9couvrir","item":"https:\/\/dunewellnessgroup.com\/dune-orient\/fr\/hotel-pondichery\/decouvrir\/"},{"@type":"ListItem","position":4,"name":"Mr Francis Wacziarg"}]},{"@type":"WebSite","@id":"https:\/\/dunewellnessgroup.com\/dune-orient\/#website","url":"https:\/\/dunewellnessgroup.com\/dune-orient\/","name":"Dune de l&#039;Orient at Puducherry","description":"Just another Dune Wellness Group site","potentialAction":[{"@type":"SearchAction","target":{"@type":"EntryPoint","urlTemplate":"https:\/\/dunewellnessgroup.com\/dune-orient\/?s={search_term_string}"},"query-input":{"@type":"PropertyValueSpecification","valueRequired":true,"valueName":"search_term_string"}}],"inLanguage":"en-US"}]}},"_links":{"self":[{"href":"http:\/\/dunewellnessgroup.com\/dune-orient\/wp-json\/wp\/v2\/pages\/1157","targetHints":{"allow":["GET"]}}],"collection":[{"href":"http:\/\/dunewellnessgroup.com\/dune-orient\/wp-json\/wp\/v2\/pages"}],"about":[{"href":"http:\/\/dunewellnessgroup.com\/dune-orient\/wp-json\/wp\/v2\/types\/page"}],"author":[{"embeddable":true,"href":"http:\/\/dunewellnessgroup.com\/dune-orient\/wp-json\/wp\/v2\/users\/4"}],"replies":[{"embeddable":true,"href":"http:\/\/dunewellnessgroup.com\/dune-orient\/wp-json\/wp\/v2\/comments?post=1157"}],"version-history":[{"count":0,"href":"http:\/\/dunewellnessgroup.com\/dune-orient\/wp-json\/wp\/v2\/pages\/1157\/revisions"}],"up":[{"embeddable":true,"href":"http:\/\/dunewellnessgroup.com\/dune-orient\/wp-json\/wp\/v2\/pages\/423"}],"wp:featuredmedia":[{"embeddable":true,"href":"http:\/\/dunewellnessgroup.com\/dune-orient\/wp-json\/wp\/v2\/media\/1167"}],"wp:attachment":[{"href":"http:\/\/dunewellnessgroup.com\/dune-orient\/wp-json\/wp\/v2\/media?parent=1157"}],"curies":[{"name":"wp","href":"https:\/\/api.w.org\/{rel}","templated":true}]}}