{"id":515,"date":"2017-07-19T11:12:11","date_gmt":"2017-07-19T11:12:11","guid":{"rendered":"http:\/\/dunewellnessgroup.com\/dune-mansion-calve-hotel\/?page_id=515"},"modified":"2019-05-01T08:29:29","modified_gmt":"2019-05-01T08:29:29","slug":"formulaire-de-contact","status":"publish","type":"page","link":"http:\/\/dunewellnessgroup.com\/dune-orient\/hotel-pondichery\/formulaire-de-contact\/","title":{"rendered":"Formulaire de contact"},"content":{"rendered":"\n<div class=\"wpcf7 no-js\" id=\"wpcf7-f441-o1\" lang=\"en-US\" dir=\"ltr\" data-wpcf7-id=\"441\">\n<div class=\"screen-reader-response\"><p role=\"status\" aria-live=\"polite\" aria-atomic=\"true\"><\/p> <ul><\/ul><\/div>\n<form action=\"\/dune-orient\/wp-json\/wp\/v2\/pages\/515#wpcf7-f441-o1\" method=\"post\" class=\"wpcf7-form init\" aria-label=\"Contact form\" novalidate=\"novalidate\" data-status=\"init\">\n<fieldset class=\"hidden-fields-container\"><input type=\"hidden\" name=\"_wpcf7\" value=\"441\" \/><input type=\"hidden\" name=\"_wpcf7_version\" value=\"6.1.5\" \/><input type=\"hidden\" name=\"_wpcf7_locale\" value=\"en_US\" \/><input type=\"hidden\" name=\"_wpcf7_unit_tag\" value=\"wpcf7-f441-o1\" \/><input type=\"hidden\" name=\"_wpcf7_container_post\" value=\"0\" \/><input type=\"hidden\" name=\"_wpcf7_posted_data_hash\" value=\"\" \/><input type=\"hidden\" name=\"_wpcf7_recaptcha_response\" value=\"\" \/>\n<\/fieldset>\n<p><input type=\"hidden\"  name=\"dune_form_tracker\"  value=\"dunewellnessgroup.com\/dune-orient\/wp-json\/wp\/v2\/pages\/515\"><input type=\"hidden\"  name=\"dune-tracker\"  value=\"dunewellnessgroup.com\/dune-orient\/wp-json\/wp\/v2\/pages\/515\">\n<\/p>\n<p style=\"text-align: left;\"><strong><span style=\"color: #f07d22;\">Civilit\u00e9<\/span><\/strong>\n<\/p>\n<p><span class=\"wpcf7-form-control-wrap\" data-name=\"gender\"><span class=\"wpcf7-form-control wpcf7-radio\"><span class=\"wpcf7-list-item first\"><input type=\"radio\" name=\"gender\" value=\"Mr\" checked=\"checked\" \/><span class=\"wpcf7-list-item-label\">Mr<\/span><\/span><span class=\"wpcf7-list-item\"><input type=\"radio\" name=\"gender\" value=\"Mrs\" \/><span class=\"wpcf7-list-item-label\">Mrs<\/span><\/span><span class=\"wpcf7-list-item\"><input type=\"radio\" name=\"gender\" value=\"Miss\" \/><span class=\"wpcf7-list-item-label\">Miss<\/span><\/span><span class=\"wpcf7-list-item\"><input type=\"radio\" name=\"gender\" value=\"Master\" \/><span class=\"wpcf7-list-item-label\">Master<\/span><\/span><span class=\"wpcf7-list-item\"><input type=\"radio\" name=\"gender\" value=\"Dr\" \/><span class=\"wpcf7-list-item-label\">Dr<\/span><\/span><span class=\"wpcf7-list-item\"><input type=\"radio\" name=\"gender\" value=\"Lord\" \/><span class=\"wpcf7-list-item-label\">Lord<\/span><\/span><span class=\"wpcf7-list-item\"><input type=\"radio\" name=\"gender\" value=\"lady\" \/><span class=\"wpcf7-list-item-label\">lady<\/span><\/span><span class=\"wpcf7-list-item\"><input type=\"radio\" name=\"gender\" value=\"Rev\" \/><span class=\"wpcf7-list-item-label\">Rev<\/span><\/span><span class=\"wpcf7-list-item\"><input type=\"radio\" name=\"gender\" value=\"Prof\" \/><span class=\"wpcf7-list-item-label\">Prof<\/span><\/span><span class=\"wpcf7-list-item\"><input type=\"radio\" name=\"gender\" value=\"Capt\" \/><span class=\"wpcf7-list-item-label\">Capt<\/span><\/span><span class=\"wpcf7-list-item last\"><input type=\"radio\" name=\"gender\" value=\"Sir\" \/><span class=\"wpcf7-list-item-label\">Sir<\/span><\/span><\/span><\/span>\n<\/p>\n<p style=\"text-align: left;\"><strong><span style=\"color: #f07d22;\">Votre pr\u00e9nom<\/span><\/strong> (obligatoire)\n<\/p>\n<p><span class=\"wpcf7-form-control-wrap\" data-name=\"your-first-name\"><input size=\"40\" maxlength=\"400\" class=\"wpcf7-form-control wpcf7-text wpcf7-validates-as-required\" aria-required=\"true\" aria-invalid=\"false\" value=\"\" type=\"text\" name=\"your-first-name\" \/><\/span>\n<\/p>\n<p style=\"text-align: left;\"><strong><span style=\"color: #f07d22;\">Votre nom de famille<\/span><\/strong> (obligatoire)\n<\/p>\n<p><span class=\"wpcf7-form-control-wrap\" data-name=\"your-last-name\"><input size=\"40\" maxlength=\"400\" class=\"wpcf7-form-control wpcf7-text wpcf7-validates-as-required\" aria-required=\"true\" aria-invalid=\"false\" value=\"\" type=\"text\" name=\"your-last-name\" \/><\/span>\n<\/p>\n<p style=\"text-align: left;\"><strong><span style=\"color: #f07d22;\">Votre Email<\/span><\/strong> (obligatoire)\n<\/p>\n<p><span class=\"wpcf7-form-control-wrap\" data-name=\"your-email\"><input size=\"40\" maxlength=\"400\" class=\"wpcf7-form-control wpcf7-email wpcf7-validates-as-required wpcf7-text wpcf7-validates-as-email\" aria-required=\"true\" aria-invalid=\"false\" value=\"\" type=\"email\" name=\"your-email\" \/><\/span>\n<\/p>\n<p style=\"text-align: left;\"><strong><span style=\"color: #f07d22;\">Votre num\u00e9ro de mobile<\/span><\/strong> (obligatoire)\n<\/p>\n<p><span class=\"wpcf7-form-control-wrap\" data-name=\"mobile_number\"><input size=\"40\" maxlength=\"400\" class=\"wpcf7-form-control wpcf7-tel wpcf7-validates-as-required wpcf7-text wpcf7-validates-as-tel\" aria-required=\"true\" aria-invalid=\"false\" value=\"\" type=\"tel\" name=\"mobile_number\" \/><\/span>\n<\/p>\n<p style=\"text-align: left;\"><strong><span style=\"color: #f07d22;\">Si vous \u00eates d\u00e9j\u00e0 venus dans l'un de nos h\u00f4tels, pourriez-vous nous indiquer lequel\/lesquels?<\/span><br \/>\n<span class=\"wpcf7-form-control-wrap\" data-name=\"Already_guest\"><span class=\"wpcf7-form-control wpcf7-checkbox\"><span class=\"wpcf7-list-item first\"><input type=\"checkbox\" name=\"Already_guest[]\" value=\"Dune Eco Village &amp; Spa\" \/><span class=\"wpcf7-list-item-label\">Dune Eco Village &amp; Spa<\/span><\/span><span class=\"wpcf7-list-item\"><input type=\"checkbox\" name=\"Already_guest[]\" value=\"Dune Mansion Calv\u00e9\" \/><span class=\"wpcf7-list-item-label\">Dune Mansion Calv\u00e9<\/span><\/span><span class=\"wpcf7-list-item\"><input type=\"checkbox\" name=\"Already_guest[]\" value=\"Dune de L&#039;Orient\" \/><span class=\"wpcf7-list-item-label\">Dune de L&#039;Orient<\/span><\/span><span class=\"wpcf7-list-item\"><input type=\"checkbox\" name=\"Already_guest[]\" value=\"Tanjore Hi Hotel\" \/><span class=\"wpcf7-list-item-label\">Tanjore Hi Hotel<\/span><\/span><span class=\"wpcf7-list-item\"><input type=\"checkbox\" name=\"Already_guest[]\" value=\"Elephant Valley Hotel\" \/><span class=\"wpcf7-list-item-label\">Elephant Valley Hotel<\/span><\/span><span class=\"wpcf7-list-item\"><input type=\"checkbox\" name=\"Already_guest[]\" value=\"Dune Barr Hotel - Verandah In Thee Forest\" \/><span class=\"wpcf7-list-item-label\">Dune Barr Hotel - Verandah In Thee Forest<\/span><\/span><span class=\"wpcf7-list-item\"><input type=\"checkbox\" name=\"Already_guest[]\" value=\"Turtle Eco Beach Hotel\" \/><span class=\"wpcf7-list-item-label\">Turtle Eco Beach Hotel<\/span><\/span><span class=\"wpcf7-list-item\"><input type=\"checkbox\" name=\"Already_guest[]\" value=\"Dune Mawar Villa\" \/><span class=\"wpcf7-list-item-label\">Dune Mawar Villa<\/span><\/span><span class=\"wpcf7-list-item last\"><input type=\"checkbox\" name=\"Already_guest[]\" value=\"Dune Alaya Yoga Hotel\" \/><span class=\"wpcf7-list-item-label\">Dune Alaya Yoga Hotel<\/span><\/span><\/span><\/span><\/strong>\n<\/p>\n<p style=\"text-align: left;\"><strong><span style=\"color: #f07d22;\">Quand pensez vous arriver<\/span><\/strong>?\n<\/p>\n<p><span class=\"wpcf7-form-control-wrap\" data-name=\"arrival-date\"><input class=\"wpcf7-form-control wpcf7-date wpcf7-validates-as-date\" step=\"1\" aria-invalid=\"false\" value=\"\" type=\"date\" name=\"arrival-date\" \/><\/span>\n<\/p>\n<p style=\"text-align: left;\"><strong><span style=\"color: #f07d22;\">Quand pensez-vous repartir?<\/span><\/strong>\n<\/p>\n<p><span class=\"wpcf7-form-control-wrap\" data-name=\"departure-date\"><input class=\"wpcf7-form-control wpcf7-date wpcf7-validates-as-date\" aria-invalid=\"false\" value=\"\" type=\"date\" name=\"departure-date\" \/><\/span>\n<\/p>\n<p style=\"text-align: left;\"><strong><span style=\"color: #f07d22;\">Combien serez-vous d'adultes<\/span><\/strong> (plus de 18 ans)?<span class=\"wpcf7-form-control-wrap\" data-name=\"nb-adults\"><input class=\"wpcf7-form-control wpcf7-number wpcf7-validates-as-number\" min=\"1\" aria-invalid=\"false\" value=\"1\" type=\"number\" name=\"nb-adults\" \/><\/span>\n<\/p>\n<p style=\"text-align: left;\"><strong><span style=\"color: #f07d22;\">Combien d'adolescents<\/span><\/strong> (de 10 \u00e0 17 ans inclus)? <span class=\"wpcf7-form-control-wrap\" data-name=\"nb-teenagers\"><input class=\"wpcf7-form-control wpcf7-number wpcf7-validates-as-number\" min=\"0\" aria-invalid=\"false\" value=\"0\" type=\"number\" name=\"nb-teenagers\" \/><\/span>\n<\/p>\n<p style=\"text-align: left;\"><strong><span style=\"color: #f07d22;\">Combien de jeunes enfants<\/span><\/strong> (de 5 \u00e0 9 ans inclus)? <span class=\"wpcf7-form-control-wrap\" data-name=\"nb-chidren\"><input class=\"wpcf7-form-control wpcf7-number wpcf7-validates-as-number\" min=\"0\" aria-invalid=\"false\" value=\"0\" type=\"number\" name=\"nb-chidren\" \/><\/span>\n<\/p>\n<p style=\"text-align: left;\"><strong><span style=\"color: #f07d22;\">Combien de b\u00e9b\u00e9s<\/span><\/strong> (Moins de 5 ans)? <span class=\"wpcf7-form-control-wrap\" data-name=\"nb-babies\"><input class=\"wpcf7-form-control wpcf7-number wpcf7-validates-as-number\" min=\"0\" aria-invalid=\"false\" value=\"0\" type=\"number\" name=\"nb-babies\" \/><\/span>\n<\/p>\n<p style=\"text-align: left;\"><strong><span style=\"color: #f07d22;\">subject<\/span><\/strong>\n<\/p>\n<p><span class=\"wpcf7-form-control-wrap\" data-name=\"your-subject\"><input size=\"40\" maxlength=\"400\" class=\"wpcf7-form-control wpcf7-text\" aria-invalid=\"false\" value=\"\" type=\"text\" name=\"your-subject\" \/><\/span>\n<\/p>\n<p style=\"text-align: left;\"><strong><span style=\"color: #f07d22;\">Zone de Message<\/span><\/strong>\n<\/p>\n<p><span class=\"wpcf7-form-control-wrap\" data-name=\"your-message\"><textarea cols=\"40\" rows=\"10\" maxlength=\"2000\" class=\"wpcf7-form-control wpcf7-textarea\" aria-invalid=\"false\" placeholder=\"D\u00e9crivez ici le contenu de votre demande\" name=\"your-message\"><\/textarea><\/span>\n<\/p>\n\n<p style=\"text-align: left;\"><input class=\"wpcf7-form-control wpcf7-submit has-spinner\" type=\"submit\" value=\"Envoyer\" \/>\n<\/p><div class=\"wpcf7-response-output\" aria-hidden=\"true\"><\/div>\n<\/form>\n<\/div>\n\n","protected":false},"excerpt":{"rendered":"","protected":false},"author":4,"featured_media":0,"parent":1427,"menu_order":1,"comment_status":"closed","ping_status":"closed","template":"","meta":{"_acf_changed":false,"footnotes":""},"class_list":["post-515","page","type-page","status-publish","hentry"],"acf":[],"yoast_head":"<!-- This site is optimized with the Yoast SEO Premium plugin v27.1 (Yoast SEO v27.1.1) - https:\/\/yoast.com\/product\/yoast-seo-premium-wordpress\/ -->\n<title>Formulaire de contact \u22c6 Dune de l\\&#039;Orient at Puducherry<\/title>\n<meta name=\"description\" content=\"\u2014La m\u00e9ta description n\u2019est pas d\u00e9finie.\" \/>\n<meta name=\"robots\" content=\"noindex, follow\" \/>\n<meta property=\"og:locale\" content=\"en_US\" \/>\n<meta property=\"og:type\" content=\"article\" \/>\n<meta property=\"og:title\" content=\"Formulaire de contact\" \/>\n<meta property=\"og:description\" content=\"\u2014La m\u00e9ta description n\u2019est pas d\u00e9finie.\" \/>\n<meta property=\"og:url\" content=\"https:\/\/dunewellnessgroup.com\/dune-orient\/fr\/hotel-pondichery\/formulaire-de-contact\/\" \/>\n<meta property=\"og:site_name\" content=\"Dune de l&#039;Orient at Puducherry\" \/>\n<meta property=\"article:publisher\" content=\"https:\/\/www.facebook.com\/search\/top\/?q=dune%20de%20l%27orient\" \/>\n<meta property=\"article:modified_time\" content=\"2019-05-01T08:29:29+00:00\" \/>\n<meta property=\"og:image\" content=\"http:\/\/dunewellnessgroup.com\/wp-content\/uploads\/sites\/61\/2017\/11\/DUNEdelorient.png\" \/>\n\t<meta property=\"og:image:width\" content=\"1000\" \/>\n\t<meta property=\"og:image:height\" content=\"1000\" \/>\n\t<meta property=\"og:image:type\" content=\"image\/png\" \/>\n<meta name=\"twitter:card\" content=\"summary_large_image\" \/>\n<script type=\"application\/ld+json\" class=\"yoast-schema-graph\">{\"@context\":\"https:\/\/schema.org\",\"@graph\":[{\"@type\":\"WebPage\",\"@id\":\"https:\/\/dunewellnessgroup.com\/dune-orient\/fr\/hotel-pondichery\/formulaire-de-contact\/\",\"url\":\"https:\/\/dunewellnessgroup.com\/dune-orient\/fr\/hotel-pondichery\/formulaire-de-contact\/\",\"name\":\"Formulaire de contact \u22c6 Dune de l\\\\'Orient at Puducherry\",\"isPartOf\":{\"@id\":\"https:\/\/dunewellnessgroup.com\/dune-orient\/#website\"},\"datePublished\":\"2017-07-19T11:12:11+00:00\",\"dateModified\":\"2019-05-01T08:29:29+00:00\",\"description\":\"\u2014La m\u00e9ta description n\u2019est pas d\u00e9finie.\",\"breadcrumb\":{\"@id\":\"https:\/\/dunewellnessgroup.com\/dune-orient\/fr\/hotel-pondichery\/formulaire-de-contact\/#breadcrumb\"},\"inLanguage\":\"en-US\",\"potentialAction\":[{\"@type\":\"ReadAction\",\"target\":[\"https:\/\/dunewellnessgroup.com\/dune-orient\/fr\/hotel-pondichery\/formulaire-de-contact\/\"]}]},{\"@type\":\"BreadcrumbList\",\"@id\":\"https:\/\/dunewellnessgroup.com\/dune-orient\/fr\/hotel-pondichery\/formulaire-de-contact\/#breadcrumb\",\"itemListElement\":[{\"@type\":\"ListItem\",\"position\":1,\"name\":\"Home\",\"item\":\"https:\/\/dunewellnessgroup.com\/dune-orient\/\"},{\"@type\":\"ListItem\",\"position\":2,\"name\":\"H\u00f4tel Pondich\u00e9ry (CATEGORIE)\",\"item\":\"https:\/\/dunewellnessgroup.com\/dune-orient\/fr\/hotel-pondichery\/\"},{\"@type\":\"ListItem\",\"position\":3,\"name\":\"Formulaire de contact\"}]},{\"@type\":\"WebSite\",\"@id\":\"https:\/\/dunewellnessgroup.com\/dune-orient\/#website\",\"url\":\"https:\/\/dunewellnessgroup.com\/dune-orient\/\",\"name\":\"Dune de l&#039;Orient at Puducherry\",\"description\":\"Just another Dune Wellness Group site\",\"potentialAction\":[{\"@type\":\"SearchAction\",\"target\":{\"@type\":\"EntryPoint\",\"urlTemplate\":\"https:\/\/dunewellnessgroup.com\/dune-orient\/?s={search_term_string}\"},\"query-input\":{\"@type\":\"PropertyValueSpecification\",\"valueRequired\":true,\"valueName\":\"search_term_string\"}}],\"inLanguage\":\"en-US\"}]}<\/script>\n<!-- \/ Yoast SEO Premium plugin. -->","yoast_head_json":{"title":"Formulaire de contact \u22c6 Dune de l\\'Orient at Puducherry","description":"\u2014La m\u00e9ta description n\u2019est pas d\u00e9finie.","robots":{"index":"noindex","follow":"follow"},"og_locale":"en_US","og_type":"article","og_title":"Formulaire de contact","og_description":"\u2014La m\u00e9ta description n\u2019est pas d\u00e9finie.","og_url":"https:\/\/dunewellnessgroup.com\/dune-orient\/fr\/hotel-pondichery\/formulaire-de-contact\/","og_site_name":"Dune de l&#039;Orient at Puducherry","article_publisher":"https:\/\/www.facebook.com\/search\/top\/?q=dune%20de%20l%27orient","article_modified_time":"2019-05-01T08:29:29+00:00","og_image":[{"width":1000,"height":1000,"url":"http:\/\/dunewellnessgroup.com\/wp-content\/uploads\/sites\/61\/2017\/11\/DUNEdelorient.png","type":"image\/png"}],"twitter_card":"summary_large_image","schema":{"@context":"https:\/\/schema.org","@graph":[{"@type":"WebPage","@id":"https:\/\/dunewellnessgroup.com\/dune-orient\/fr\/hotel-pondichery\/formulaire-de-contact\/","url":"https:\/\/dunewellnessgroup.com\/dune-orient\/fr\/hotel-pondichery\/formulaire-de-contact\/","name":"Formulaire de contact \u22c6 Dune de l\\'Orient at Puducherry","isPartOf":{"@id":"https:\/\/dunewellnessgroup.com\/dune-orient\/#website"},"datePublished":"2017-07-19T11:12:11+00:00","dateModified":"2019-05-01T08:29:29+00:00","description":"\u2014La m\u00e9ta description n\u2019est pas d\u00e9finie.","breadcrumb":{"@id":"https:\/\/dunewellnessgroup.com\/dune-orient\/fr\/hotel-pondichery\/formulaire-de-contact\/#breadcrumb"},"inLanguage":"en-US","potentialAction":[{"@type":"ReadAction","target":["https:\/\/dunewellnessgroup.com\/dune-orient\/fr\/hotel-pondichery\/formulaire-de-contact\/"]}]},{"@type":"BreadcrumbList","@id":"https:\/\/dunewellnessgroup.com\/dune-orient\/fr\/hotel-pondichery\/formulaire-de-contact\/#breadcrumb","itemListElement":[{"@type":"ListItem","position":1,"name":"Home","item":"https:\/\/dunewellnessgroup.com\/dune-orient\/"},{"@type":"ListItem","position":2,"name":"H\u00f4tel Pondich\u00e9ry (CATEGORIE)","item":"https:\/\/dunewellnessgroup.com\/dune-orient\/fr\/hotel-pondichery\/"},{"@type":"ListItem","position":3,"name":"Formulaire de contact"}]},{"@type":"WebSite","@id":"https:\/\/dunewellnessgroup.com\/dune-orient\/#website","url":"https:\/\/dunewellnessgroup.com\/dune-orient\/","name":"Dune de l&#039;Orient at Puducherry","description":"Just another Dune Wellness Group site","potentialAction":[{"@type":"SearchAction","target":{"@type":"EntryPoint","urlTemplate":"https:\/\/dunewellnessgroup.com\/dune-orient\/?s={search_term_string}"},"query-input":{"@type":"PropertyValueSpecification","valueRequired":true,"valueName":"search_term_string"}}],"inLanguage":"en-US"}]}},"_links":{"self":[{"href":"http:\/\/dunewellnessgroup.com\/dune-orient\/wp-json\/wp\/v2\/pages\/515","targetHints":{"allow":["GET"]}}],"collection":[{"href":"http:\/\/dunewellnessgroup.com\/dune-orient\/wp-json\/wp\/v2\/pages"}],"about":[{"href":"http:\/\/dunewellnessgroup.com\/dune-orient\/wp-json\/wp\/v2\/types\/page"}],"author":[{"embeddable":true,"href":"http:\/\/dunewellnessgroup.com\/dune-orient\/wp-json\/wp\/v2\/users\/4"}],"replies":[{"embeddable":true,"href":"http:\/\/dunewellnessgroup.com\/dune-orient\/wp-json\/wp\/v2\/comments?post=515"}],"version-history":[{"count":2,"href":"http:\/\/dunewellnessgroup.com\/dune-orient\/wp-json\/wp\/v2\/pages\/515\/revisions"}],"predecessor-version":[{"id":1413,"href":"http:\/\/dunewellnessgroup.com\/dune-orient\/wp-json\/wp\/v2\/pages\/515\/revisions\/1413"}],"up":[{"embeddable":true,"href":"http:\/\/dunewellnessgroup.com\/dune-orient\/wp-json\/wp\/v2\/pages\/1427"}],"wp:attachment":[{"href":"http:\/\/dunewellnessgroup.com\/dune-orient\/wp-json\/wp\/v2\/media?parent=515"}],"curies":[{"name":"wp","href":"https:\/\/api.w.org\/{rel}","templated":true}]}}