{"id":681,"date":"2017-11-14T08:03:51","date_gmt":"2017-11-14T08:03:51","guid":{"rendered":"http:\/\/dunewellnessgroup.com\/dune-orient-hotel-puducherry-tamil-nadu-india\/accomodations\/"},"modified":"2019-04-29T22:20:47","modified_gmt":"2019-04-29T22:20:47","slug":"chambres","status":"publish","type":"page","link":"http:\/\/dunewellnessgroup.com\/dune-orient\/hotel-pondichery\/chambres\/","title":{"rendered":"Chambres"},"content":{"rendered":"","protected":false},"excerpt":{"rendered":"","protected":false},"author":4,"featured_media":1281,"parent":1427,"menu_order":1,"comment_status":"closed","ping_status":"closed","template":"","meta":{"_acf_changed":false,"footnotes":""},"class_list":["post-681","page","type-page","status-publish","has-post-thumbnail","hentry"],"acf":[],"yoast_head":"<!-- This site is optimized with the Yoast SEO Premium plugin v27.1 (Yoast SEO v27.1.1) - https:\/\/yoast.com\/product\/yoast-seo-premium-wordpress\/ -->\n<title>Bookez une chambre au Dune Orient Hotel - H\u00f4tel Pondichery<\/title>\n<meta name=\"description\" content=\"Vous souhaitez r\u00e9server un h\u00f4tel \u00e0 Pondichery ? Dune Orient Hotel vous accueille pour votre s\u00e9jour \u00e0 Pondichery en Inde du Sud\" \/>\n<meta name=\"robots\" content=\"index, follow, max-snippet:-1, max-image-preview:large, max-video-preview:-1\" \/>\n<link rel=\"canonical\" href=\"https:\/\/dunewellnessgroup.com\/dune-orient\/fr\/hotel-pondichery\/chambres\/\" \/>\n<meta property=\"og:locale\" content=\"en_US\" \/>\n<meta property=\"og:type\" content=\"article\" \/>\n<meta property=\"og:title\" content=\"Chambres\" \/>\n<meta property=\"og:description\" content=\"Vous souhaitez r\u00e9server un h\u00f4tel \u00e0 Pondichery ? Dune Orient Hotel vous accueille pour votre s\u00e9jour \u00e0 Pondichery en Inde du Sud\" \/>\n<meta property=\"og:url\" content=\"https:\/\/dunewellnessgroup.com\/dune-orient\/fr\/hotel-pondichery\/chambres\/\" \/>\n<meta property=\"og:site_name\" content=\"Dune de l&#039;Orient at Puducherry\" \/>\n<meta property=\"article:publisher\" content=\"https:\/\/www.facebook.com\/search\/top\/?q=dune%20de%20l%27orient\" \/>\n<meta property=\"article:modified_time\" content=\"2019-04-29T22:20:47+00:00\" \/>\n<meta property=\"og:image\" content=\"https:\/\/dunewellnessgroup.com\/wp-content\/uploads\/sites\/61\/2017\/12\/Heritage-Sup-2.jpg\" \/>\n\t<meta property=\"og:image:width\" content=\"1200\" \/>\n\t<meta property=\"og:image:height\" content=\"610\" \/>\n\t<meta property=\"og:image:type\" content=\"image\/jpeg\" \/>\n<meta name=\"twitter:card\" content=\"summary_large_image\" \/>\n<script type=\"application\/ld+json\" class=\"yoast-schema-graph\">{\"@context\":\"https:\/\/schema.org\",\"@graph\":[{\"@type\":\"WebPage\",\"@id\":\"https:\/\/dunewellnessgroup.com\/dune-orient\/fr\/hotel-pondichery\/chambres\/\",\"url\":\"https:\/\/dunewellnessgroup.com\/dune-orient\/fr\/hotel-pondichery\/chambres\/\",\"name\":\"Bookez une chambre au Dune Orient Hotel - H\u00f4tel Pondichery\",\"isPartOf\":{\"@id\":\"https:\/\/dunewellnessgroup.com\/dune-orient\/#website\"},\"primaryImageOfPage\":{\"@id\":\"https:\/\/dunewellnessgroup.com\/dune-orient\/fr\/hotel-pondichery\/chambres\/#primaryimage\"},\"image\":{\"@id\":\"https:\/\/dunewellnessgroup.com\/dune-orient\/fr\/hotel-pondichery\/chambres\/#primaryimage\"},\"thumbnailUrl\":\"http:\/\/dunewellnessgroup.com\/wp-content\/uploads\/sites\/61\/2017\/12\/Heritage-Sup-2.jpg\",\"datePublished\":\"2017-11-14T08:03:51+00:00\",\"dateModified\":\"2019-04-29T22:20:47+00:00\",\"description\":\"Vous souhaitez r\u00e9server un h\u00f4tel \u00e0 Pondichery ? Dune Orient Hotel vous accueille pour votre s\u00e9jour \u00e0 Pondichery en Inde du Sud\",\"breadcrumb\":{\"@id\":\"https:\/\/dunewellnessgroup.com\/dune-orient\/fr\/hotel-pondichery\/chambres\/#breadcrumb\"},\"inLanguage\":\"en-US\",\"potentialAction\":[{\"@type\":\"ReadAction\",\"target\":[\"https:\/\/dunewellnessgroup.com\/dune-orient\/fr\/hotel-pondichery\/chambres\/\"]}]},{\"@type\":\"ImageObject\",\"inLanguage\":\"en-US\",\"@id\":\"https:\/\/dunewellnessgroup.com\/dune-orient\/fr\/hotel-pondichery\/chambres\/#primaryimage\",\"url\":\"http:\/\/dunewellnessgroup.com\/wp-content\/uploads\/sites\/61\/2017\/12\/Heritage-Sup-2.jpg\",\"contentUrl\":\"http:\/\/dunewellnessgroup.com\/wp-content\/uploads\/sites\/61\/2017\/12\/Heritage-Sup-2.jpg\",\"width\":1200,\"height\":610},{\"@type\":\"BreadcrumbList\",\"@id\":\"https:\/\/dunewellnessgroup.com\/dune-orient\/fr\/hotel-pondichery\/chambres\/#breadcrumb\",\"itemListElement\":[{\"@type\":\"ListItem\",\"position\":1,\"name\":\"Home\",\"item\":\"https:\/\/dunewellnessgroup.com\/dune-orient\/\"},{\"@type\":\"ListItem\",\"position\":2,\"name\":\"H\u00f4tel Pondich\u00e9ry (CATEGORIE)\",\"item\":\"https:\/\/dunewellnessgroup.com\/dune-orient\/fr\/hotel-pondichery\/\"},{\"@type\":\"ListItem\",\"position\":3,\"name\":\"Chambres\"}]},{\"@type\":\"WebSite\",\"@id\":\"https:\/\/dunewellnessgroup.com\/dune-orient\/#website\",\"url\":\"https:\/\/dunewellnessgroup.com\/dune-orient\/\",\"name\":\"Dune de l&#039;Orient at Puducherry\",\"description\":\"Just another Dune Wellness Group site\",\"potentialAction\":[{\"@type\":\"SearchAction\",\"target\":{\"@type\":\"EntryPoint\",\"urlTemplate\":\"https:\/\/dunewellnessgroup.com\/dune-orient\/?s={search_term_string}\"},\"query-input\":{\"@type\":\"PropertyValueSpecification\",\"valueRequired\":true,\"valueName\":\"search_term_string\"}}],\"inLanguage\":\"en-US\"}]}<\/script>\n<!-- \/ Yoast SEO Premium plugin. -->","yoast_head_json":{"title":"Bookez une chambre au Dune Orient Hotel - H\u00f4tel Pondichery","description":"Vous souhaitez r\u00e9server un h\u00f4tel \u00e0 Pondichery ? Dune Orient Hotel vous accueille pour votre s\u00e9jour \u00e0 Pondichery en Inde du Sud","robots":{"index":"index","follow":"follow","max-snippet":"max-snippet:-1","max-image-preview":"max-image-preview:large","max-video-preview":"max-video-preview:-1"},"canonical":"https:\/\/dunewellnessgroup.com\/dune-orient\/fr\/hotel-pondichery\/chambres\/","og_locale":"en_US","og_type":"article","og_title":"Chambres","og_description":"Vous souhaitez r\u00e9server un h\u00f4tel \u00e0 Pondichery ? Dune Orient Hotel vous accueille pour votre s\u00e9jour \u00e0 Pondichery en Inde du Sud","og_url":"https:\/\/dunewellnessgroup.com\/dune-orient\/fr\/hotel-pondichery\/chambres\/","og_site_name":"Dune de l&#039;Orient at Puducherry","article_publisher":"https:\/\/www.facebook.com\/search\/top\/?q=dune%20de%20l%27orient","article_modified_time":"2019-04-29T22:20:47+00:00","og_image":[{"width":1200,"height":610,"url":"https:\/\/dunewellnessgroup.com\/wp-content\/uploads\/sites\/61\/2017\/12\/Heritage-Sup-2.jpg","type":"image\/jpeg"}],"twitter_card":"summary_large_image","schema":{"@context":"https:\/\/schema.org","@graph":[{"@type":"WebPage","@id":"https:\/\/dunewellnessgroup.com\/dune-orient\/fr\/hotel-pondichery\/chambres\/","url":"https:\/\/dunewellnessgroup.com\/dune-orient\/fr\/hotel-pondichery\/chambres\/","name":"Bookez une chambre au Dune Orient Hotel - H\u00f4tel Pondichery","isPartOf":{"@id":"https:\/\/dunewellnessgroup.com\/dune-orient\/#website"},"primaryImageOfPage":{"@id":"https:\/\/dunewellnessgroup.com\/dune-orient\/fr\/hotel-pondichery\/chambres\/#primaryimage"},"image":{"@id":"https:\/\/dunewellnessgroup.com\/dune-orient\/fr\/hotel-pondichery\/chambres\/#primaryimage"},"thumbnailUrl":"http:\/\/dunewellnessgroup.com\/wp-content\/uploads\/sites\/61\/2017\/12\/Heritage-Sup-2.jpg","datePublished":"2017-11-14T08:03:51+00:00","dateModified":"2019-04-29T22:20:47+00:00","description":"Vous souhaitez r\u00e9server un h\u00f4tel \u00e0 Pondichery ? Dune Orient Hotel vous accueille pour votre s\u00e9jour \u00e0 Pondichery en Inde du Sud","breadcrumb":{"@id":"https:\/\/dunewellnessgroup.com\/dune-orient\/fr\/hotel-pondichery\/chambres\/#breadcrumb"},"inLanguage":"en-US","potentialAction":[{"@type":"ReadAction","target":["https:\/\/dunewellnessgroup.com\/dune-orient\/fr\/hotel-pondichery\/chambres\/"]}]},{"@type":"ImageObject","inLanguage":"en-US","@id":"https:\/\/dunewellnessgroup.com\/dune-orient\/fr\/hotel-pondichery\/chambres\/#primaryimage","url":"http:\/\/dunewellnessgroup.com\/wp-content\/uploads\/sites\/61\/2017\/12\/Heritage-Sup-2.jpg","contentUrl":"http:\/\/dunewellnessgroup.com\/wp-content\/uploads\/sites\/61\/2017\/12\/Heritage-Sup-2.jpg","width":1200,"height":610},{"@type":"BreadcrumbList","@id":"https:\/\/dunewellnessgroup.com\/dune-orient\/fr\/hotel-pondichery\/chambres\/#breadcrumb","itemListElement":[{"@type":"ListItem","position":1,"name":"Home","item":"https:\/\/dunewellnessgroup.com\/dune-orient\/"},{"@type":"ListItem","position":2,"name":"H\u00f4tel Pondich\u00e9ry (CATEGORIE)","item":"https:\/\/dunewellnessgroup.com\/dune-orient\/fr\/hotel-pondichery\/"},{"@type":"ListItem","position":3,"name":"Chambres"}]},{"@type":"WebSite","@id":"https:\/\/dunewellnessgroup.com\/dune-orient\/#website","url":"https:\/\/dunewellnessgroup.com\/dune-orient\/","name":"Dune de l&#039;Orient at Puducherry","description":"Just another Dune Wellness Group site","potentialAction":[{"@type":"SearchAction","target":{"@type":"EntryPoint","urlTemplate":"https:\/\/dunewellnessgroup.com\/dune-orient\/?s={search_term_string}"},"query-input":{"@type":"PropertyValueSpecification","valueRequired":true,"valueName":"search_term_string"}}],"inLanguage":"en-US"}]}},"_links":{"self":[{"href":"http:\/\/dunewellnessgroup.com\/dune-orient\/wp-json\/wp\/v2\/pages\/681","targetHints":{"allow":["GET"]}}],"collection":[{"href":"http:\/\/dunewellnessgroup.com\/dune-orient\/wp-json\/wp\/v2\/pages"}],"about":[{"href":"http:\/\/dunewellnessgroup.com\/dune-orient\/wp-json\/wp\/v2\/types\/page"}],"author":[{"embeddable":true,"href":"http:\/\/dunewellnessgroup.com\/dune-orient\/wp-json\/wp\/v2\/users\/4"}],"replies":[{"embeddable":true,"href":"http:\/\/dunewellnessgroup.com\/dune-orient\/wp-json\/wp\/v2\/comments?post=681"}],"version-history":[{"count":0,"href":"http:\/\/dunewellnessgroup.com\/dune-orient\/wp-json\/wp\/v2\/pages\/681\/revisions"}],"up":[{"embeddable":true,"href":"http:\/\/dunewellnessgroup.com\/dune-orient\/wp-json\/wp\/v2\/pages\/1427"}],"wp:featuredmedia":[{"embeddable":true,"href":"http:\/\/dunewellnessgroup.com\/dune-orient\/wp-json\/wp\/v2\/media\/1281"}],"wp:attachment":[{"href":"http:\/\/dunewellnessgroup.com\/dune-orient\/wp-json\/wp\/v2\/media?parent=681"}],"curies":[{"name":"wp","href":"https:\/\/api.w.org\/{rel}","templated":true}]}}