{"id":689,"date":"2017-07-19T12:35:19","date_gmt":"2017-07-19T12:35:19","guid":{"rendered":"http:\/\/dunewellnessgroup.com\/dune-mansion-calve-hotel\/?page_id=521"},"modified":"2019-05-01T08:28:13","modified_gmt":"2019-05-01T08:28:13","slug":"nous-joindre-pour-faciliter-votre-sejour","status":"publish","type":"page","link":"http:\/\/dunewellnessgroup.com\/dune-orient\/hotel-pondichery\/nous-joindre-pour-faciliter-votre-sejour\/","title":{"rendered":"Nous joindre"},"content":{"rendered":"","protected":false},"excerpt":{"rendered":"","protected":false},"author":4,"featured_media":1234,"parent":1427,"menu_order":1,"comment_status":"closed","ping_status":"closed","template":"","meta":{"_acf_changed":false,"footnotes":""},"class_list":["post-689","page","type-page","status-publish","has-post-thumbnail","hentry"],"acf":[],"yoast_head":"<!-- This site is optimized with the Yoast SEO Premium plugin v27.1 (Yoast SEO v27.1.1) - https:\/\/yoast.com\/product\/yoast-seo-premium-wordpress\/ -->\n<title>Nous joindre \u22c6 Dune de l\\&#039;Orient at Puducherry<\/title>\n<meta name=\"description\" content=\"Vous \u00eates sur la bonne page pour trouver comment nous joindre. Nous sommes \u00e0 votre disposition pour s&#039;occuper de vous et rendre votre s\u00e9jour agr\u00e9able\" \/>\n<meta name=\"robots\" content=\"noindex, follow\" \/>\n<meta property=\"og:locale\" content=\"en_US\" \/>\n<meta property=\"og:type\" content=\"article\" \/>\n<meta property=\"og:title\" content=\"Nous joindre\" \/>\n<meta property=\"og:description\" content=\"Vous \u00eates sur la bonne page pour trouver comment nous joindre. Nous sommes \u00e0 votre disposition pour s&#039;occuper de vous et rendre votre s\u00e9jour agr\u00e9able\" \/>\n<meta property=\"og:url\" content=\"https:\/\/dunewellnessgroup.com\/dune-orient\/hotel-pondichery\/nous-joindre-pour-faciliter-votre-sejour\/\" \/>\n<meta property=\"og:site_name\" content=\"Dune de l&#039;Orient at Puducherry\" \/>\n<meta property=\"article:publisher\" content=\"https:\/\/www.facebook.com\/search\/top\/?q=dune%20de%20l%27orient\" \/>\n<meta property=\"article:modified_time\" content=\"2019-05-01T08:28:13+00:00\" \/>\n<meta property=\"og:image\" content=\"https:\/\/dunewellnessgroup.com\/wp-content\/uploads\/sites\/61\/2017\/12\/reception-namaste.jpg\" \/>\n\t<meta property=\"og:image:width\" content=\"640\" \/>\n\t<meta property=\"og:image:height\" content=\"429\" \/>\n\t<meta property=\"og:image:type\" content=\"image\/jpeg\" \/>\n<meta name=\"twitter:card\" content=\"summary_large_image\" \/>\n<script type=\"application\/ld+json\" class=\"yoast-schema-graph\">{\"@context\":\"https:\/\/schema.org\",\"@graph\":[{\"@type\":\"WebPage\",\"@id\":\"https:\/\/dunewellnessgroup.com\/dune-orient\/hotel-pondichery\/nous-joindre-pour-faciliter-votre-sejour\/\",\"url\":\"https:\/\/dunewellnessgroup.com\/dune-orient\/hotel-pondichery\/nous-joindre-pour-faciliter-votre-sejour\/\",\"name\":\"Nous joindre \u22c6 Dune de l\\\\'Orient at Puducherry\",\"isPartOf\":{\"@id\":\"https:\/\/dunewellnessgroup.com\/dune-orient\/#website\"},\"primaryImageOfPage\":{\"@id\":\"https:\/\/dunewellnessgroup.com\/dune-orient\/hotel-pondichery\/nous-joindre-pour-faciliter-votre-sejour\/#primaryimage\"},\"image\":{\"@id\":\"https:\/\/dunewellnessgroup.com\/dune-orient\/hotel-pondichery\/nous-joindre-pour-faciliter-votre-sejour\/#primaryimage\"},\"thumbnailUrl\":\"http:\/\/dunewellnessgroup.com\/wp-content\/uploads\/sites\/61\/2017\/12\/reception-namaste.jpg\",\"datePublished\":\"2017-07-19T12:35:19+00:00\",\"dateModified\":\"2019-05-01T08:28:13+00:00\",\"description\":\"Vous \u00eates sur la bonne page pour trouver comment nous joindre. Nous sommes \u00e0 votre disposition pour s\\\\'occuper de vous et rendre votre s\u00e9jour agr\u00e9able\",\"breadcrumb\":{\"@id\":\"https:\/\/dunewellnessgroup.com\/dune-orient\/hotel-pondichery\/nous-joindre-pour-faciliter-votre-sejour\/#breadcrumb\"},\"inLanguage\":\"en-US\",\"potentialAction\":[{\"@type\":\"ReadAction\",\"target\":[\"https:\/\/dunewellnessgroup.com\/dune-orient\/hotel-pondichery\/nous-joindre-pour-faciliter-votre-sejour\/\"]}]},{\"@type\":\"ImageObject\",\"inLanguage\":\"en-US\",\"@id\":\"https:\/\/dunewellnessgroup.com\/dune-orient\/hotel-pondichery\/nous-joindre-pour-faciliter-votre-sejour\/#primaryimage\",\"url\":\"http:\/\/dunewellnessgroup.com\/wp-content\/uploads\/sites\/61\/2017\/12\/reception-namaste.jpg\",\"contentUrl\":\"http:\/\/dunewellnessgroup.com\/wp-content\/uploads\/sites\/61\/2017\/12\/reception-namaste.jpg\",\"width\":640,\"height\":429},{\"@type\":\"BreadcrumbList\",\"@id\":\"https:\/\/dunewellnessgroup.com\/dune-orient\/hotel-pondichery\/nous-joindre-pour-faciliter-votre-sejour\/#breadcrumb\",\"itemListElement\":[{\"@type\":\"ListItem\",\"position\":1,\"name\":\"Home\",\"item\":\"https:\/\/dunewellnessgroup.com\/dune-orient\/\"},{\"@type\":\"ListItem\",\"position\":2,\"name\":\"H\u00f4tel Pondich\u00e9ry (CATEGORIE)\",\"item\":\"https:\/\/dunewellnessgroup.com\/dune-orient\/fr\/hotel-pondichery\/\"},{\"@type\":\"ListItem\",\"position\":3,\"name\":\"Nous joindre\"}]},{\"@type\":\"WebSite\",\"@id\":\"https:\/\/dunewellnessgroup.com\/dune-orient\/#website\",\"url\":\"https:\/\/dunewellnessgroup.com\/dune-orient\/\",\"name\":\"Dune de l&#039;Orient at Puducherry\",\"description\":\"Just another Dune Wellness Group site\",\"potentialAction\":[{\"@type\":\"SearchAction\",\"target\":{\"@type\":\"EntryPoint\",\"urlTemplate\":\"https:\/\/dunewellnessgroup.com\/dune-orient\/?s={search_term_string}\"},\"query-input\":{\"@type\":\"PropertyValueSpecification\",\"valueRequired\":true,\"valueName\":\"search_term_string\"}}],\"inLanguage\":\"en-US\"}]}<\/script>\n<!-- \/ Yoast SEO Premium plugin. -->","yoast_head_json":{"title":"Nous joindre \u22c6 Dune de l\\'Orient at Puducherry","description":"Vous \u00eates sur la bonne page pour trouver comment nous joindre. Nous sommes \u00e0 votre disposition pour s'occuper de vous et rendre votre s\u00e9jour agr\u00e9able","robots":{"index":"noindex","follow":"follow"},"og_locale":"en_US","og_type":"article","og_title":"Nous joindre","og_description":"Vous \u00eates sur la bonne page pour trouver comment nous joindre. Nous sommes \u00e0 votre disposition pour s'occuper de vous et rendre votre s\u00e9jour agr\u00e9able","og_url":"https:\/\/dunewellnessgroup.com\/dune-orient\/hotel-pondichery\/nous-joindre-pour-faciliter-votre-sejour\/","og_site_name":"Dune de l&#039;Orient at Puducherry","article_publisher":"https:\/\/www.facebook.com\/search\/top\/?q=dune%20de%20l%27orient","article_modified_time":"2019-05-01T08:28:13+00:00","og_image":[{"width":640,"height":429,"url":"https:\/\/dunewellnessgroup.com\/wp-content\/uploads\/sites\/61\/2017\/12\/reception-namaste.jpg","type":"image\/jpeg"}],"twitter_card":"summary_large_image","schema":{"@context":"https:\/\/schema.org","@graph":[{"@type":"WebPage","@id":"https:\/\/dunewellnessgroup.com\/dune-orient\/hotel-pondichery\/nous-joindre-pour-faciliter-votre-sejour\/","url":"https:\/\/dunewellnessgroup.com\/dune-orient\/hotel-pondichery\/nous-joindre-pour-faciliter-votre-sejour\/","name":"Nous joindre \u22c6 Dune de l\\'Orient at Puducherry","isPartOf":{"@id":"https:\/\/dunewellnessgroup.com\/dune-orient\/#website"},"primaryImageOfPage":{"@id":"https:\/\/dunewellnessgroup.com\/dune-orient\/hotel-pondichery\/nous-joindre-pour-faciliter-votre-sejour\/#primaryimage"},"image":{"@id":"https:\/\/dunewellnessgroup.com\/dune-orient\/hotel-pondichery\/nous-joindre-pour-faciliter-votre-sejour\/#primaryimage"},"thumbnailUrl":"http:\/\/dunewellnessgroup.com\/wp-content\/uploads\/sites\/61\/2017\/12\/reception-namaste.jpg","datePublished":"2017-07-19T12:35:19+00:00","dateModified":"2019-05-01T08:28:13+00:00","description":"Vous \u00eates sur la bonne page pour trouver comment nous joindre. Nous sommes \u00e0 votre disposition pour s\\'occuper de vous et rendre votre s\u00e9jour agr\u00e9able","breadcrumb":{"@id":"https:\/\/dunewellnessgroup.com\/dune-orient\/hotel-pondichery\/nous-joindre-pour-faciliter-votre-sejour\/#breadcrumb"},"inLanguage":"en-US","potentialAction":[{"@type":"ReadAction","target":["https:\/\/dunewellnessgroup.com\/dune-orient\/hotel-pondichery\/nous-joindre-pour-faciliter-votre-sejour\/"]}]},{"@type":"ImageObject","inLanguage":"en-US","@id":"https:\/\/dunewellnessgroup.com\/dune-orient\/hotel-pondichery\/nous-joindre-pour-faciliter-votre-sejour\/#primaryimage","url":"http:\/\/dunewellnessgroup.com\/wp-content\/uploads\/sites\/61\/2017\/12\/reception-namaste.jpg","contentUrl":"http:\/\/dunewellnessgroup.com\/wp-content\/uploads\/sites\/61\/2017\/12\/reception-namaste.jpg","width":640,"height":429},{"@type":"BreadcrumbList","@id":"https:\/\/dunewellnessgroup.com\/dune-orient\/hotel-pondichery\/nous-joindre-pour-faciliter-votre-sejour\/#breadcrumb","itemListElement":[{"@type":"ListItem","position":1,"name":"Home","item":"https:\/\/dunewellnessgroup.com\/dune-orient\/"},{"@type":"ListItem","position":2,"name":"H\u00f4tel Pondich\u00e9ry (CATEGORIE)","item":"https:\/\/dunewellnessgroup.com\/dune-orient\/fr\/hotel-pondichery\/"},{"@type":"ListItem","position":3,"name":"Nous joindre"}]},{"@type":"WebSite","@id":"https:\/\/dunewellnessgroup.com\/dune-orient\/#website","url":"https:\/\/dunewellnessgroup.com\/dune-orient\/","name":"Dune de l&#039;Orient at Puducherry","description":"Just another Dune Wellness Group site","potentialAction":[{"@type":"SearchAction","target":{"@type":"EntryPoint","urlTemplate":"https:\/\/dunewellnessgroup.com\/dune-orient\/?s={search_term_string}"},"query-input":{"@type":"PropertyValueSpecification","valueRequired":true,"valueName":"search_term_string"}}],"inLanguage":"en-US"}]}},"_links":{"self":[{"href":"http:\/\/dunewellnessgroup.com\/dune-orient\/wp-json\/wp\/v2\/pages\/689","targetHints":{"allow":["GET"]}}],"collection":[{"href":"http:\/\/dunewellnessgroup.com\/dune-orient\/wp-json\/wp\/v2\/pages"}],"about":[{"href":"http:\/\/dunewellnessgroup.com\/dune-orient\/wp-json\/wp\/v2\/types\/page"}],"author":[{"embeddable":true,"href":"http:\/\/dunewellnessgroup.com\/dune-orient\/wp-json\/wp\/v2\/users\/4"}],"replies":[{"embeddable":true,"href":"http:\/\/dunewellnessgroup.com\/dune-orient\/wp-json\/wp\/v2\/comments?post=689"}],"version-history":[{"count":3,"href":"http:\/\/dunewellnessgroup.com\/dune-orient\/wp-json\/wp\/v2\/pages\/689\/revisions"}],"predecessor-version":[{"id":830,"href":"http:\/\/dunewellnessgroup.com\/dune-orient\/wp-json\/wp\/v2\/pages\/689\/revisions\/830"}],"up":[{"embeddable":true,"href":"http:\/\/dunewellnessgroup.com\/dune-orient\/wp-json\/wp\/v2\/pages\/1427"}],"wp:featuredmedia":[{"embeddable":true,"href":"http:\/\/dunewellnessgroup.com\/dune-orient\/wp-json\/wp\/v2\/media\/1234"}],"wp:attachment":[{"href":"http:\/\/dunewellnessgroup.com\/dune-orient\/wp-json\/wp\/v2\/media?parent=689"}],"curies":[{"name":"wp","href":"https:\/\/api.w.org\/{rel}","templated":true}]}}