{"id":692,"date":"2017-11-10T11:40:43","date_gmt":"2017-11-10T11:40:43","guid":{"rendered":"http:\/\/dunewellnessgroup.com\/dune-de-l-orient-hotel-puducherry-tamil-nadu-india\/sample-page\/"},"modified":"2019-04-18T21:54:59","modified_gmt":"2019-04-18T21:54:59","slug":"wanacom-welcome-et-bienvenue-fr","status":"publish","type":"page","link":"http:\/\/dunewellnessgroup.com\/dune-orient\/wanacom-welcome-et-bienvenue-fr\/","title":{"rendered":"Wanacom, Welcome et Bienvenue"},"content":{"rendered":"","protected":false},"excerpt":{"rendered":"","protected":false},"author":4,"featured_media":662,"parent":0,"menu_order":0,"comment_status":"closed","ping_status":"open","template":"","meta":{"_acf_changed":false,"footnotes":""},"class_list":["post-692","page","type-page","status-publish","has-post-thumbnail","hentry"],"acf":[],"yoast_head":"<!-- This site is optimized with the Yoast SEO Premium plugin v27.1 (Yoast SEO v27.1.1) - https:\/\/yoast.com\/product\/yoast-seo-premium-wordpress\/ -->\n<title>Dune de l&#039;Orient - H\u00f4tel Inde du Sud \/ Pondich\u00e9ry<\/title>\n<meta name=\"description\" content=\"R\u00e9servez votre s\u00e9jour au Dune de l&#039;Orient - H\u00f4tel de Luxe situ\u00e9 \u00e0 Pondich\u00e9ry en Inde du Sud construit en 1760 et profitez de son restaurant Chez Francis\" \/>\n<meta name=\"robots\" content=\"index, follow, max-snippet:-1, max-image-preview:large, max-video-preview:-1\" \/>\n<link rel=\"canonical\" href=\"https:\/\/dunewellnessgroup.com\/dune-orient\/fr\/\" \/>\n<meta property=\"og:locale\" content=\"en_US\" \/>\n<meta property=\"og:type\" content=\"article\" \/>\n<meta property=\"og:title\" content=\"Wanacom, Welcome et Bienvenue\" \/>\n<meta property=\"og:description\" content=\"R\u00e9servez votre s\u00e9jour au Dune de l&#039;Orient - H\u00f4tel de Luxe situ\u00e9 \u00e0 Pondich\u00e9ry en Inde du Sud construit en 1760 et profitez de son restaurant Chez Francis\" \/>\n<meta property=\"og:url\" content=\"https:\/\/dunewellnessgroup.com\/dune-orient\/fr\/\" \/>\n<meta property=\"og:site_name\" content=\"Dune de l&#039;Orient at Puducherry\" \/>\n<meta property=\"article:publisher\" content=\"https:\/\/www.facebook.com\/search\/top\/?q=dune%20de%20l%27orient\" \/>\n<meta property=\"article:modified_time\" content=\"2019-04-18T21:54:59+00:00\" \/>\n<meta property=\"og:image\" content=\"https:\/\/dunewellnessgroup.com\/wp-content\/uploads\/sites\/61\/2017\/11\/the-front-facade-of-hotel.jpg\" \/>\n\t<meta property=\"og:image:width\" content=\"900\" \/>\n\t<meta property=\"og:image:height\" content=\"350\" \/>\n\t<meta property=\"og:image:type\" content=\"image\/jpeg\" \/>\n<meta name=\"twitter:card\" content=\"summary_large_image\" \/>\n<script type=\"application\/ld+json\" class=\"yoast-schema-graph\">{\"@context\":\"https:\/\/schema.org\",\"@graph\":[{\"@type\":\"WebPage\",\"@id\":\"https:\/\/dunewellnessgroup.com\/dune-orient\/fr\/\",\"url\":\"https:\/\/dunewellnessgroup.com\/dune-orient\/fr\/\",\"name\":\"Dune de l'Orient - H\u00f4tel Inde du Sud \/ Pondich\u00e9ry\",\"isPartOf\":{\"@id\":\"https:\/\/dunewellnessgroup.com\/dune-orient\/#website\"},\"primaryImageOfPage\":{\"@id\":\"https:\/\/dunewellnessgroup.com\/dune-orient\/fr\/#primaryimage\"},\"image\":{\"@id\":\"https:\/\/dunewellnessgroup.com\/dune-orient\/fr\/#primaryimage\"},\"thumbnailUrl\":\"http:\/\/dunewellnessgroup.com\/wp-content\/uploads\/sites\/61\/2017\/11\/the-front-facade-of-hotel.jpg\",\"datePublished\":\"2017-11-10T11:40:43+00:00\",\"dateModified\":\"2019-04-18T21:54:59+00:00\",\"description\":\"R\u00e9servez votre s\u00e9jour au Dune de l'Orient - H\u00f4tel de Luxe situ\u00e9 \u00e0 Pondich\u00e9ry en Inde du Sud construit en 1760 et profitez de son restaurant Chez Francis\",\"breadcrumb\":{\"@id\":\"https:\/\/dunewellnessgroup.com\/dune-orient\/fr\/#breadcrumb\"},\"inLanguage\":\"en-US\",\"potentialAction\":[{\"@type\":\"ReadAction\",\"target\":[\"https:\/\/dunewellnessgroup.com\/dune-orient\/fr\/\"]}]},{\"@type\":\"ImageObject\",\"inLanguage\":\"en-US\",\"@id\":\"https:\/\/dunewellnessgroup.com\/dune-orient\/fr\/#primaryimage\",\"url\":\"http:\/\/dunewellnessgroup.com\/wp-content\/uploads\/sites\/61\/2017\/11\/the-front-facade-of-hotel.jpg\",\"contentUrl\":\"http:\/\/dunewellnessgroup.com\/wp-content\/uploads\/sites\/61\/2017\/11\/the-front-facade-of-hotel.jpg\",\"width\":900,\"height\":350,\"caption\":\"Picture of the Dune de L'Orient facade in Puducherry\"},{\"@type\":\"BreadcrumbList\",\"@id\":\"https:\/\/dunewellnessgroup.com\/dune-orient\/fr\/#breadcrumb\",\"itemListElement\":[{\"@type\":\"ListItem\",\"position\":1,\"name\":\"Home\",\"item\":\"https:\/\/dunewellnessgroup.com\/dune-orient\/\"},{\"@type\":\"ListItem\",\"position\":2,\"name\":\"Wanacom, Welcome et Bienvenue\"}]},{\"@type\":\"WebSite\",\"@id\":\"https:\/\/dunewellnessgroup.com\/dune-orient\/#website\",\"url\":\"https:\/\/dunewellnessgroup.com\/dune-orient\/\",\"name\":\"Dune de l&#039;Orient at Puducherry\",\"description\":\"Just another Dune Wellness Group site\",\"potentialAction\":[{\"@type\":\"SearchAction\",\"target\":{\"@type\":\"EntryPoint\",\"urlTemplate\":\"https:\/\/dunewellnessgroup.com\/dune-orient\/?s={search_term_string}\"},\"query-input\":{\"@type\":\"PropertyValueSpecification\",\"valueRequired\":true,\"valueName\":\"search_term_string\"}}],\"inLanguage\":\"en-US\"}]}<\/script>\n<!-- \/ Yoast SEO Premium plugin. -->","yoast_head_json":{"title":"Dune de l'Orient - H\u00f4tel Inde du Sud \/ Pondich\u00e9ry","description":"R\u00e9servez votre s\u00e9jour au Dune de l'Orient - H\u00f4tel de Luxe situ\u00e9 \u00e0 Pondich\u00e9ry en Inde du Sud construit en 1760 et profitez de son restaurant Chez Francis","robots":{"index":"index","follow":"follow","max-snippet":"max-snippet:-1","max-image-preview":"max-image-preview:large","max-video-preview":"max-video-preview:-1"},"canonical":"https:\/\/dunewellnessgroup.com\/dune-orient\/fr\/","og_locale":"en_US","og_type":"article","og_title":"Wanacom, Welcome et Bienvenue","og_description":"R\u00e9servez votre s\u00e9jour au Dune de l'Orient - H\u00f4tel de Luxe situ\u00e9 \u00e0 Pondich\u00e9ry en Inde du Sud construit en 1760 et profitez de son restaurant Chez Francis","og_url":"https:\/\/dunewellnessgroup.com\/dune-orient\/fr\/","og_site_name":"Dune de l&#039;Orient at Puducherry","article_publisher":"https:\/\/www.facebook.com\/search\/top\/?q=dune%20de%20l%27orient","article_modified_time":"2019-04-18T21:54:59+00:00","og_image":[{"width":900,"height":350,"url":"https:\/\/dunewellnessgroup.com\/wp-content\/uploads\/sites\/61\/2017\/11\/the-front-facade-of-hotel.jpg","type":"image\/jpeg"}],"twitter_card":"summary_large_image","schema":{"@context":"https:\/\/schema.org","@graph":[{"@type":"WebPage","@id":"https:\/\/dunewellnessgroup.com\/dune-orient\/fr\/","url":"https:\/\/dunewellnessgroup.com\/dune-orient\/fr\/","name":"Dune de l'Orient - H\u00f4tel Inde du Sud \/ Pondich\u00e9ry","isPartOf":{"@id":"https:\/\/dunewellnessgroup.com\/dune-orient\/#website"},"primaryImageOfPage":{"@id":"https:\/\/dunewellnessgroup.com\/dune-orient\/fr\/#primaryimage"},"image":{"@id":"https:\/\/dunewellnessgroup.com\/dune-orient\/fr\/#primaryimage"},"thumbnailUrl":"http:\/\/dunewellnessgroup.com\/wp-content\/uploads\/sites\/61\/2017\/11\/the-front-facade-of-hotel.jpg","datePublished":"2017-11-10T11:40:43+00:00","dateModified":"2019-04-18T21:54:59+00:00","description":"R\u00e9servez votre s\u00e9jour au Dune de l'Orient - H\u00f4tel de Luxe situ\u00e9 \u00e0 Pondich\u00e9ry en Inde du Sud construit en 1760 et profitez de son restaurant Chez Francis","breadcrumb":{"@id":"https:\/\/dunewellnessgroup.com\/dune-orient\/fr\/#breadcrumb"},"inLanguage":"en-US","potentialAction":[{"@type":"ReadAction","target":["https:\/\/dunewellnessgroup.com\/dune-orient\/fr\/"]}]},{"@type":"ImageObject","inLanguage":"en-US","@id":"https:\/\/dunewellnessgroup.com\/dune-orient\/fr\/#primaryimage","url":"http:\/\/dunewellnessgroup.com\/wp-content\/uploads\/sites\/61\/2017\/11\/the-front-facade-of-hotel.jpg","contentUrl":"http:\/\/dunewellnessgroup.com\/wp-content\/uploads\/sites\/61\/2017\/11\/the-front-facade-of-hotel.jpg","width":900,"height":350,"caption":"Picture of the Dune de L'Orient facade in Puducherry"},{"@type":"BreadcrumbList","@id":"https:\/\/dunewellnessgroup.com\/dune-orient\/fr\/#breadcrumb","itemListElement":[{"@type":"ListItem","position":1,"name":"Home","item":"https:\/\/dunewellnessgroup.com\/dune-orient\/"},{"@type":"ListItem","position":2,"name":"Wanacom, Welcome et Bienvenue"}]},{"@type":"WebSite","@id":"https:\/\/dunewellnessgroup.com\/dune-orient\/#website","url":"https:\/\/dunewellnessgroup.com\/dune-orient\/","name":"Dune de l&#039;Orient at Puducherry","description":"Just another Dune Wellness Group site","potentialAction":[{"@type":"SearchAction","target":{"@type":"EntryPoint","urlTemplate":"https:\/\/dunewellnessgroup.com\/dune-orient\/?s={search_term_string}"},"query-input":{"@type":"PropertyValueSpecification","valueRequired":true,"valueName":"search_term_string"}}],"inLanguage":"en-US"}]}},"_links":{"self":[{"href":"http:\/\/dunewellnessgroup.com\/dune-orient\/wp-json\/wp\/v2\/pages\/692","targetHints":{"allow":["GET"]}}],"collection":[{"href":"http:\/\/dunewellnessgroup.com\/dune-orient\/wp-json\/wp\/v2\/pages"}],"about":[{"href":"http:\/\/dunewellnessgroup.com\/dune-orient\/wp-json\/wp\/v2\/types\/page"}],"author":[{"embeddable":true,"href":"http:\/\/dunewellnessgroup.com\/dune-orient\/wp-json\/wp\/v2\/users\/4"}],"replies":[{"embeddable":true,"href":"http:\/\/dunewellnessgroup.com\/dune-orient\/wp-json\/wp\/v2\/comments?post=692"}],"version-history":[{"count":0,"href":"http:\/\/dunewellnessgroup.com\/dune-orient\/wp-json\/wp\/v2\/pages\/692\/revisions"}],"wp:featuredmedia":[{"embeddable":true,"href":"http:\/\/dunewellnessgroup.com\/dune-orient\/wp-json\/wp\/v2\/media\/662"}],"wp:attachment":[{"href":"http:\/\/dunewellnessgroup.com\/dune-orient\/wp-json\/wp\/v2\/media?parent=692"}],"curies":[{"name":"wp","href":"https:\/\/api.w.org\/{rel}","templated":true}]}}