{"id":736,"date":"2017-12-04T10:46:25","date_gmt":"2017-12-04T10:46:25","guid":{"rendered":"http:\/\/dunewellnessgroup.com\/dune-de-l-orient-hotel-puducherry-tamil-nadu-india\/?page_id=736"},"modified":"2019-04-29T22:29:55","modified_gmt":"2019-04-29T22:29:55","slug":"plan-acces","status":"publish","type":"page","link":"http:\/\/dunewellnessgroup.com\/dune-orient\/hotel-pondichery\/plan-acces\/","title":{"rendered":"Venir"},"content":{"rendered":"","protected":false},"excerpt":{"rendered":"","protected":false},"author":4,"featured_media":740,"parent":1427,"menu_order":4,"comment_status":"closed","ping_status":"closed","template":"","meta":{"_acf_changed":false,"footnotes":""},"class_list":["post-736","page","type-page","status-publish","has-post-thumbnail","hentry"],"acf":[],"yoast_head":"<!-- This site is optimized with the Yoast SEO Premium plugin v27.1 (Yoast SEO v27.1.1) - https:\/\/yoast.com\/product\/yoast-seo-premium-wordpress\/ -->\n<title>Plan d\\&#039;acc\u00e8s Dune Orient Hotel - Comment s\\&#039;y rendre ?<\/title>\n<meta name=\"description\" content=\"Comment se rendre au Dune Orient Hotel ? Nous vous indiquons les meilleurs moyens de venir \u00e0 notre h\u00f4tel \u00e0 Pondichery en Inde du Sud\" \/>\n<meta name=\"robots\" content=\"index, follow, max-snippet:-1, max-image-preview:large, max-video-preview:-1\" \/>\n<link rel=\"canonical\" href=\"https:\/\/dunewellnessgroup.com\/dune-orient\/hotel-pondichery\/plan-acces\/\" \/>\n<meta property=\"og:locale\" content=\"en_US\" \/>\n<meta property=\"og:type\" content=\"article\" \/>\n<meta property=\"og:title\" content=\"Venir\" \/>\n<meta property=\"og:description\" content=\"Comment se rendre au Dune Orient Hotel ? Nous vous indiquons les meilleurs moyens de venir \u00e0 notre h\u00f4tel \u00e0 Pondichery en Inde du Sud\" \/>\n<meta property=\"og:url\" content=\"https:\/\/dunewellnessgroup.com\/dune-orient\/hotel-pondichery\/plan-acces\/\" \/>\n<meta property=\"og:site_name\" content=\"Dune de l&#039;Orient at Puducherry\" \/>\n<meta property=\"article:publisher\" content=\"https:\/\/www.facebook.com\/search\/top\/?q=dune%20de%20l%27orient\" \/>\n<meta property=\"article:modified_time\" content=\"2019-04-29T22:29:55+00:00\" \/>\n<meta property=\"og:image\" content=\"https:\/\/dunewellnessgroup.com\/wp-content\/uploads\/sites\/61\/2017\/12\/map-dune-ok_full-1024x6841.png\" \/>\n\t<meta property=\"og:image:width\" content=\"1024\" \/>\n\t<meta property=\"og:image:height\" content=\"684\" \/>\n\t<meta property=\"og:image:type\" content=\"image\/png\" \/>\n<meta name=\"twitter:card\" content=\"summary_large_image\" \/>\n<script type=\"application\/ld+json\" class=\"yoast-schema-graph\">{\"@context\":\"https:\/\/schema.org\",\"@graph\":[{\"@type\":\"WebPage\",\"@id\":\"https:\/\/dunewellnessgroup.com\/dune-orient\/hotel-pondichery\/plan-acces\/\",\"url\":\"https:\/\/dunewellnessgroup.com\/dune-orient\/hotel-pondichery\/plan-acces\/\",\"name\":\"Plan d\\\\'acc\u00e8s Dune Orient Hotel - Comment s\\\\'y rendre ?\",\"isPartOf\":{\"@id\":\"https:\/\/dunewellnessgroup.com\/dune-orient\/#website\"},\"primaryImageOfPage\":{\"@id\":\"https:\/\/dunewellnessgroup.com\/dune-orient\/hotel-pondichery\/plan-acces\/#primaryimage\"},\"image\":{\"@id\":\"https:\/\/dunewellnessgroup.com\/dune-orient\/hotel-pondichery\/plan-acces\/#primaryimage\"},\"thumbnailUrl\":\"http:\/\/dunewellnessgroup.com\/wp-content\/uploads\/sites\/61\/2017\/12\/map-dune-ok_full-1024x6841.png\",\"datePublished\":\"2017-12-04T10:46:25+00:00\",\"dateModified\":\"2019-04-29T22:29:55+00:00\",\"description\":\"Comment se rendre au Dune Orient Hotel ? Nous vous indiquons les meilleurs moyens de venir \u00e0 notre h\u00f4tel \u00e0 Pondichery en Inde du Sud\",\"breadcrumb\":{\"@id\":\"https:\/\/dunewellnessgroup.com\/dune-orient\/hotel-pondichery\/plan-acces\/#breadcrumb\"},\"inLanguage\":\"en-US\",\"potentialAction\":[{\"@type\":\"ReadAction\",\"target\":[\"https:\/\/dunewellnessgroup.com\/dune-orient\/hotel-pondichery\/plan-acces\/\"]}]},{\"@type\":\"ImageObject\",\"inLanguage\":\"en-US\",\"@id\":\"https:\/\/dunewellnessgroup.com\/dune-orient\/hotel-pondichery\/plan-acces\/#primaryimage\",\"url\":\"http:\/\/dunewellnessgroup.com\/wp-content\/uploads\/sites\/61\/2017\/12\/map-dune-ok_full-1024x6841.png\",\"contentUrl\":\"http:\/\/dunewellnessgroup.com\/wp-content\/uploads\/sites\/61\/2017\/12\/map-dune-ok_full-1024x6841.png\",\"width\":1024,\"height\":684},{\"@type\":\"BreadcrumbList\",\"@id\":\"https:\/\/dunewellnessgroup.com\/dune-orient\/hotel-pondichery\/plan-acces\/#breadcrumb\",\"itemListElement\":[{\"@type\":\"ListItem\",\"position\":1,\"name\":\"Home\",\"item\":\"https:\/\/dunewellnessgroup.com\/dune-orient\/\"},{\"@type\":\"ListItem\",\"position\":2,\"name\":\"H\u00f4tel Pondich\u00e9ry (CATEGORIE)\",\"item\":\"https:\/\/dunewellnessgroup.com\/dune-orient\/fr\/hotel-pondichery\/\"},{\"@type\":\"ListItem\",\"position\":3,\"name\":\"Venir\"}]},{\"@type\":\"WebSite\",\"@id\":\"https:\/\/dunewellnessgroup.com\/dune-orient\/#website\",\"url\":\"https:\/\/dunewellnessgroup.com\/dune-orient\/\",\"name\":\"Dune de l&#039;Orient at Puducherry\",\"description\":\"Just another Dune Wellness Group site\",\"potentialAction\":[{\"@type\":\"SearchAction\",\"target\":{\"@type\":\"EntryPoint\",\"urlTemplate\":\"https:\/\/dunewellnessgroup.com\/dune-orient\/?s={search_term_string}\"},\"query-input\":{\"@type\":\"PropertyValueSpecification\",\"valueRequired\":true,\"valueName\":\"search_term_string\"}}],\"inLanguage\":\"en-US\"}]}<\/script>\n<!-- \/ Yoast SEO Premium plugin. -->","yoast_head_json":{"title":"Plan d\\'acc\u00e8s Dune Orient Hotel - Comment s\\'y rendre ?","description":"Comment se rendre au Dune Orient Hotel ? Nous vous indiquons les meilleurs moyens de venir \u00e0 notre h\u00f4tel \u00e0 Pondichery en Inde du Sud","robots":{"index":"index","follow":"follow","max-snippet":"max-snippet:-1","max-image-preview":"max-image-preview:large","max-video-preview":"max-video-preview:-1"},"canonical":"https:\/\/dunewellnessgroup.com\/dune-orient\/hotel-pondichery\/plan-acces\/","og_locale":"en_US","og_type":"article","og_title":"Venir","og_description":"Comment se rendre au Dune Orient Hotel ? Nous vous indiquons les meilleurs moyens de venir \u00e0 notre h\u00f4tel \u00e0 Pondichery en Inde du Sud","og_url":"https:\/\/dunewellnessgroup.com\/dune-orient\/hotel-pondichery\/plan-acces\/","og_site_name":"Dune de l&#039;Orient at Puducherry","article_publisher":"https:\/\/www.facebook.com\/search\/top\/?q=dune%20de%20l%27orient","article_modified_time":"2019-04-29T22:29:55+00:00","og_image":[{"width":1024,"height":684,"url":"https:\/\/dunewellnessgroup.com\/wp-content\/uploads\/sites\/61\/2017\/12\/map-dune-ok_full-1024x6841.png","type":"image\/png"}],"twitter_card":"summary_large_image","schema":{"@context":"https:\/\/schema.org","@graph":[{"@type":"WebPage","@id":"https:\/\/dunewellnessgroup.com\/dune-orient\/hotel-pondichery\/plan-acces\/","url":"https:\/\/dunewellnessgroup.com\/dune-orient\/hotel-pondichery\/plan-acces\/","name":"Plan d\\'acc\u00e8s Dune Orient Hotel - Comment s\\'y rendre ?","isPartOf":{"@id":"https:\/\/dunewellnessgroup.com\/dune-orient\/#website"},"primaryImageOfPage":{"@id":"https:\/\/dunewellnessgroup.com\/dune-orient\/hotel-pondichery\/plan-acces\/#primaryimage"},"image":{"@id":"https:\/\/dunewellnessgroup.com\/dune-orient\/hotel-pondichery\/plan-acces\/#primaryimage"},"thumbnailUrl":"http:\/\/dunewellnessgroup.com\/wp-content\/uploads\/sites\/61\/2017\/12\/map-dune-ok_full-1024x6841.png","datePublished":"2017-12-04T10:46:25+00:00","dateModified":"2019-04-29T22:29:55+00:00","description":"Comment se rendre au Dune Orient Hotel ? Nous vous indiquons les meilleurs moyens de venir \u00e0 notre h\u00f4tel \u00e0 Pondichery en Inde du Sud","breadcrumb":{"@id":"https:\/\/dunewellnessgroup.com\/dune-orient\/hotel-pondichery\/plan-acces\/#breadcrumb"},"inLanguage":"en-US","potentialAction":[{"@type":"ReadAction","target":["https:\/\/dunewellnessgroup.com\/dune-orient\/hotel-pondichery\/plan-acces\/"]}]},{"@type":"ImageObject","inLanguage":"en-US","@id":"https:\/\/dunewellnessgroup.com\/dune-orient\/hotel-pondichery\/plan-acces\/#primaryimage","url":"http:\/\/dunewellnessgroup.com\/wp-content\/uploads\/sites\/61\/2017\/12\/map-dune-ok_full-1024x6841.png","contentUrl":"http:\/\/dunewellnessgroup.com\/wp-content\/uploads\/sites\/61\/2017\/12\/map-dune-ok_full-1024x6841.png","width":1024,"height":684},{"@type":"BreadcrumbList","@id":"https:\/\/dunewellnessgroup.com\/dune-orient\/hotel-pondichery\/plan-acces\/#breadcrumb","itemListElement":[{"@type":"ListItem","position":1,"name":"Home","item":"https:\/\/dunewellnessgroup.com\/dune-orient\/"},{"@type":"ListItem","position":2,"name":"H\u00f4tel Pondich\u00e9ry (CATEGORIE)","item":"https:\/\/dunewellnessgroup.com\/dune-orient\/fr\/hotel-pondichery\/"},{"@type":"ListItem","position":3,"name":"Venir"}]},{"@type":"WebSite","@id":"https:\/\/dunewellnessgroup.com\/dune-orient\/#website","url":"https:\/\/dunewellnessgroup.com\/dune-orient\/","name":"Dune de l&#039;Orient at Puducherry","description":"Just another Dune Wellness Group site","potentialAction":[{"@type":"SearchAction","target":{"@type":"EntryPoint","urlTemplate":"https:\/\/dunewellnessgroup.com\/dune-orient\/?s={search_term_string}"},"query-input":{"@type":"PropertyValueSpecification","valueRequired":true,"valueName":"search_term_string"}}],"inLanguage":"en-US"}]}},"_links":{"self":[{"href":"http:\/\/dunewellnessgroup.com\/dune-orient\/wp-json\/wp\/v2\/pages\/736","targetHints":{"allow":["GET"]}}],"collection":[{"href":"http:\/\/dunewellnessgroup.com\/dune-orient\/wp-json\/wp\/v2\/pages"}],"about":[{"href":"http:\/\/dunewellnessgroup.com\/dune-orient\/wp-json\/wp\/v2\/types\/page"}],"author":[{"embeddable":true,"href":"http:\/\/dunewellnessgroup.com\/dune-orient\/wp-json\/wp\/v2\/users\/4"}],"replies":[{"embeddable":true,"href":"http:\/\/dunewellnessgroup.com\/dune-orient\/wp-json\/wp\/v2\/comments?post=736"}],"version-history":[{"count":5,"href":"http:\/\/dunewellnessgroup.com\/dune-orient\/wp-json\/wp\/v2\/pages\/736\/revisions"}],"predecessor-version":[{"id":1293,"href":"http:\/\/dunewellnessgroup.com\/dune-orient\/wp-json\/wp\/v2\/pages\/736\/revisions\/1293"}],"up":[{"embeddable":true,"href":"http:\/\/dunewellnessgroup.com\/dune-orient\/wp-json\/wp\/v2\/pages\/1427"}],"wp:featuredmedia":[{"embeddable":true,"href":"http:\/\/dunewellnessgroup.com\/dune-orient\/wp-json\/wp\/v2\/media\/740"}],"wp:attachment":[{"href":"http:\/\/dunewellnessgroup.com\/dune-orient\/wp-json\/wp\/v2\/media?parent=736"}],"curies":[{"name":"wp","href":"https:\/\/api.w.org\/{rel}","templated":true}]}}