{"id":55,"date":"2017-09-12T08:44:19","date_gmt":"2017-09-12T08:44:19","guid":{"rendered":"http:\/\/elephantvalley.devdreamware.com\/?page_id=55&#038;lang=fr"},"modified":"2019-04-29T21:29:15","modified_gmt":"2019-04-29T21:29:15","slug":"restaurant","status":"publish","type":"page","link":"http:\/\/dunewellnessgroup.com\/elephant-valley\/eco-village-inde\/restaurant\/","title":{"rendered":"Restaurant"},"content":{"rendered":"<p>Au Restaurant de la vall\u00e9e nous servons une nourriture biologique qui poussent dans notre potager, la plantation et notre verger.<\/p>\n<p>Notre Menu fusionne la cuisine Indienne et Europ\u00e9enne offrant un large choix de plats d\u00e9licieux.<\/p>\n<p>Le restaurant est situ\u00e9 au coeur de la Plantation de caf\u00e9 et d&#8217;\u00e9pices avec une vue spectaculaire sur la vall\u00e9e et les montagnes.<\/p>\n<p>Pour les gens soucieux de leur sant\u00e9 nous proposons des recettes Hypotoxique, Vegan, Sans Gluten, Ayurv\u00e9dique et faible en glucides.<\/p>\n<p>Notre chef adore les nouvelles id\u00e9es et vous \u00eates les bienvenus pour apprendre une nouvelle recette ou bien lui apprendre quelques unes des v\u00f4tres. Nous donnons \u00e9galement des cours de cuisine.<\/p>\n<p>N&#8217;h\u00e9sitez pas \u00e0 parler au chef si vous avez des besoins particuliers, nous ferons tout notre possible pour r\u00e9pondre \u00e0 vos besoins.<\/p>\n<p>Le salon de la vall\u00e9e \u00e0 cot\u00e9 du restaurant est le point de rencontre de l&#8217;h\u00f4tel nous encourageons les gens \u00e0 se rencontrer et \u00e0 interagir ensemble. Nous avons une collection de jeux de soci\u00e9t\u00e9s : Backgammon, Jeu de coquillages traditionnel Tamil, Carom, Scrabble&#8230;Nous disposons aussi d&#8217;une petite biblioth\u00e8que et vid\u00e9oth\u00e8que.<\/p>\n<p>Le restaurant est principalement r\u00e9serv\u00e9 \u00e0 nos r\u00e9sidents mais avec une r\u00e9servation d&#8217;une demi-journ\u00e9e en avance nous pouvons organiser des d\u00e9jeuners et des diners pour des visiteurs et des groupes ext\u00e9rieurs.<\/p>\n<p>&nbsp;<\/p>\n","protected":false},"excerpt":{"rendered":"<p>Au Restaurant de la vall\u00e9e nous servons une nourriture biologique qui poussent dans notre potager, la plantation et notre verger. Notre Menu fusionne la cuisine Indienne et Europ\u00e9enne offrant un [&hellip;]<\/p>\n","protected":false},"author":1,"featured_media":1246,"parent":1291,"menu_order":1,"comment_status":"closed","ping_status":"closed","template":"","meta":{"_acf_changed":false,"footnotes":""},"class_list":["post-55","page","type-page","status-publish","has-post-thumbnail","hentry"],"acf":[],"yoast_head":"<!-- This site is optimized with the Yoast SEO Premium plugin v27.1 (Yoast SEO v27.1.1) - https:\/\/yoast.com\/product\/yoast-seo-premium-wordpress\/ -->\n<title>Restaurant - Elephan Valley Hotel Inde<\/title>\n<meta name=\"description\" content=\"Le restaurant du Elephan Valley est situ\u00e9 au coeur de la plantation de caf\u00e9 et d\u2019\u00e9pices avec une vue spectaculaire sur la vall\u00e9e et les montagnes\" \/>\n<meta name=\"robots\" content=\"index, follow, max-snippet:-1, max-image-preview:large, max-video-preview:-1\" \/>\n<link rel=\"canonical\" href=\"https:\/\/dunewellnessgroup.com\/elephant-valley\/fr\/eco-village-inde\/restaurant\/\" \/>\n<meta property=\"og:locale\" content=\"en_US\" \/>\n<meta property=\"og:type\" content=\"article\" \/>\n<meta property=\"og:title\" content=\"Restaurant\" \/>\n<meta property=\"og:description\" content=\"Le restaurant du Elephan Valley est situ\u00e9 au coeur de la plantation de caf\u00e9 et d\u2019\u00e9pices avec une vue spectaculaire sur la vall\u00e9e et les montagnes\" \/>\n<meta property=\"og:url\" content=\"https:\/\/dunewellnessgroup.com\/elephant-valley\/fr\/eco-village-inde\/restaurant\/\" \/>\n<meta property=\"og:site_name\" content=\"Elephant Valley\" \/>\n<meta property=\"article:publisher\" content=\"https:\/\/www.facebook.com\/DuneElephantValley\" \/>\n<meta property=\"article:modified_time\" content=\"2019-04-29T21:29:15+00:00\" \/>\n<meta property=\"og:image\" content=\"https:\/\/dunewellnessgroup.com\/wp-content\/uploads\/sites\/23\/2016\/04\/EV-Restaurant-Fire.jpg\" \/>\n\t<meta property=\"og:image:width\" content=\"1600\" \/>\n\t<meta property=\"og:image:height\" content=\"949\" \/>\n\t<meta property=\"og:image:type\" content=\"image\/jpeg\" \/>\n<meta name=\"twitter:card\" content=\"summary_large_image\" \/>\n<meta name=\"twitter:label1\" content=\"Est. reading time\" \/>\n\t<meta name=\"twitter:data1\" content=\"1 minute\" \/>\n<script type=\"application\/ld+json\" class=\"yoast-schema-graph\">{\"@context\":\"https:\/\/schema.org\",\"@graph\":[{\"@type\":\"WebPage\",\"@id\":\"https:\/\/dunewellnessgroup.com\/elephant-valley\/fr\/eco-village-inde\/restaurant\/\",\"url\":\"https:\/\/dunewellnessgroup.com\/elephant-valley\/fr\/eco-village-inde\/restaurant\/\",\"name\":\"Restaurant - Elephan Valley Hotel Inde\",\"isPartOf\":{\"@id\":\"https:\/\/dunewellnessgroup.com\/elephant-valley\/#website\"},\"primaryImageOfPage\":{\"@id\":\"https:\/\/dunewellnessgroup.com\/elephant-valley\/fr\/eco-village-inde\/restaurant\/#primaryimage\"},\"image\":{\"@id\":\"https:\/\/dunewellnessgroup.com\/elephant-valley\/fr\/eco-village-inde\/restaurant\/#primaryimage\"},\"thumbnailUrl\":\"http:\/\/dunewellnessgroup.com\/wp-content\/uploads\/sites\/23\/2016\/04\/EV-Restaurant-Fire.jpg\",\"datePublished\":\"2017-09-12T08:44:19+00:00\",\"dateModified\":\"2019-04-29T21:29:15+00:00\",\"description\":\"Le restaurant du Elephan Valley est situ\u00e9 au coeur de la plantation de caf\u00e9 et d\u2019\u00e9pices avec une vue spectaculaire sur la vall\u00e9e et les montagnes\",\"breadcrumb\":{\"@id\":\"https:\/\/dunewellnessgroup.com\/elephant-valley\/fr\/eco-village-inde\/restaurant\/#breadcrumb\"},\"inLanguage\":\"en-US\",\"potentialAction\":[{\"@type\":\"ReadAction\",\"target\":[\"https:\/\/dunewellnessgroup.com\/elephant-valley\/fr\/eco-village-inde\/restaurant\/\"]}]},{\"@type\":\"ImageObject\",\"inLanguage\":\"en-US\",\"@id\":\"https:\/\/dunewellnessgroup.com\/elephant-valley\/fr\/eco-village-inde\/restaurant\/#primaryimage\",\"url\":\"http:\/\/dunewellnessgroup.com\/wp-content\/uploads\/sites\/23\/2016\/04\/EV-Restaurant-Fire.jpg\",\"contentUrl\":\"http:\/\/dunewellnessgroup.com\/wp-content\/uploads\/sites\/23\/2016\/04\/EV-Restaurant-Fire.jpg\",\"width\":1600,\"height\":949,\"caption\":\"admire the stars in the heat of a good fire at Elephant Valley Eco Farm Hotel restaurant\"},{\"@type\":\"BreadcrumbList\",\"@id\":\"https:\/\/dunewellnessgroup.com\/elephant-valley\/fr\/eco-village-inde\/restaurant\/#breadcrumb\",\"itemListElement\":[{\"@type\":\"ListItem\",\"position\":1,\"name\":\"Home\",\"item\":\"https:\/\/dunewellnessgroup.com\/elephant-valley\/\"},{\"@type\":\"ListItem\",\"position\":2,\"name\":\"Eco village Inde (Categorie)\",\"item\":\"https:\/\/dunewellnessgroup.com\/elephant-valley\/fr\/eco-village-inde\/\"},{\"@type\":\"ListItem\",\"position\":3,\"name\":\"Restaurant\"}]},{\"@type\":\"WebSite\",\"@id\":\"https:\/\/dunewellnessgroup.com\/elephant-valley\/#website\",\"url\":\"https:\/\/dunewellnessgroup.com\/elephant-valley\/\",\"name\":\"Elephant Valley Hotel\",\"description\":\"Just another Dune wellness group site\",\"publisher\":{\"@id\":\"https:\/\/dunewellnessgroup.com\/elephant-valley\/#organization\"},\"potentialAction\":[{\"@type\":\"SearchAction\",\"target\":{\"@type\":\"EntryPoint\",\"urlTemplate\":\"https:\/\/dunewellnessgroup.com\/elephant-valley\/?s={search_term_string}\"},\"query-input\":{\"@type\":\"PropertyValueSpecification\",\"valueRequired\":true,\"valueName\":\"search_term_string\"}}],\"inLanguage\":\"en-US\"},{\"@type\":\"Organization\",\"@id\":\"https:\/\/dunewellnessgroup.com\/elephant-valley\/#organization\",\"name\":\"Elephant Valley Hotel\",\"url\":\"https:\/\/dunewellnessgroup.com\/elephant-valley\/\",\"logo\":{\"@type\":\"ImageObject\",\"inLanguage\":\"en-US\",\"@id\":\"https:\/\/dunewellnessgroup.com\/elephant-valley\/#\/schema\/logo\/image\/\",\"url\":\"https:\/\/dunewellnessgroup.com\/tanjore-hi\/wp-content\/uploads\/sites\/23\/2016\/06\/DUNEelephantvalley.png\",\"contentUrl\":\"https:\/\/dunewellnessgroup.com\/tanjore-hi\/wp-content\/uploads\/sites\/23\/2016\/06\/DUNEelephantvalley.png\",\"width\":1000,\"height\":1000,\"caption\":\"Elephant Valley Hotel\"},\"image\":{\"@id\":\"https:\/\/dunewellnessgroup.com\/elephant-valley\/#\/schema\/logo\/image\/\"},\"sameAs\":[\"https:\/\/www.facebook.com\/DuneElephantValley\"]}]}<\/script>\n<!-- \/ Yoast SEO Premium plugin. -->","yoast_head_json":{"title":"Restaurant - Elephan Valley Hotel Inde","description":"Le restaurant du Elephan Valley est situ\u00e9 au coeur de la plantation de caf\u00e9 et d\u2019\u00e9pices avec une vue spectaculaire sur la vall\u00e9e et les montagnes","robots":{"index":"index","follow":"follow","max-snippet":"max-snippet:-1","max-image-preview":"max-image-preview:large","max-video-preview":"max-video-preview:-1"},"canonical":"https:\/\/dunewellnessgroup.com\/elephant-valley\/fr\/eco-village-inde\/restaurant\/","og_locale":"en_US","og_type":"article","og_title":"Restaurant","og_description":"Le restaurant du Elephan Valley est situ\u00e9 au coeur de la plantation de caf\u00e9 et d\u2019\u00e9pices avec une vue spectaculaire sur la vall\u00e9e et les montagnes","og_url":"https:\/\/dunewellnessgroup.com\/elephant-valley\/fr\/eco-village-inde\/restaurant\/","og_site_name":"Elephant Valley","article_publisher":"https:\/\/www.facebook.com\/DuneElephantValley","article_modified_time":"2019-04-29T21:29:15+00:00","og_image":[{"width":1600,"height":949,"url":"https:\/\/dunewellnessgroup.com\/wp-content\/uploads\/sites\/23\/2016\/04\/EV-Restaurant-Fire.jpg","type":"image\/jpeg"}],"twitter_card":"summary_large_image","twitter_misc":{"Est. reading time":"1 minute"},"schema":{"@context":"https:\/\/schema.org","@graph":[{"@type":"WebPage","@id":"https:\/\/dunewellnessgroup.com\/elephant-valley\/fr\/eco-village-inde\/restaurant\/","url":"https:\/\/dunewellnessgroup.com\/elephant-valley\/fr\/eco-village-inde\/restaurant\/","name":"Restaurant - Elephan Valley Hotel Inde","isPartOf":{"@id":"https:\/\/dunewellnessgroup.com\/elephant-valley\/#website"},"primaryImageOfPage":{"@id":"https:\/\/dunewellnessgroup.com\/elephant-valley\/fr\/eco-village-inde\/restaurant\/#primaryimage"},"image":{"@id":"https:\/\/dunewellnessgroup.com\/elephant-valley\/fr\/eco-village-inde\/restaurant\/#primaryimage"},"thumbnailUrl":"http:\/\/dunewellnessgroup.com\/wp-content\/uploads\/sites\/23\/2016\/04\/EV-Restaurant-Fire.jpg","datePublished":"2017-09-12T08:44:19+00:00","dateModified":"2019-04-29T21:29:15+00:00","description":"Le restaurant du Elephan Valley est situ\u00e9 au coeur de la plantation de caf\u00e9 et d\u2019\u00e9pices avec une vue spectaculaire sur la vall\u00e9e et les montagnes","breadcrumb":{"@id":"https:\/\/dunewellnessgroup.com\/elephant-valley\/fr\/eco-village-inde\/restaurant\/#breadcrumb"},"inLanguage":"en-US","potentialAction":[{"@type":"ReadAction","target":["https:\/\/dunewellnessgroup.com\/elephant-valley\/fr\/eco-village-inde\/restaurant\/"]}]},{"@type":"ImageObject","inLanguage":"en-US","@id":"https:\/\/dunewellnessgroup.com\/elephant-valley\/fr\/eco-village-inde\/restaurant\/#primaryimage","url":"http:\/\/dunewellnessgroup.com\/wp-content\/uploads\/sites\/23\/2016\/04\/EV-Restaurant-Fire.jpg","contentUrl":"http:\/\/dunewellnessgroup.com\/wp-content\/uploads\/sites\/23\/2016\/04\/EV-Restaurant-Fire.jpg","width":1600,"height":949,"caption":"admire the stars in the heat of a good fire at Elephant Valley Eco Farm Hotel restaurant"},{"@type":"BreadcrumbList","@id":"https:\/\/dunewellnessgroup.com\/elephant-valley\/fr\/eco-village-inde\/restaurant\/#breadcrumb","itemListElement":[{"@type":"ListItem","position":1,"name":"Home","item":"https:\/\/dunewellnessgroup.com\/elephant-valley\/"},{"@type":"ListItem","position":2,"name":"Eco village Inde (Categorie)","item":"https:\/\/dunewellnessgroup.com\/elephant-valley\/fr\/eco-village-inde\/"},{"@type":"ListItem","position":3,"name":"Restaurant"}]},{"@type":"WebSite","@id":"https:\/\/dunewellnessgroup.com\/elephant-valley\/#website","url":"https:\/\/dunewellnessgroup.com\/elephant-valley\/","name":"Elephant Valley Hotel","description":"Just another Dune wellness group site","publisher":{"@id":"https:\/\/dunewellnessgroup.com\/elephant-valley\/#organization"},"potentialAction":[{"@type":"SearchAction","target":{"@type":"EntryPoint","urlTemplate":"https:\/\/dunewellnessgroup.com\/elephant-valley\/?s={search_term_string}"},"query-input":{"@type":"PropertyValueSpecification","valueRequired":true,"valueName":"search_term_string"}}],"inLanguage":"en-US"},{"@type":"Organization","@id":"https:\/\/dunewellnessgroup.com\/elephant-valley\/#organization","name":"Elephant Valley Hotel","url":"https:\/\/dunewellnessgroup.com\/elephant-valley\/","logo":{"@type":"ImageObject","inLanguage":"en-US","@id":"https:\/\/dunewellnessgroup.com\/elephant-valley\/#\/schema\/logo\/image\/","url":"https:\/\/dunewellnessgroup.com\/tanjore-hi\/wp-content\/uploads\/sites\/23\/2016\/06\/DUNEelephantvalley.png","contentUrl":"https:\/\/dunewellnessgroup.com\/tanjore-hi\/wp-content\/uploads\/sites\/23\/2016\/06\/DUNEelephantvalley.png","width":1000,"height":1000,"caption":"Elephant Valley Hotel"},"image":{"@id":"https:\/\/dunewellnessgroup.com\/elephant-valley\/#\/schema\/logo\/image\/"},"sameAs":["https:\/\/www.facebook.com\/DuneElephantValley"]}]}},"_links":{"self":[{"href":"http:\/\/dunewellnessgroup.com\/elephant-valley\/wp-json\/wp\/v2\/pages\/55","targetHints":{"allow":["GET"]}}],"collection":[{"href":"http:\/\/dunewellnessgroup.com\/elephant-valley\/wp-json\/wp\/v2\/pages"}],"about":[{"href":"http:\/\/dunewellnessgroup.com\/elephant-valley\/wp-json\/wp\/v2\/types\/page"}],"author":[{"embeddable":true,"href":"http:\/\/dunewellnessgroup.com\/elephant-valley\/wp-json\/wp\/v2\/users\/1"}],"replies":[{"embeddable":true,"href":"http:\/\/dunewellnessgroup.com\/elephant-valley\/wp-json\/wp\/v2\/comments?post=55"}],"version-history":[{"count":4,"href":"http:\/\/dunewellnessgroup.com\/elephant-valley\/wp-json\/wp\/v2\/pages\/55\/revisions"}],"predecessor-version":[{"id":1284,"href":"http:\/\/dunewellnessgroup.com\/elephant-valley\/wp-json\/wp\/v2\/pages\/55\/revisions\/1284"}],"up":[{"embeddable":true,"href":"http:\/\/dunewellnessgroup.com\/elephant-valley\/wp-json\/wp\/v2\/pages\/1291"}],"wp:featuredmedia":[{"embeddable":true,"href":"http:\/\/dunewellnessgroup.com\/elephant-valley\/wp-json\/wp\/v2\/media\/1246"}],"wp:attachment":[{"href":"http:\/\/dunewellnessgroup.com\/elephant-valley\/wp-json\/wp\/v2\/media?parent=55"}],"curies":[{"name":"wp","href":"https:\/\/api.w.org\/{rel}","templated":true}]}}