{"id":1264,"date":"2016-07-02T09:23:33","date_gmt":"2016-07-02T13:23:33","guid":{"rendered":"http:\/\/dunewellnessgroup.com\/chopra-healing-center\/yoga-and-meditation\/"},"modified":"2026-02-01T21:06:53","modified_gmt":"2026-02-02T01:06:53","slug":"yoga-and-meditation","status":"publish","type":"page","link":"https:\/\/dunewellnessgroup.com\/Dune-healing-center\/yoga-and-meditation\/","title":{"rendered":"Yoga &amp; M\u00e9ditation"},"content":{"rendered":"<div class=\"hide\">\n<a href=\"https:\/\/dunewellnessgroup.com\/Dune-healing-center\/yoga-and-meditation\/\"><\/a><br \/>\nExperience daily yoga and meditation classes at Dune Healing Center in Puducherry as part of holistic Ayurvedic healing and wellness.\n<\/div>\n","protected":false},"excerpt":{"rendered":"<p>Experience daily yoga and meditation classes at Dune Healing Center in Puducherry as part of holistic Ayurvedic healing and wellness.<\/p>\n","protected":false},"author":4,"featured_media":23,"parent":0,"menu_order":5,"comment_status":"closed","ping_status":"closed","template":"","meta":{"_acf_changed":false,"footnotes":""},"class_list":["post-1264","page","type-page","status-publish","has-post-thumbnail","hentry"],"acf":[],"yoast_head":"<!-- This site is optimized with the Yoast SEO Premium plugin v27.1 (Yoast SEO v27.1.1) - https:\/\/yoast.com\/product\/yoast-seo-premium-wordpress\/ -->\n<title>Yoga &amp; M\u00e9ditation &#8902; Dune Healing Center<\/title>\n<meta name=\"description\" content=\"Experience daily yoga and meditation classes at Dune Healing Center in Puducherry as part of holistic Ayurvedic healing and wellness.\" \/>\n<meta name=\"robots\" content=\"noindex, follow, max-snippet:-1, max-image-preview:large, max-video-preview:-1\" \/>\n<meta property=\"og:locale\" content=\"en_US\" \/>\n<meta property=\"og:type\" content=\"article\" \/>\n<meta property=\"og:title\" content=\"Yoga &amp; M\u00e9ditation\" \/>\n<meta property=\"og:description\" content=\"Experience daily yoga and meditation classes at Dune Healing Center in Puducherry as part of holistic Ayurvedic healing and wellness.\" \/>\n<meta property=\"og:url\" content=\"https:\/\/dunewellnessgroup.com\/Dune-healing-center\/yoga-and-meditation\/\" \/>\n<meta property=\"og:site_name\" content=\"Dune Healing Center\" \/>\n<meta property=\"article:publisher\" content=\"https:\/\/www.facebook.com\/Dune-Wellness-Group-813293598700021\/\" \/>\n<meta property=\"article:modified_time\" content=\"2026-02-02T01:06:53+00:00\" \/>\n<meta property=\"og:image\" content=\"http:\/\/dunewellnessgroup.com\/wp-content\/uploads\/sites\/28\/2016\/06\/dune-paradise-spa-paradise-ayurveda-02_full.jpg\" \/>\n\t<meta property=\"og:image:width\" content=\"1200\" \/>\n\t<meta property=\"og:image:height\" content=\"610\" \/>\n\t<meta property=\"og:image:type\" content=\"image\/jpeg\" \/>\n<meta name=\"twitter:card\" content=\"summary_large_image\" \/>\n<meta name=\"twitter:site\" content=\"@DuneEcoGroup\" \/>\n<meta name=\"twitter:label1\" content=\"Est. reading time\" \/>\n\t<meta name=\"twitter:data1\" content=\"1 minute\" \/>\n<script type=\"application\/ld+json\" class=\"yoast-schema-graph\">{\"@context\":\"https:\/\/schema.org\",\"@graph\":[{\"@type\":\"WebPage\",\"@id\":\"https:\/\/dunewellnessgroup.com\/Dune-healing-center\/yoga-and-meditation\/\",\"url\":\"https:\/\/dunewellnessgroup.com\/Dune-healing-center\/yoga-and-meditation\/\",\"name\":\"Yoga &amp; M\u00e9ditation &#8902; Dune Healing Center\",\"isPartOf\":{\"@id\":\"https:\/\/dunewellnessgroup.com\/Dune-healing-center\/#website\"},\"primaryImageOfPage\":{\"@id\":\"https:\/\/dunewellnessgroup.com\/Dune-healing-center\/yoga-and-meditation\/#primaryimage\"},\"image\":{\"@id\":\"https:\/\/dunewellnessgroup.com\/Dune-healing-center\/yoga-and-meditation\/#primaryimage\"},\"thumbnailUrl\":\"https:\/\/dunewellnessgroup.com\/wp-content\/uploads\/sites\/28\/2016\/06\/dune-paradise-spa-paradise-ayurveda-02_full.jpg\",\"datePublished\":\"2016-07-02T13:23:33+00:00\",\"dateModified\":\"2026-02-02T01:06:53+00:00\",\"description\":\"Experience daily yoga and meditation classes at Dune Healing Center in Puducherry as part of holistic Ayurvedic healing and wellness.\",\"breadcrumb\":{\"@id\":\"https:\/\/dunewellnessgroup.com\/Dune-healing-center\/yoga-and-meditation\/#breadcrumb\"},\"inLanguage\":\"en-US\",\"potentialAction\":[{\"@type\":\"ReadAction\",\"target\":[\"https:\/\/dunewellnessgroup.com\/Dune-healing-center\/yoga-and-meditation\/\"]}]},{\"@type\":\"ImageObject\",\"inLanguage\":\"en-US\",\"@id\":\"https:\/\/dunewellnessgroup.com\/Dune-healing-center\/yoga-and-meditation\/#primaryimage\",\"url\":\"https:\/\/dunewellnessgroup.com\/wp-content\/uploads\/sites\/28\/2016\/06\/dune-paradise-spa-paradise-ayurveda-02_full.jpg\",\"contentUrl\":\"https:\/\/dunewellnessgroup.com\/wp-content\/uploads\/sites\/28\/2016\/06\/dune-paradise-spa-paradise-ayurveda-02_full.jpg\",\"width\":1200,\"height\":610,\"caption\":\"2 practitioners at the yoga hall at Dune Eco Village and Spa hotel near Puducherry in India\"},{\"@type\":\"BreadcrumbList\",\"@id\":\"https:\/\/dunewellnessgroup.com\/Dune-healing-center\/yoga-and-meditation\/#breadcrumb\",\"itemListElement\":[{\"@type\":\"ListItem\",\"position\":1,\"name\":\"Home\",\"item\":\"https:\/\/dunewellnessgroup.com\/Dune-healing-center\/\"},{\"@type\":\"ListItem\",\"position\":2,\"name\":\"Yoga &amp; M\u00e9ditation\"}]},{\"@type\":\"WebSite\",\"@id\":\"https:\/\/dunewellnessgroup.com\/Dune-healing-center\/#website\",\"url\":\"https:\/\/dunewellnessgroup.com\/Dune-healing-center\/\",\"name\":\"Dune Healing Center\",\"description\":\"Meilleur centre de m\u00e9decine Ayurv\u00e9dique \u00e0 Dune Eco Village and Spa\",\"potentialAction\":[{\"@type\":\"SearchAction\",\"target\":{\"@type\":\"EntryPoint\",\"urlTemplate\":\"https:\/\/dunewellnessgroup.com\/Dune-healing-center\/?s={search_term_string}\"},\"query-input\":{\"@type\":\"PropertyValueSpecification\",\"valueRequired\":true,\"valueName\":\"search_term_string\"}}],\"inLanguage\":\"en-US\"}]}<\/script>\n<!-- \/ Yoast SEO Premium plugin. -->","yoast_head_json":{"title":"Yoga &amp; M\u00e9ditation &#8902; Dune Healing Center","description":"Experience daily yoga and meditation classes at Dune Healing Center in Puducherry as part of holistic Ayurvedic healing and wellness.","robots":{"index":"noindex","follow":"follow","max-snippet":"max-snippet:-1","max-image-preview":"max-image-preview:large","max-video-preview":"max-video-preview:-1"},"og_locale":"en_US","og_type":"article","og_title":"Yoga &amp; M\u00e9ditation","og_description":"Experience daily yoga and meditation classes at Dune Healing Center in Puducherry as part of holistic Ayurvedic healing and wellness.","og_url":"https:\/\/dunewellnessgroup.com\/Dune-healing-center\/yoga-and-meditation\/","og_site_name":"Dune Healing Center","article_publisher":"https:\/\/www.facebook.com\/Dune-Wellness-Group-813293598700021\/","article_modified_time":"2026-02-02T01:06:53+00:00","og_image":[{"width":1200,"height":610,"url":"http:\/\/dunewellnessgroup.com\/wp-content\/uploads\/sites\/28\/2016\/06\/dune-paradise-spa-paradise-ayurveda-02_full.jpg","type":"image\/jpeg"}],"twitter_card":"summary_large_image","twitter_site":"@DuneEcoGroup","twitter_misc":{"Est. reading time":"1 minute"},"schema":{"@context":"https:\/\/schema.org","@graph":[{"@type":"WebPage","@id":"https:\/\/dunewellnessgroup.com\/Dune-healing-center\/yoga-and-meditation\/","url":"https:\/\/dunewellnessgroup.com\/Dune-healing-center\/yoga-and-meditation\/","name":"Yoga &amp; M\u00e9ditation &#8902; Dune Healing Center","isPartOf":{"@id":"https:\/\/dunewellnessgroup.com\/Dune-healing-center\/#website"},"primaryImageOfPage":{"@id":"https:\/\/dunewellnessgroup.com\/Dune-healing-center\/yoga-and-meditation\/#primaryimage"},"image":{"@id":"https:\/\/dunewellnessgroup.com\/Dune-healing-center\/yoga-and-meditation\/#primaryimage"},"thumbnailUrl":"https:\/\/dunewellnessgroup.com\/wp-content\/uploads\/sites\/28\/2016\/06\/dune-paradise-spa-paradise-ayurveda-02_full.jpg","datePublished":"2016-07-02T13:23:33+00:00","dateModified":"2026-02-02T01:06:53+00:00","description":"Experience daily yoga and meditation classes at Dune Healing Center in Puducherry as part of holistic Ayurvedic healing and wellness.","breadcrumb":{"@id":"https:\/\/dunewellnessgroup.com\/Dune-healing-center\/yoga-and-meditation\/#breadcrumb"},"inLanguage":"en-US","potentialAction":[{"@type":"ReadAction","target":["https:\/\/dunewellnessgroup.com\/Dune-healing-center\/yoga-and-meditation\/"]}]},{"@type":"ImageObject","inLanguage":"en-US","@id":"https:\/\/dunewellnessgroup.com\/Dune-healing-center\/yoga-and-meditation\/#primaryimage","url":"https:\/\/dunewellnessgroup.com\/wp-content\/uploads\/sites\/28\/2016\/06\/dune-paradise-spa-paradise-ayurveda-02_full.jpg","contentUrl":"https:\/\/dunewellnessgroup.com\/wp-content\/uploads\/sites\/28\/2016\/06\/dune-paradise-spa-paradise-ayurveda-02_full.jpg","width":1200,"height":610,"caption":"2 practitioners at the yoga hall at Dune Eco Village and Spa hotel near Puducherry in India"},{"@type":"BreadcrumbList","@id":"https:\/\/dunewellnessgroup.com\/Dune-healing-center\/yoga-and-meditation\/#breadcrumb","itemListElement":[{"@type":"ListItem","position":1,"name":"Home","item":"https:\/\/dunewellnessgroup.com\/Dune-healing-center\/"},{"@type":"ListItem","position":2,"name":"Yoga &amp; M\u00e9ditation"}]},{"@type":"WebSite","@id":"https:\/\/dunewellnessgroup.com\/Dune-healing-center\/#website","url":"https:\/\/dunewellnessgroup.com\/Dune-healing-center\/","name":"Dune Healing Center","description":"Meilleur centre de m\u00e9decine Ayurv\u00e9dique \u00e0 Dune Eco Village and Spa","potentialAction":[{"@type":"SearchAction","target":{"@type":"EntryPoint","urlTemplate":"https:\/\/dunewellnessgroup.com\/Dune-healing-center\/?s={search_term_string}"},"query-input":{"@type":"PropertyValueSpecification","valueRequired":true,"valueName":"search_term_string"}}],"inLanguage":"en-US"}]}},"_links":{"self":[{"href":"https:\/\/dunewellnessgroup.com\/Dune-healing-center\/wp-json\/wp\/v2\/pages\/1264","targetHints":{"allow":["GET"]}}],"collection":[{"href":"https:\/\/dunewellnessgroup.com\/Dune-healing-center\/wp-json\/wp\/v2\/pages"}],"about":[{"href":"https:\/\/dunewellnessgroup.com\/Dune-healing-center\/wp-json\/wp\/v2\/types\/page"}],"author":[{"embeddable":true,"href":"https:\/\/dunewellnessgroup.com\/Dune-healing-center\/wp-json\/wp\/v2\/users\/4"}],"replies":[{"embeddable":true,"href":"https:\/\/dunewellnessgroup.com\/Dune-healing-center\/wp-json\/wp\/v2\/comments?post=1264"}],"version-history":[{"count":6,"href":"https:\/\/dunewellnessgroup.com\/Dune-healing-center\/wp-json\/wp\/v2\/pages\/1264\/revisions"}],"predecessor-version":[{"id":3203,"href":"https:\/\/dunewellnessgroup.com\/Dune-healing-center\/wp-json\/wp\/v2\/pages\/1264\/revisions\/3203"}],"wp:featuredmedia":[{"embeddable":true,"href":"https:\/\/dunewellnessgroup.com\/Dune-healing-center\/wp-json\/wp\/v2\/media\/23"}],"wp:attachment":[{"href":"https:\/\/dunewellnessgroup.com\/Dune-healing-center\/wp-json\/wp\/v2\/media?parent=1264"}],"curies":[{"name":"wp","href":"https:\/\/api.w.org\/{rel}","templated":true}]}}