{"id":1271,"date":"2016-06-20T06:51:38","date_gmt":"2016-06-20T10:51:38","guid":{"rendered":"http:\/\/dunewellnessgroup.com\/chopra-healing-center\/health-and-diet-food-from-our-organic-gardens\/"},"modified":"2018-02-15T04:47:49","modified_gmt":"2018-02-15T08:47:49","slug":"health-and-diet-food-from-our-organic-gardens","status":"publish","type":"page","link":"https:\/\/dunewellnessgroup.com\/Dune-healing-center\/health-and-diet-food-from-our-organic-gardens\/","title":{"rendered":"Repas &#038; Sant\u00e9"},"content":{"rendered":"","protected":false},"excerpt":{"rendered":"","protected":false},"author":1,"featured_media":518,"parent":0,"menu_order":7,"comment_status":"closed","ping_status":"closed","template":"","meta":{"_acf_changed":false,"footnotes":""},"class_list":["post-1271","page","type-page","status-publish","has-post-thumbnail","hentry"],"acf":[],"yoast_head":"<!-- This site is optimized with the Yoast SEO Premium plugin v27.1 (Yoast SEO v27.1.1) - https:\/\/yoast.com\/product\/yoast-seo-premium-wordpress\/ -->\n<title>Repas &amp; Sant\u00e9 &#8902; Dune Healing Center<\/title>\n<meta name=\"description\" content=\"For all our cure programs, a dedicated customized diet menu will be given to the restaurant by our Doctor, after your first consultation.\" \/>\n<meta name=\"robots\" content=\"noindex, follow, max-snippet:-1, max-image-preview:large, max-video-preview:-1\" \/>\n<meta property=\"og:locale\" content=\"en_US\" \/>\n<meta property=\"og:type\" content=\"article\" \/>\n<meta property=\"og:title\" content=\"Repas &amp; Sant\u00e9\" \/>\n<meta property=\"og:description\" content=\"For all our cure programs, a dedicated customized diet menu will be given to the restaurant by our Doctor, after your first consultation.\" \/>\n<meta property=\"og:url\" content=\"https:\/\/dunewellnessgroup.com\/Dune-healing-center\/health-and-diet-food-from-our-organic-gardens\/\" \/>\n<meta property=\"og:site_name\" content=\"Dune Healing Center\" \/>\n<meta property=\"article:publisher\" content=\"https:\/\/www.facebook.com\/Dune-Wellness-Group-813293598700021\/\" \/>\n<meta property=\"article:modified_time\" content=\"2018-02-15T08:47:49+00:00\" \/>\n<meta property=\"og:image\" content=\"http:\/\/dunewellnessgroup.com\/wp-content\/uploads\/sites\/28\/2016\/06\/Dune-Health-Platter.jpg\" \/>\n\t<meta property=\"og:image:width\" content=\"1200\" \/>\n\t<meta property=\"og:image:height\" content=\"700\" \/>\n\t<meta property=\"og:image:type\" content=\"image\/jpeg\" \/>\n<meta name=\"twitter:card\" content=\"summary_large_image\" \/>\n<meta name=\"twitter:site\" content=\"@DuneEcoGroup\" \/>\n<script type=\"application\/ld+json\" class=\"yoast-schema-graph\">{\"@context\":\"https:\/\/schema.org\",\"@graph\":[{\"@type\":\"WebPage\",\"@id\":\"https:\/\/dunewellnessgroup.com\/Dune-healing-center\/health-and-diet-food-from-our-organic-gardens\/\",\"url\":\"https:\/\/dunewellnessgroup.com\/Dune-healing-center\/health-and-diet-food-from-our-organic-gardens\/\",\"name\":\"Repas & Sant\u00e9 &#8902; Dune Healing Center\",\"isPartOf\":{\"@id\":\"https:\/\/dunewellnessgroup.com\/Dune-healing-center\/#website\"},\"primaryImageOfPage\":{\"@id\":\"https:\/\/dunewellnessgroup.com\/Dune-healing-center\/health-and-diet-food-from-our-organic-gardens\/#primaryimage\"},\"image\":{\"@id\":\"https:\/\/dunewellnessgroup.com\/Dune-healing-center\/health-and-diet-food-from-our-organic-gardens\/#primaryimage\"},\"thumbnailUrl\":\"https:\/\/dunewellnessgroup.com\/wp-content\/uploads\/sites\/28\/2016\/06\/Dune-Health-Platter.jpg\",\"datePublished\":\"2016-06-20T10:51:38+00:00\",\"dateModified\":\"2018-02-15T08:47:49+00:00\",\"description\":\"For all our cure programs, a dedicated customized diet menu will be given to the restaurant by our Doctor, after your first consultation.\",\"breadcrumb\":{\"@id\":\"https:\/\/dunewellnessgroup.com\/Dune-healing-center\/health-and-diet-food-from-our-organic-gardens\/#breadcrumb\"},\"inLanguage\":\"en-US\",\"potentialAction\":[{\"@type\":\"ReadAction\",\"target\":[\"https:\/\/dunewellnessgroup.com\/Dune-healing-center\/health-and-diet-food-from-our-organic-gardens\/\"]}]},{\"@type\":\"ImageObject\",\"inLanguage\":\"en-US\",\"@id\":\"https:\/\/dunewellnessgroup.com\/Dune-healing-center\/health-and-diet-food-from-our-organic-gardens\/#primaryimage\",\"url\":\"https:\/\/dunewellnessgroup.com\/wp-content\/uploads\/sites\/28\/2016\/06\/Dune-Health-Platter.jpg\",\"contentUrl\":\"https:\/\/dunewellnessgroup.com\/wp-content\/uploads\/sites\/28\/2016\/06\/Dune-Health-Platter.jpg\",\"width\":1200,\"height\":700,\"caption\":\"For the Perfect Health Program member and for all our cure programs, a dedicated customized diet menu will be given to the restaurant by our Doctor, after your first consultation.\"},{\"@type\":\"BreadcrumbList\",\"@id\":\"https:\/\/dunewellnessgroup.com\/Dune-healing-center\/health-and-diet-food-from-our-organic-gardens\/#breadcrumb\",\"itemListElement\":[{\"@type\":\"ListItem\",\"position\":1,\"name\":\"Home\",\"item\":\"https:\/\/dunewellnessgroup.com\/Dune-healing-center\/\"},{\"@type\":\"ListItem\",\"position\":2,\"name\":\"Repas &#038; Sant\u00e9\"}]},{\"@type\":\"WebSite\",\"@id\":\"https:\/\/dunewellnessgroup.com\/Dune-healing-center\/#website\",\"url\":\"https:\/\/dunewellnessgroup.com\/Dune-healing-center\/\",\"name\":\"Dune Healing Center\",\"description\":\"Meilleur centre de m\u00e9decine Ayurv\u00e9dique \u00e0 Dune Eco Village and Spa\",\"potentialAction\":[{\"@type\":\"SearchAction\",\"target\":{\"@type\":\"EntryPoint\",\"urlTemplate\":\"https:\/\/dunewellnessgroup.com\/Dune-healing-center\/?s={search_term_string}\"},\"query-input\":{\"@type\":\"PropertyValueSpecification\",\"valueRequired\":true,\"valueName\":\"search_term_string\"}}],\"inLanguage\":\"en-US\"}]}<\/script>\n<!-- \/ Yoast SEO Premium plugin. -->","yoast_head_json":{"title":"Repas & Sant\u00e9 &#8902; Dune Healing Center","description":"For all our cure programs, a dedicated customized diet menu will be given to the restaurant by our Doctor, after your first consultation.","robots":{"index":"noindex","follow":"follow","max-snippet":"max-snippet:-1","max-image-preview":"max-image-preview:large","max-video-preview":"max-video-preview:-1"},"og_locale":"en_US","og_type":"article","og_title":"Repas & Sant\u00e9","og_description":"For all our cure programs, a dedicated customized diet menu will be given to the restaurant by our Doctor, after your first consultation.","og_url":"https:\/\/dunewellnessgroup.com\/Dune-healing-center\/health-and-diet-food-from-our-organic-gardens\/","og_site_name":"Dune Healing Center","article_publisher":"https:\/\/www.facebook.com\/Dune-Wellness-Group-813293598700021\/","article_modified_time":"2018-02-15T08:47:49+00:00","og_image":[{"width":1200,"height":700,"url":"http:\/\/dunewellnessgroup.com\/wp-content\/uploads\/sites\/28\/2016\/06\/Dune-Health-Platter.jpg","type":"image\/jpeg"}],"twitter_card":"summary_large_image","twitter_site":"@DuneEcoGroup","schema":{"@context":"https:\/\/schema.org","@graph":[{"@type":"WebPage","@id":"https:\/\/dunewellnessgroup.com\/Dune-healing-center\/health-and-diet-food-from-our-organic-gardens\/","url":"https:\/\/dunewellnessgroup.com\/Dune-healing-center\/health-and-diet-food-from-our-organic-gardens\/","name":"Repas & Sant\u00e9 &#8902; Dune Healing Center","isPartOf":{"@id":"https:\/\/dunewellnessgroup.com\/Dune-healing-center\/#website"},"primaryImageOfPage":{"@id":"https:\/\/dunewellnessgroup.com\/Dune-healing-center\/health-and-diet-food-from-our-organic-gardens\/#primaryimage"},"image":{"@id":"https:\/\/dunewellnessgroup.com\/Dune-healing-center\/health-and-diet-food-from-our-organic-gardens\/#primaryimage"},"thumbnailUrl":"https:\/\/dunewellnessgroup.com\/wp-content\/uploads\/sites\/28\/2016\/06\/Dune-Health-Platter.jpg","datePublished":"2016-06-20T10:51:38+00:00","dateModified":"2018-02-15T08:47:49+00:00","description":"For all our cure programs, a dedicated customized diet menu will be given to the restaurant by our Doctor, after your first consultation.","breadcrumb":{"@id":"https:\/\/dunewellnessgroup.com\/Dune-healing-center\/health-and-diet-food-from-our-organic-gardens\/#breadcrumb"},"inLanguage":"en-US","potentialAction":[{"@type":"ReadAction","target":["https:\/\/dunewellnessgroup.com\/Dune-healing-center\/health-and-diet-food-from-our-organic-gardens\/"]}]},{"@type":"ImageObject","inLanguage":"en-US","@id":"https:\/\/dunewellnessgroup.com\/Dune-healing-center\/health-and-diet-food-from-our-organic-gardens\/#primaryimage","url":"https:\/\/dunewellnessgroup.com\/wp-content\/uploads\/sites\/28\/2016\/06\/Dune-Health-Platter.jpg","contentUrl":"https:\/\/dunewellnessgroup.com\/wp-content\/uploads\/sites\/28\/2016\/06\/Dune-Health-Platter.jpg","width":1200,"height":700,"caption":"For the Perfect Health Program member and for all our cure programs, a dedicated customized diet menu will be given to the restaurant by our Doctor, after your first consultation."},{"@type":"BreadcrumbList","@id":"https:\/\/dunewellnessgroup.com\/Dune-healing-center\/health-and-diet-food-from-our-organic-gardens\/#breadcrumb","itemListElement":[{"@type":"ListItem","position":1,"name":"Home","item":"https:\/\/dunewellnessgroup.com\/Dune-healing-center\/"},{"@type":"ListItem","position":2,"name":"Repas &#038; Sant\u00e9"}]},{"@type":"WebSite","@id":"https:\/\/dunewellnessgroup.com\/Dune-healing-center\/#website","url":"https:\/\/dunewellnessgroup.com\/Dune-healing-center\/","name":"Dune Healing Center","description":"Meilleur centre de m\u00e9decine Ayurv\u00e9dique \u00e0 Dune Eco Village and Spa","potentialAction":[{"@type":"SearchAction","target":{"@type":"EntryPoint","urlTemplate":"https:\/\/dunewellnessgroup.com\/Dune-healing-center\/?s={search_term_string}"},"query-input":{"@type":"PropertyValueSpecification","valueRequired":true,"valueName":"search_term_string"}}],"inLanguage":"en-US"}]}},"_links":{"self":[{"href":"https:\/\/dunewellnessgroup.com\/Dune-healing-center\/wp-json\/wp\/v2\/pages\/1271","targetHints":{"allow":["GET"]}}],"collection":[{"href":"https:\/\/dunewellnessgroup.com\/Dune-healing-center\/wp-json\/wp\/v2\/pages"}],"about":[{"href":"https:\/\/dunewellnessgroup.com\/Dune-healing-center\/wp-json\/wp\/v2\/types\/page"}],"author":[{"embeddable":true,"href":"https:\/\/dunewellnessgroup.com\/Dune-healing-center\/wp-json\/wp\/v2\/users\/1"}],"replies":[{"embeddable":true,"href":"https:\/\/dunewellnessgroup.com\/Dune-healing-center\/wp-json\/wp\/v2\/comments?post=1271"}],"version-history":[{"count":4,"href":"https:\/\/dunewellnessgroup.com\/Dune-healing-center\/wp-json\/wp\/v2\/pages\/1271\/revisions"}],"predecessor-version":[{"id":3207,"href":"https:\/\/dunewellnessgroup.com\/Dune-healing-center\/wp-json\/wp\/v2\/pages\/1271\/revisions\/3207"}],"wp:featuredmedia":[{"embeddable":true,"href":"https:\/\/dunewellnessgroup.com\/Dune-healing-center\/wp-json\/wp\/v2\/media\/518"}],"wp:attachment":[{"href":"https:\/\/dunewellnessgroup.com\/Dune-healing-center\/wp-json\/wp\/v2\/media?parent=1271"}],"curies":[{"name":"wp","href":"https:\/\/api.w.org\/{rel}","templated":true}]}}