{"id":2103,"date":"2024-10-18T18:29:40","date_gmt":"2024-10-18T22:29:40","guid":{"rendered":"https:\/\/dunewellnessgroup.com\/Dune-healing-center\/?page_id=2103"},"modified":"2026-01-26T08:15:38","modified_gmt":"2026-01-26T12:15:38","slug":"luxury-dune-signature-packages","status":"publish","type":"page","link":"https:\/\/dunewellnessgroup.com\/Dune-healing-center\/ayurvedic-cures-healing-massages-yoga-meditation-diet\/luxury-dune-signature-packages\/","title":{"rendered":"Luxury Dune Signature Packages"},"content":{"rendered":"<div class=\"hide\">\n<a href=\"https:\/\/dunewellnessgroup.com\/Dune-healing-center\/ayurvedic-cures-healing-massages-yoga-meditation-diet\/luxury-dune-signature-packages\"><\/a><br \/>\n<img decoding=\"async\" src=\"https:\/\/dunewellnessgroup.com\/Dune-healing-center\" alt=\"Luxury Dune Signature Packages\"><br \/>\nIndulge in Luxury Dune Signature wellness packages with Ayurvedic massages, facials, yoga &amp; meditation for deep relaxation and rejuvenation.\n<\/div>\n","protected":false},"excerpt":{"rendered":"<p>Indulge in Luxury Dune Signature wellness packages with Ayurvedic massages, facials, yoga &amp; meditation for deep relaxation and rejuvenation.<\/p>\n","protected":false},"author":4,"featured_media":2133,"parent":892,"menu_order":1,"comment_status":"closed","ping_status":"closed","template":"","meta":{"_acf_changed":false,"footnotes":""},"class_list":["post-2103","page","type-page","status-publish","has-post-thumbnail","hentry"],"acf":[],"yoast_head":"<!-- This site is optimized with the Yoast SEO Premium plugin v27.1 (Yoast SEO v27.1.1) - https:\/\/yoast.com\/product\/yoast-seo-premium-wordpress\/ -->\n<title>Luxury Dune Signature Packages \u22c6 Dune Healing Center<\/title>\n<meta name=\"description\" content=\"Indulge in Luxury Dune Signature wellness packages with Ayurvedic massages, facials, yoga &amp; meditation for deep relaxation and rejuvenation.\" \/>\n<meta name=\"robots\" content=\"noindex, follow, max-snippet:-1, max-image-preview:large, max-video-preview:-1\" \/>\n<meta property=\"og:locale\" content=\"en_US\" \/>\n<meta property=\"og:type\" content=\"article\" \/>\n<meta property=\"og:title\" content=\"Luxury Dune Signature Packages\" \/>\n<meta property=\"og:description\" content=\"Indulge in Luxury Dune Signature wellness packages with Ayurvedic massages, facials, yoga &amp; meditation for deep relaxation and rejuvenation.\" \/>\n<meta property=\"og:url\" content=\"https:\/\/dunewellnessgroup.com\/Dune-healing-center\/ayurvedic-cures-healing-massages-yoga-meditation-diet\/luxury-dune-signature-packages\/\" \/>\n<meta property=\"og:site_name\" content=\"Dune Healing Center\" \/>\n<meta property=\"article:publisher\" content=\"https:\/\/www.facebook.com\/Dune-Wellness-Group-813293598700021\/\" \/>\n<meta property=\"article:modified_time\" content=\"2026-01-26T12:15:38+00:00\" \/>\n<meta property=\"og:image\" content=\"http:\/\/dunewellnessgroup.com\/wp-content\/uploads\/sites\/28\/2024\/10\/Head-Massage-A-photo-of-a-masseuse-gently-massaging-a-clients-scalp.webp\" \/>\n\t<meta property=\"og:image:width\" content=\"634\" \/>\n\t<meta property=\"og:image:height\" content=\"490\" \/>\n\t<meta property=\"og:image:type\" content=\"image\/webp\" \/>\n<meta name=\"twitter:card\" content=\"summary_large_image\" \/>\n<meta name=\"twitter:site\" content=\"@DuneEcoGroup\" \/>\n<meta name=\"twitter:label1\" content=\"Est. reading time\" \/>\n\t<meta name=\"twitter:data1\" content=\"1 minute\" \/>\n<script type=\"application\/ld+json\" class=\"yoast-schema-graph\">{\"@context\":\"https:\/\/schema.org\",\"@graph\":[{\"@type\":\"Article\",\"@id\":\"https:\/\/dunewellnessgroup.com\/Dune-healing-center\/ayurvedic-cures-healing-massages-yoga-meditation-diet\/luxury-dune-signature-packages\/#article\",\"isPartOf\":{\"@id\":\"https:\/\/dunewellnessgroup.com\/Dune-healing-center\/ayurvedic-cures-healing-massages-yoga-meditation-diet\/luxury-dune-signature-packages\/\"},\"author\":{\"name\":\"Laurent Klein\",\"@id\":\"https:\/\/dunewellnessgroup.com\/Dune-healing-center\/#\/schema\/person\/0cc657facfaac4f47aadce3f65f48c83\"},\"headline\":\"Luxury Dune Signature Packages\",\"datePublished\":\"2024-10-18T22:29:40+00:00\",\"dateModified\":\"2026-01-26T12:15:38+00:00\",\"mainEntityOfPage\":{\"@id\":\"https:\/\/dunewellnessgroup.com\/Dune-healing-center\/ayurvedic-cures-healing-massages-yoga-meditation-diet\/luxury-dune-signature-packages\/\"},\"wordCount\":23,\"image\":{\"@id\":\"https:\/\/dunewellnessgroup.com\/Dune-healing-center\/ayurvedic-cures-healing-massages-yoga-meditation-diet\/luxury-dune-signature-packages\/#primaryimage\"},\"thumbnailUrl\":\"https:\/\/dunewellnessgroup.com\/wp-content\/uploads\/sites\/28\/2024\/10\/Head-Massage-A-photo-of-a-masseuse-gently-massaging-a-clients-scalp.webp\",\"inLanguage\":\"en-US\"},{\"@type\":\"WebPage\",\"@id\":\"https:\/\/dunewellnessgroup.com\/Dune-healing-center\/ayurvedic-cures-healing-massages-yoga-meditation-diet\/luxury-dune-signature-packages\/\",\"url\":\"https:\/\/dunewellnessgroup.com\/Dune-healing-center\/ayurvedic-cures-healing-massages-yoga-meditation-diet\/luxury-dune-signature-packages\/\",\"name\":\"Luxury Dune Signature Packages \u22c6 Dune Healing Center\",\"isPartOf\":{\"@id\":\"https:\/\/dunewellnessgroup.com\/Dune-healing-center\/#website\"},\"primaryImageOfPage\":{\"@id\":\"https:\/\/dunewellnessgroup.com\/Dune-healing-center\/ayurvedic-cures-healing-massages-yoga-meditation-diet\/luxury-dune-signature-packages\/#primaryimage\"},\"image\":{\"@id\":\"https:\/\/dunewellnessgroup.com\/Dune-healing-center\/ayurvedic-cures-healing-massages-yoga-meditation-diet\/luxury-dune-signature-packages\/#primaryimage\"},\"thumbnailUrl\":\"https:\/\/dunewellnessgroup.com\/wp-content\/uploads\/sites\/28\/2024\/10\/Head-Massage-A-photo-of-a-masseuse-gently-massaging-a-clients-scalp.webp\",\"datePublished\":\"2024-10-18T22:29:40+00:00\",\"dateModified\":\"2026-01-26T12:15:38+00:00\",\"description\":\"Indulge in Luxury Dune Signature wellness packages with Ayurvedic massages, facials, yoga & meditation for deep relaxation and rejuvenation.\",\"breadcrumb\":{\"@id\":\"https:\/\/dunewellnessgroup.com\/Dune-healing-center\/ayurvedic-cures-healing-massages-yoga-meditation-diet\/luxury-dune-signature-packages\/#breadcrumb\"},\"inLanguage\":\"en-US\",\"potentialAction\":[{\"@type\":\"ReadAction\",\"target\":[\"https:\/\/dunewellnessgroup.com\/Dune-healing-center\/ayurvedic-cures-healing-massages-yoga-meditation-diet\/luxury-dune-signature-packages\/\"]}]},{\"@type\":\"ImageObject\",\"inLanguage\":\"en-US\",\"@id\":\"https:\/\/dunewellnessgroup.com\/Dune-healing-center\/ayurvedic-cures-healing-massages-yoga-meditation-diet\/luxury-dune-signature-packages\/#primaryimage\",\"url\":\"https:\/\/dunewellnessgroup.com\/wp-content\/uploads\/sites\/28\/2024\/10\/Head-Massage-A-photo-of-a-masseuse-gently-massaging-a-clients-scalp.webp\",\"contentUrl\":\"https:\/\/dunewellnessgroup.com\/wp-content\/uploads\/sites\/28\/2024\/10\/Head-Massage-A-photo-of-a-masseuse-gently-massaging-a-clients-scalp.webp\",\"width\":634,\"height\":490},{\"@type\":\"BreadcrumbList\",\"@id\":\"https:\/\/dunewellnessgroup.com\/Dune-healing-center\/ayurvedic-cures-healing-massages-yoga-meditation-diet\/luxury-dune-signature-packages\/#breadcrumb\",\"itemListElement\":[{\"@type\":\"ListItem\",\"position\":1,\"name\":\"Home\",\"item\":\"https:\/\/dunewellnessgroup.com\/Dune-healing-center\/\"},{\"@type\":\"ListItem\",\"position\":2,\"name\":\"Ayurveda &amp; Other Therapies\",\"item\":\"https:\/\/dunewellnessgroup.com\/Dune-healing-center\/ayurvedic-cures-healing-massages-yoga-meditation-diet\/\"},{\"@type\":\"ListItem\",\"position\":3,\"name\":\"Luxury Dune Signature Packages\"}]},{\"@type\":\"WebSite\",\"@id\":\"https:\/\/dunewellnessgroup.com\/Dune-healing-center\/#website\",\"url\":\"https:\/\/dunewellnessgroup.com\/Dune-healing-center\/\",\"name\":\"Dune Healing Center\",\"description\":\"Meilleur centre de m\u00e9decine Ayurv\u00e9dique \u00e0 Dune Eco Village and Spa\",\"potentialAction\":[{\"@type\":\"SearchAction\",\"target\":{\"@type\":\"EntryPoint\",\"urlTemplate\":\"https:\/\/dunewellnessgroup.com\/Dune-healing-center\/?s={search_term_string}\"},\"query-input\":{\"@type\":\"PropertyValueSpecification\",\"valueRequired\":true,\"valueName\":\"search_term_string\"}}],\"inLanguage\":\"en-US\"},{\"@type\":\"Person\",\"@id\":\"https:\/\/dunewellnessgroup.com\/Dune-healing-center\/#\/schema\/person\/0cc657facfaac4f47aadce3f65f48c83\",\"name\":\"Laurent Klein\",\"image\":{\"@type\":\"ImageObject\",\"inLanguage\":\"en-US\",\"@id\":\"https:\/\/dunewellnessgroup.com\/Dune-healing-center\/#\/schema\/person\/image\/\",\"url\":\"https:\/\/dunewellnessgroup.com\/wp-content\/litespeed\/avatar\/28\/905fecfce76db48f6715795fe6a1b806.jpg?ver=1777578542\",\"contentUrl\":\"https:\/\/dunewellnessgroup.com\/wp-content\/litespeed\/avatar\/28\/905fecfce76db48f6715795fe6a1b806.jpg?ver=1777578542\",\"caption\":\"Laurent Klein\"},\"description\":\"Experienced manager, I like to develop a global approach to the company. My energy is focused on the growth of society and the will to innovate with the constant concern to balance risk taking and preservation of achievements. I have in my life had the chance to create many technological innovations. I have successfully managed many websites for more than 10 years.\",\"sameAs\":[\"https:\/\/laurent-klein.fr\",\"https:\/\/www.facebook.com\/Laurent.Klein.SOA\"],\"url\":\"https:\/\/dunewellnessgroup.com\/Dune-healing-center\/author\/laurent\/\"}]}<\/script>\n<!-- \/ Yoast SEO Premium plugin. -->","yoast_head_json":{"title":"Luxury Dune Signature Packages \u22c6 Dune Healing Center","description":"Indulge in Luxury Dune Signature wellness packages with Ayurvedic massages, facials, yoga & meditation for deep relaxation and rejuvenation.","robots":{"index":"noindex","follow":"follow","max-snippet":"max-snippet:-1","max-image-preview":"max-image-preview:large","max-video-preview":"max-video-preview:-1"},"og_locale":"en_US","og_type":"article","og_title":"Luxury Dune Signature Packages","og_description":"Indulge in Luxury Dune Signature wellness packages with Ayurvedic massages, facials, yoga & meditation for deep relaxation and rejuvenation.","og_url":"https:\/\/dunewellnessgroup.com\/Dune-healing-center\/ayurvedic-cures-healing-massages-yoga-meditation-diet\/luxury-dune-signature-packages\/","og_site_name":"Dune Healing Center","article_publisher":"https:\/\/www.facebook.com\/Dune-Wellness-Group-813293598700021\/","article_modified_time":"2026-01-26T12:15:38+00:00","og_image":[{"width":634,"height":490,"url":"http:\/\/dunewellnessgroup.com\/wp-content\/uploads\/sites\/28\/2024\/10\/Head-Massage-A-photo-of-a-masseuse-gently-massaging-a-clients-scalp.webp","type":"image\/webp"}],"twitter_card":"summary_large_image","twitter_site":"@DuneEcoGroup","twitter_misc":{"Est. reading time":"1 minute"},"schema":{"@context":"https:\/\/schema.org","@graph":[{"@type":"Article","@id":"https:\/\/dunewellnessgroup.com\/Dune-healing-center\/ayurvedic-cures-healing-massages-yoga-meditation-diet\/luxury-dune-signature-packages\/#article","isPartOf":{"@id":"https:\/\/dunewellnessgroup.com\/Dune-healing-center\/ayurvedic-cures-healing-massages-yoga-meditation-diet\/luxury-dune-signature-packages\/"},"author":{"name":"Laurent Klein","@id":"https:\/\/dunewellnessgroup.com\/Dune-healing-center\/#\/schema\/person\/0cc657facfaac4f47aadce3f65f48c83"},"headline":"Luxury Dune Signature Packages","datePublished":"2024-10-18T22:29:40+00:00","dateModified":"2026-01-26T12:15:38+00:00","mainEntityOfPage":{"@id":"https:\/\/dunewellnessgroup.com\/Dune-healing-center\/ayurvedic-cures-healing-massages-yoga-meditation-diet\/luxury-dune-signature-packages\/"},"wordCount":23,"image":{"@id":"https:\/\/dunewellnessgroup.com\/Dune-healing-center\/ayurvedic-cures-healing-massages-yoga-meditation-diet\/luxury-dune-signature-packages\/#primaryimage"},"thumbnailUrl":"https:\/\/dunewellnessgroup.com\/wp-content\/uploads\/sites\/28\/2024\/10\/Head-Massage-A-photo-of-a-masseuse-gently-massaging-a-clients-scalp.webp","inLanguage":"en-US"},{"@type":"WebPage","@id":"https:\/\/dunewellnessgroup.com\/Dune-healing-center\/ayurvedic-cures-healing-massages-yoga-meditation-diet\/luxury-dune-signature-packages\/","url":"https:\/\/dunewellnessgroup.com\/Dune-healing-center\/ayurvedic-cures-healing-massages-yoga-meditation-diet\/luxury-dune-signature-packages\/","name":"Luxury Dune Signature Packages \u22c6 Dune Healing Center","isPartOf":{"@id":"https:\/\/dunewellnessgroup.com\/Dune-healing-center\/#website"},"primaryImageOfPage":{"@id":"https:\/\/dunewellnessgroup.com\/Dune-healing-center\/ayurvedic-cures-healing-massages-yoga-meditation-diet\/luxury-dune-signature-packages\/#primaryimage"},"image":{"@id":"https:\/\/dunewellnessgroup.com\/Dune-healing-center\/ayurvedic-cures-healing-massages-yoga-meditation-diet\/luxury-dune-signature-packages\/#primaryimage"},"thumbnailUrl":"https:\/\/dunewellnessgroup.com\/wp-content\/uploads\/sites\/28\/2024\/10\/Head-Massage-A-photo-of-a-masseuse-gently-massaging-a-clients-scalp.webp","datePublished":"2024-10-18T22:29:40+00:00","dateModified":"2026-01-26T12:15:38+00:00","description":"Indulge in Luxury Dune Signature wellness packages with Ayurvedic massages, facials, yoga & meditation for deep relaxation and rejuvenation.","breadcrumb":{"@id":"https:\/\/dunewellnessgroup.com\/Dune-healing-center\/ayurvedic-cures-healing-massages-yoga-meditation-diet\/luxury-dune-signature-packages\/#breadcrumb"},"inLanguage":"en-US","potentialAction":[{"@type":"ReadAction","target":["https:\/\/dunewellnessgroup.com\/Dune-healing-center\/ayurvedic-cures-healing-massages-yoga-meditation-diet\/luxury-dune-signature-packages\/"]}]},{"@type":"ImageObject","inLanguage":"en-US","@id":"https:\/\/dunewellnessgroup.com\/Dune-healing-center\/ayurvedic-cures-healing-massages-yoga-meditation-diet\/luxury-dune-signature-packages\/#primaryimage","url":"https:\/\/dunewellnessgroup.com\/wp-content\/uploads\/sites\/28\/2024\/10\/Head-Massage-A-photo-of-a-masseuse-gently-massaging-a-clients-scalp.webp","contentUrl":"https:\/\/dunewellnessgroup.com\/wp-content\/uploads\/sites\/28\/2024\/10\/Head-Massage-A-photo-of-a-masseuse-gently-massaging-a-clients-scalp.webp","width":634,"height":490},{"@type":"BreadcrumbList","@id":"https:\/\/dunewellnessgroup.com\/Dune-healing-center\/ayurvedic-cures-healing-massages-yoga-meditation-diet\/luxury-dune-signature-packages\/#breadcrumb","itemListElement":[{"@type":"ListItem","position":1,"name":"Home","item":"https:\/\/dunewellnessgroup.com\/Dune-healing-center\/"},{"@type":"ListItem","position":2,"name":"Ayurveda &amp; Other Therapies","item":"https:\/\/dunewellnessgroup.com\/Dune-healing-center\/ayurvedic-cures-healing-massages-yoga-meditation-diet\/"},{"@type":"ListItem","position":3,"name":"Luxury Dune Signature Packages"}]},{"@type":"WebSite","@id":"https:\/\/dunewellnessgroup.com\/Dune-healing-center\/#website","url":"https:\/\/dunewellnessgroup.com\/Dune-healing-center\/","name":"Dune Healing Center","description":"Meilleur centre de m\u00e9decine Ayurv\u00e9dique \u00e0 Dune Eco Village and Spa","potentialAction":[{"@type":"SearchAction","target":{"@type":"EntryPoint","urlTemplate":"https:\/\/dunewellnessgroup.com\/Dune-healing-center\/?s={search_term_string}"},"query-input":{"@type":"PropertyValueSpecification","valueRequired":true,"valueName":"search_term_string"}}],"inLanguage":"en-US"},{"@type":"Person","@id":"https:\/\/dunewellnessgroup.com\/Dune-healing-center\/#\/schema\/person\/0cc657facfaac4f47aadce3f65f48c83","name":"Laurent Klein","image":{"@type":"ImageObject","inLanguage":"en-US","@id":"https:\/\/dunewellnessgroup.com\/Dune-healing-center\/#\/schema\/person\/image\/","url":"https:\/\/dunewellnessgroup.com\/wp-content\/litespeed\/avatar\/28\/905fecfce76db48f6715795fe6a1b806.jpg?ver=1777578542","contentUrl":"https:\/\/dunewellnessgroup.com\/wp-content\/litespeed\/avatar\/28\/905fecfce76db48f6715795fe6a1b806.jpg?ver=1777578542","caption":"Laurent Klein"},"description":"Experienced manager, I like to develop a global approach to the company. My energy is focused on the growth of society and the will to innovate with the constant concern to balance risk taking and preservation of achievements. I have in my life had the chance to create many technological innovations. I have successfully managed many websites for more than 10 years.","sameAs":["https:\/\/laurent-klein.fr","https:\/\/www.facebook.com\/Laurent.Klein.SOA"],"url":"https:\/\/dunewellnessgroup.com\/Dune-healing-center\/author\/laurent\/"}]}},"_links":{"self":[{"href":"https:\/\/dunewellnessgroup.com\/Dune-healing-center\/wp-json\/wp\/v2\/pages\/2103","targetHints":{"allow":["GET"]}}],"collection":[{"href":"https:\/\/dunewellnessgroup.com\/Dune-healing-center\/wp-json\/wp\/v2\/pages"}],"about":[{"href":"https:\/\/dunewellnessgroup.com\/Dune-healing-center\/wp-json\/wp\/v2\/types\/page"}],"author":[{"embeddable":true,"href":"https:\/\/dunewellnessgroup.com\/Dune-healing-center\/wp-json\/wp\/v2\/users\/4"}],"replies":[{"embeddable":true,"href":"https:\/\/dunewellnessgroup.com\/Dune-healing-center\/wp-json\/wp\/v2\/comments?post=2103"}],"version-history":[{"count":20,"href":"https:\/\/dunewellnessgroup.com\/Dune-healing-center\/wp-json\/wp\/v2\/pages\/2103\/revisions"}],"predecessor-version":[{"id":3137,"href":"https:\/\/dunewellnessgroup.com\/Dune-healing-center\/wp-json\/wp\/v2\/pages\/2103\/revisions\/3137"}],"up":[{"embeddable":true,"href":"https:\/\/dunewellnessgroup.com\/Dune-healing-center\/wp-json\/wp\/v2\/pages\/892"}],"wp:featuredmedia":[{"embeddable":true,"href":"https:\/\/dunewellnessgroup.com\/Dune-healing-center\/wp-json\/wp\/v2\/media\/2133"}],"wp:attachment":[{"href":"https:\/\/dunewellnessgroup.com\/Dune-healing-center\/wp-json\/wp\/v2\/media?parent=2103"}],"curies":[{"name":"wp","href":"https:\/\/api.w.org\/{rel}","templated":true}]}}