{"id":2861,"date":"2024-10-23T10:48:42","date_gmt":"2024-10-23T14:48:42","guid":{"rendered":"https:\/\/dunewellnessgroup.com\/Dune-healing-center\/?page_id=2861"},"modified":"2026-01-26T23:52:06","modified_gmt":"2026-01-27T03:52:06","slug":"hair-spa-treatments","status":"publish","type":"page","link":"https:\/\/dunewellnessgroup.com\/Dune-healing-center\/ayurvedic-cures-healing-massages-yoga-meditation-diet\/hair-spa-treatments\/","title":{"rendered":"Hair Spa Treatments"},"content":{"rendered":"<div class=\"hide\">\n<a href=\"https:\/\/dunewellnessgroup.com\/Dune-healing-center\/ayurvedic-cures-healing-massages-yoga-meditation-diet\/hair-spa-treatments\/\"><\/a><br \/>\nrewarding career opportunities<img decoding=\"async\" src=\"https:\/\/dunewellnessgroup.com\/wp-content\/uploads\/2016\/06\/DUNEwellnessgroup-resized.svg\" alt=\"hair spa treatments\"><br \/>\nRejuvenate your hair with Ayurvedic Hair Spa treatments at Dune Healing Center \u2014 strengthening, nourishing and revitalizing for healthy, vibrant hair.\n<\/div>\n","protected":false},"excerpt":{"rendered":"<p>rewarding career opportunities Rejuvenate your hair with Ayurvedic Hair Spa treatments at Dune Healing Center \u2014 strengthening, nourishing and revitalizing for healthy, vibrant hair.<\/p>\n","protected":false},"author":4,"featured_media":2852,"parent":892,"menu_order":4,"comment_status":"closed","ping_status":"closed","template":"","meta":{"_acf_changed":false,"footnotes":""},"class_list":["post-2861","page","type-page","status-publish","has-post-thumbnail","hentry"],"acf":[],"yoast_head":"<!-- This site is optimized with the Yoast SEO Premium plugin v27.1 (Yoast SEO v27.1.1) - https:\/\/yoast.com\/product\/yoast-seo-premium-wordpress\/ -->\n<title>Hair Spa Treatments &#8902; Dune Healing Center<\/title>\n<meta name=\"description\" content=\"Rejuvenate your hair with Ayurvedic Hair Spa treatments at Dune Healing Center \u2014 strengthening, nourishing and revitalizing for healthy, vibrant hair.\" \/>\n<meta name=\"robots\" content=\"noindex, follow, max-snippet:-1, max-image-preview:large, max-video-preview:-1\" \/>\n<meta property=\"og:locale\" content=\"en_US\" \/>\n<meta property=\"og:type\" content=\"article\" \/>\n<meta property=\"og:title\" content=\"Hair Spa Treatments\" \/>\n<meta property=\"og:description\" content=\"Rejuvenate your hair with Ayurvedic Hair Spa treatments at Dune Healing Center \u2014 strengthening, nourishing and revitalizing for healthy, vibrant hair.\" \/>\n<meta property=\"og:url\" content=\"https:\/\/dunewellnessgroup.com\/Dune-healing-center\/ayurvedic-cures-healing-massages-yoga-meditation-diet\/hair-spa-treatments\/\" \/>\n<meta property=\"og:site_name\" content=\"Dune Healing Center\" \/>\n<meta property=\"article:publisher\" content=\"https:\/\/www.facebook.com\/Dune-Wellness-Group-813293598700021\/\" \/>\n<meta property=\"article:modified_time\" content=\"2026-01-27T03:52:06+00:00\" \/>\n<meta property=\"og:image\" content=\"http:\/\/dunewellnessgroup.com\/wp-content\/uploads\/sites\/28\/2024\/10\/hot%20oil%20hair%20treatment-scaled-e1729697716825.jpg\" \/>\n\t<meta property=\"og:image:width\" content=\"1200\" \/>\n\t<meta property=\"og:image:height\" content=\"610\" \/>\n\t<meta property=\"og:image:type\" content=\"image\/jpeg\" \/>\n<meta name=\"twitter:card\" content=\"summary_large_image\" \/>\n<meta name=\"twitter:site\" content=\"@DuneEcoGroup\" \/>\n<meta name=\"twitter:label1\" content=\"Est. reading time\" \/>\n\t<meta name=\"twitter:data1\" content=\"1 minute\" \/>\n<script type=\"application\/ld+json\" class=\"yoast-schema-graph\">{\"@context\":\"https:\/\/schema.org\",\"@graph\":[{\"@type\":\"WebPage\",\"@id\":\"https:\/\/dunewellnessgroup.com\/Dune-healing-center\/ayurvedic-cures-healing-massages-yoga-meditation-diet\/hair-spa-treatments\/\",\"url\":\"https:\/\/dunewellnessgroup.com\/Dune-healing-center\/ayurvedic-cures-healing-massages-yoga-meditation-diet\/hair-spa-treatments\/\",\"name\":\"Hair Spa Treatments &#8902; Dune Healing Center\",\"isPartOf\":{\"@id\":\"https:\/\/dunewellnessgroup.com\/Dune-healing-center\/#website\"},\"primaryImageOfPage\":{\"@id\":\"https:\/\/dunewellnessgroup.com\/Dune-healing-center\/ayurvedic-cures-healing-massages-yoga-meditation-diet\/hair-spa-treatments\/#primaryimage\"},\"image\":{\"@id\":\"https:\/\/dunewellnessgroup.com\/Dune-healing-center\/ayurvedic-cures-healing-massages-yoga-meditation-diet\/hair-spa-treatments\/#primaryimage\"},\"thumbnailUrl\":\"https:\/\/dunewellnessgroup.com\/wp-content\/uploads\/sites\/28\/2024\/10\/hot oil hair treatment-scaled-e1729697716825.jpg\",\"datePublished\":\"2024-10-23T14:48:42+00:00\",\"dateModified\":\"2026-01-27T03:52:06+00:00\",\"description\":\"Rejuvenate your hair with Ayurvedic Hair Spa treatments at Dune Healing Center \u2014 strengthening, nourishing and revitalizing for healthy, vibrant hair.\",\"breadcrumb\":{\"@id\":\"https:\/\/dunewellnessgroup.com\/Dune-healing-center\/ayurvedic-cures-healing-massages-yoga-meditation-diet\/hair-spa-treatments\/#breadcrumb\"},\"inLanguage\":\"en-US\",\"potentialAction\":[{\"@type\":\"ReadAction\",\"target\":[\"https:\/\/dunewellnessgroup.com\/Dune-healing-center\/ayurvedic-cures-healing-massages-yoga-meditation-diet\/hair-spa-treatments\/\"]}]},{\"@type\":\"ImageObject\",\"inLanguage\":\"en-US\",\"@id\":\"https:\/\/dunewellnessgroup.com\/Dune-healing-center\/ayurvedic-cures-healing-massages-yoga-meditation-diet\/hair-spa-treatments\/#primaryimage\",\"url\":\"https:\/\/dunewellnessgroup.com\/wp-content\/uploads\/sites\/28\/2024\/10\/hot oil hair treatment-scaled-e1729697716825.jpg\",\"contentUrl\":\"https:\/\/dunewellnessgroup.com\/wp-content\/uploads\/sites\/28\/2024\/10\/hot oil hair treatment-scaled-e1729697716825.jpg\",\"width\":1200,\"height\":610,\"caption\":\"Hot Oil Hair Treatment are among our best of at Dune Healing Center\"},{\"@type\":\"BreadcrumbList\",\"@id\":\"https:\/\/dunewellnessgroup.com\/Dune-healing-center\/ayurvedic-cures-healing-massages-yoga-meditation-diet\/hair-spa-treatments\/#breadcrumb\",\"itemListElement\":[{\"@type\":\"ListItem\",\"position\":1,\"name\":\"Home\",\"item\":\"https:\/\/dunewellnessgroup.com\/Dune-healing-center\/\"},{\"@type\":\"ListItem\",\"position\":2,\"name\":\"Ayurveda &amp; Other Therapies\",\"item\":\"https:\/\/dunewellnessgroup.com\/Dune-healing-center\/ayurvedic-cures-healing-massages-yoga-meditation-diet\/\"},{\"@type\":\"ListItem\",\"position\":3,\"name\":\"Hair Spa Treatments\"}]},{\"@type\":\"WebSite\",\"@id\":\"https:\/\/dunewellnessgroup.com\/Dune-healing-center\/#website\",\"url\":\"https:\/\/dunewellnessgroup.com\/Dune-healing-center\/\",\"name\":\"Dune Healing Center\",\"description\":\"Meilleur centre de m\u00e9decine Ayurv\u00e9dique \u00e0 Dune Eco Village and Spa\",\"potentialAction\":[{\"@type\":\"SearchAction\",\"target\":{\"@type\":\"EntryPoint\",\"urlTemplate\":\"https:\/\/dunewellnessgroup.com\/Dune-healing-center\/?s={search_term_string}\"},\"query-input\":{\"@type\":\"PropertyValueSpecification\",\"valueRequired\":true,\"valueName\":\"search_term_string\"}}],\"inLanguage\":\"en-US\"}]}<\/script>\n<!-- \/ Yoast SEO Premium plugin. -->","yoast_head_json":{"title":"Hair Spa Treatments &#8902; Dune Healing Center","description":"Rejuvenate your hair with Ayurvedic Hair Spa treatments at Dune Healing Center \u2014 strengthening, nourishing and revitalizing for healthy, vibrant hair.","robots":{"index":"noindex","follow":"follow","max-snippet":"max-snippet:-1","max-image-preview":"max-image-preview:large","max-video-preview":"max-video-preview:-1"},"og_locale":"en_US","og_type":"article","og_title":"Hair Spa Treatments","og_description":"Rejuvenate your hair with Ayurvedic Hair Spa treatments at Dune Healing Center \u2014 strengthening, nourishing and revitalizing for healthy, vibrant hair.","og_url":"https:\/\/dunewellnessgroup.com\/Dune-healing-center\/ayurvedic-cures-healing-massages-yoga-meditation-diet\/hair-spa-treatments\/","og_site_name":"Dune Healing Center","article_publisher":"https:\/\/www.facebook.com\/Dune-Wellness-Group-813293598700021\/","article_modified_time":"2026-01-27T03:52:06+00:00","og_image":[{"width":1200,"height":610,"url":"http:\/\/dunewellnessgroup.com\/wp-content\/uploads\/sites\/28\/2024\/10\/hot oil hair treatment-scaled-e1729697716825.jpg","type":"image\/jpeg"}],"twitter_card":"summary_large_image","twitter_site":"@DuneEcoGroup","twitter_misc":{"Est. reading time":"1 minute"},"schema":{"@context":"https:\/\/schema.org","@graph":[{"@type":"WebPage","@id":"https:\/\/dunewellnessgroup.com\/Dune-healing-center\/ayurvedic-cures-healing-massages-yoga-meditation-diet\/hair-spa-treatments\/","url":"https:\/\/dunewellnessgroup.com\/Dune-healing-center\/ayurvedic-cures-healing-massages-yoga-meditation-diet\/hair-spa-treatments\/","name":"Hair Spa Treatments &#8902; Dune Healing Center","isPartOf":{"@id":"https:\/\/dunewellnessgroup.com\/Dune-healing-center\/#website"},"primaryImageOfPage":{"@id":"https:\/\/dunewellnessgroup.com\/Dune-healing-center\/ayurvedic-cures-healing-massages-yoga-meditation-diet\/hair-spa-treatments\/#primaryimage"},"image":{"@id":"https:\/\/dunewellnessgroup.com\/Dune-healing-center\/ayurvedic-cures-healing-massages-yoga-meditation-diet\/hair-spa-treatments\/#primaryimage"},"thumbnailUrl":"https:\/\/dunewellnessgroup.com\/wp-content\/uploads\/sites\/28\/2024\/10\/hot oil hair treatment-scaled-e1729697716825.jpg","datePublished":"2024-10-23T14:48:42+00:00","dateModified":"2026-01-27T03:52:06+00:00","description":"Rejuvenate your hair with Ayurvedic Hair Spa treatments at Dune Healing Center \u2014 strengthening, nourishing and revitalizing for healthy, vibrant hair.","breadcrumb":{"@id":"https:\/\/dunewellnessgroup.com\/Dune-healing-center\/ayurvedic-cures-healing-massages-yoga-meditation-diet\/hair-spa-treatments\/#breadcrumb"},"inLanguage":"en-US","potentialAction":[{"@type":"ReadAction","target":["https:\/\/dunewellnessgroup.com\/Dune-healing-center\/ayurvedic-cures-healing-massages-yoga-meditation-diet\/hair-spa-treatments\/"]}]},{"@type":"ImageObject","inLanguage":"en-US","@id":"https:\/\/dunewellnessgroup.com\/Dune-healing-center\/ayurvedic-cures-healing-massages-yoga-meditation-diet\/hair-spa-treatments\/#primaryimage","url":"https:\/\/dunewellnessgroup.com\/wp-content\/uploads\/sites\/28\/2024\/10\/hot oil hair treatment-scaled-e1729697716825.jpg","contentUrl":"https:\/\/dunewellnessgroup.com\/wp-content\/uploads\/sites\/28\/2024\/10\/hot oil hair treatment-scaled-e1729697716825.jpg","width":1200,"height":610,"caption":"Hot Oil Hair Treatment are among our best of at Dune Healing Center"},{"@type":"BreadcrumbList","@id":"https:\/\/dunewellnessgroup.com\/Dune-healing-center\/ayurvedic-cures-healing-massages-yoga-meditation-diet\/hair-spa-treatments\/#breadcrumb","itemListElement":[{"@type":"ListItem","position":1,"name":"Home","item":"https:\/\/dunewellnessgroup.com\/Dune-healing-center\/"},{"@type":"ListItem","position":2,"name":"Ayurveda &amp; Other Therapies","item":"https:\/\/dunewellnessgroup.com\/Dune-healing-center\/ayurvedic-cures-healing-massages-yoga-meditation-diet\/"},{"@type":"ListItem","position":3,"name":"Hair Spa Treatments"}]},{"@type":"WebSite","@id":"https:\/\/dunewellnessgroup.com\/Dune-healing-center\/#website","url":"https:\/\/dunewellnessgroup.com\/Dune-healing-center\/","name":"Dune Healing Center","description":"Meilleur centre de m\u00e9decine Ayurv\u00e9dique \u00e0 Dune Eco Village and Spa","potentialAction":[{"@type":"SearchAction","target":{"@type":"EntryPoint","urlTemplate":"https:\/\/dunewellnessgroup.com\/Dune-healing-center\/?s={search_term_string}"},"query-input":{"@type":"PropertyValueSpecification","valueRequired":true,"valueName":"search_term_string"}}],"inLanguage":"en-US"}]}},"_links":{"self":[{"href":"https:\/\/dunewellnessgroup.com\/Dune-healing-center\/wp-json\/wp\/v2\/pages\/2861","targetHints":{"allow":["GET"]}}],"collection":[{"href":"https:\/\/dunewellnessgroup.com\/Dune-healing-center\/wp-json\/wp\/v2\/pages"}],"about":[{"href":"https:\/\/dunewellnessgroup.com\/Dune-healing-center\/wp-json\/wp\/v2\/types\/page"}],"author":[{"embeddable":true,"href":"https:\/\/dunewellnessgroup.com\/Dune-healing-center\/wp-json\/wp\/v2\/users\/4"}],"replies":[{"embeddable":true,"href":"https:\/\/dunewellnessgroup.com\/Dune-healing-center\/wp-json\/wp\/v2\/comments?post=2861"}],"version-history":[{"count":14,"href":"https:\/\/dunewellnessgroup.com\/Dune-healing-center\/wp-json\/wp\/v2\/pages\/2861\/revisions"}],"predecessor-version":[{"id":3154,"href":"https:\/\/dunewellnessgroup.com\/Dune-healing-center\/wp-json\/wp\/v2\/pages\/2861\/revisions\/3154"}],"up":[{"embeddable":true,"href":"https:\/\/dunewellnessgroup.com\/Dune-healing-center\/wp-json\/wp\/v2\/pages\/892"}],"wp:featuredmedia":[{"embeddable":true,"href":"https:\/\/dunewellnessgroup.com\/Dune-healing-center\/wp-json\/wp\/v2\/media\/2852"}],"wp:attachment":[{"href":"https:\/\/dunewellnessgroup.com\/Dune-healing-center\/wp-json\/wp\/v2\/media?parent=2861"}],"curies":[{"name":"wp","href":"https:\/\/api.w.org\/{rel}","templated":true}]}}