{"id":2880,"date":"2024-10-23T12:10:38","date_gmt":"2024-10-23T16:10:38","guid":{"rendered":"https:\/\/dunewellnessgroup.com\/Dune-healing-center\/?page_id=2880"},"modified":"2026-01-26T23:56:18","modified_gmt":"2026-01-27T03:56:18","slug":"fingers-and-nails-treatments","status":"publish","type":"page","link":"https:\/\/dunewellnessgroup.com\/Dune-healing-center\/ayurvedic-cures-healing-massages-yoga-meditation-diet\/fingers-and-nails-treatments\/","title":{"rendered":"Fingers and nails Treatments"},"content":{"rendered":"<div class=\"hide\">\n<a href=\"https:\/\/dunewellnessgroup.com\/Dune-healing-center\/ayurvedic-cures-healing-massages-yoga-meditation-diet\/fingers-and-nails-treatments\/\"><\/a><br \/>\nrewarding career opportunities<img decoding=\"async\" src=\"https:\/\/dunewellnessgroup.com\/wp-content\/uploads\/2016\/06\/DUNEwellnessgroup-resized.svg\" alt=\"fingers and nails treatments\"><br \/>\nIndulge in Ayurvedic fingers and nails treatments with expert manicure and pedicure services to nourish and revitalize your hands and feet.\n<\/div>\n","protected":false},"excerpt":{"rendered":"<p>rewarding career opportunities Indulge in Ayurvedic fingers and nails treatments with expert manicure and pedicure services to nourish and revitalize your hands and feet.<\/p>\n","protected":false},"author":4,"featured_media":2881,"parent":892,"menu_order":4,"comment_status":"closed","ping_status":"closed","template":"","meta":{"_acf_changed":false,"footnotes":""},"class_list":["post-2880","page","type-page","status-publish","has-post-thumbnail","hentry"],"acf":[],"yoast_head":"<!-- This site is optimized with the Yoast SEO Premium plugin v27.1 (Yoast SEO v27.1.1) - https:\/\/yoast.com\/product\/yoast-seo-premium-wordpress\/ -->\n<title>Fingers and nails Treatments &#8902; Dune Healing Center<\/title>\n<meta name=\"description\" content=\"Indulge in Ayurvedic fingers and nails treatments with expert manicure and pedicure services to nourish and revitalize your hands and feet.\" \/>\n<meta name=\"robots\" content=\"noindex, follow, max-snippet:-1, max-image-preview:large, max-video-preview:-1\" \/>\n<meta property=\"og:locale\" content=\"en_US\" \/>\n<meta property=\"og:type\" content=\"article\" \/>\n<meta property=\"og:title\" content=\"Fingers and nails Treatments\" \/>\n<meta property=\"og:description\" content=\"Indulge in Ayurvedic fingers and nails treatments with expert manicure and pedicure services to nourish and revitalize your hands and feet.\" \/>\n<meta property=\"og:url\" content=\"https:\/\/dunewellnessgroup.com\/Dune-healing-center\/ayurvedic-cures-healing-massages-yoga-meditation-diet\/fingers-and-nails-treatments\/\" \/>\n<meta property=\"og:site_name\" content=\"Dune Healing Center\" \/>\n<meta property=\"article:publisher\" content=\"https:\/\/www.facebook.com\/Dune-Wellness-Group-813293598700021\/\" \/>\n<meta property=\"article:modified_time\" content=\"2026-01-27T03:56:18+00:00\" \/>\n<meta property=\"og:image\" content=\"http:\/\/dunewellnessgroup.com\/wp-content\/uploads\/sites\/28\/2024\/10\/pedicure-and-manicure-at-Dune-Ecovillage-and-spa.jpg\" \/>\n\t<meta property=\"og:image:width\" content=\"669\" \/>\n\t<meta property=\"og:image:height\" content=\"446\" \/>\n\t<meta property=\"og:image:type\" content=\"image\/jpeg\" \/>\n<meta name=\"twitter:card\" content=\"summary_large_image\" \/>\n<meta name=\"twitter:site\" content=\"@DuneEcoGroup\" \/>\n<meta name=\"twitter:label1\" content=\"Est. reading time\" \/>\n\t<meta name=\"twitter:data1\" content=\"1 minute\" \/>\n<script type=\"application\/ld+json\" class=\"yoast-schema-graph\">{\"@context\":\"https:\/\/schema.org\",\"@graph\":[{\"@type\":\"WebPage\",\"@id\":\"https:\/\/dunewellnessgroup.com\/Dune-healing-center\/ayurvedic-cures-healing-massages-yoga-meditation-diet\/fingers-and-nails-treatments\/\",\"url\":\"https:\/\/dunewellnessgroup.com\/Dune-healing-center\/ayurvedic-cures-healing-massages-yoga-meditation-diet\/fingers-and-nails-treatments\/\",\"name\":\"Fingers and nails Treatments &#8902; Dune Healing Center\",\"isPartOf\":{\"@id\":\"https:\/\/dunewellnessgroup.com\/Dune-healing-center\/#website\"},\"primaryImageOfPage\":{\"@id\":\"https:\/\/dunewellnessgroup.com\/Dune-healing-center\/ayurvedic-cures-healing-massages-yoga-meditation-diet\/fingers-and-nails-treatments\/#primaryimage\"},\"image\":{\"@id\":\"https:\/\/dunewellnessgroup.com\/Dune-healing-center\/ayurvedic-cures-healing-massages-yoga-meditation-diet\/fingers-and-nails-treatments\/#primaryimage\"},\"thumbnailUrl\":\"https:\/\/dunewellnessgroup.com\/wp-content\/uploads\/sites\/28\/2024\/10\/pedicure-and-manicure-at-Dune-Ecovillage-and-spa.jpg\",\"datePublished\":\"2024-10-23T16:10:38+00:00\",\"dateModified\":\"2026-01-27T03:56:18+00:00\",\"description\":\"Indulge in Ayurvedic fingers and nails treatments with expert manicure and pedicure services to nourish and revitalize your hands and feet.\",\"breadcrumb\":{\"@id\":\"https:\/\/dunewellnessgroup.com\/Dune-healing-center\/ayurvedic-cures-healing-massages-yoga-meditation-diet\/fingers-and-nails-treatments\/#breadcrumb\"},\"inLanguage\":\"en-US\",\"potentialAction\":[{\"@type\":\"ReadAction\",\"target\":[\"https:\/\/dunewellnessgroup.com\/Dune-healing-center\/ayurvedic-cures-healing-massages-yoga-meditation-diet\/fingers-and-nails-treatments\/\"]}]},{\"@type\":\"ImageObject\",\"inLanguage\":\"en-US\",\"@id\":\"https:\/\/dunewellnessgroup.com\/Dune-healing-center\/ayurvedic-cures-healing-massages-yoga-meditation-diet\/fingers-and-nails-treatments\/#primaryimage\",\"url\":\"https:\/\/dunewellnessgroup.com\/wp-content\/uploads\/sites\/28\/2024\/10\/pedicure-and-manicure-at-Dune-Ecovillage-and-spa.jpg\",\"contentUrl\":\"https:\/\/dunewellnessgroup.com\/wp-content\/uploads\/sites\/28\/2024\/10\/pedicure-and-manicure-at-Dune-Ecovillage-and-spa.jpg\",\"width\":669,\"height\":446,\"caption\":\"pedicure and manicure at Dune Ecovillage and spa\"},{\"@type\":\"BreadcrumbList\",\"@id\":\"https:\/\/dunewellnessgroup.com\/Dune-healing-center\/ayurvedic-cures-healing-massages-yoga-meditation-diet\/fingers-and-nails-treatments\/#breadcrumb\",\"itemListElement\":[{\"@type\":\"ListItem\",\"position\":1,\"name\":\"Home\",\"item\":\"https:\/\/dunewellnessgroup.com\/Dune-healing-center\/\"},{\"@type\":\"ListItem\",\"position\":2,\"name\":\"Ayurveda &amp; Other Therapies\",\"item\":\"https:\/\/dunewellnessgroup.com\/Dune-healing-center\/ayurvedic-cures-healing-massages-yoga-meditation-diet\/\"},{\"@type\":\"ListItem\",\"position\":3,\"name\":\"Fingers and nails Treatments\"}]},{\"@type\":\"WebSite\",\"@id\":\"https:\/\/dunewellnessgroup.com\/Dune-healing-center\/#website\",\"url\":\"https:\/\/dunewellnessgroup.com\/Dune-healing-center\/\",\"name\":\"Dune Healing Center\",\"description\":\"Meilleur centre de m\u00e9decine Ayurv\u00e9dique \u00e0 Dune Eco Village and Spa\",\"potentialAction\":[{\"@type\":\"SearchAction\",\"target\":{\"@type\":\"EntryPoint\",\"urlTemplate\":\"https:\/\/dunewellnessgroup.com\/Dune-healing-center\/?s={search_term_string}\"},\"query-input\":{\"@type\":\"PropertyValueSpecification\",\"valueRequired\":true,\"valueName\":\"search_term_string\"}}],\"inLanguage\":\"en-US\"}]}<\/script>\n<!-- \/ Yoast SEO Premium plugin. -->","yoast_head_json":{"title":"Fingers and nails Treatments &#8902; Dune Healing Center","description":"Indulge in Ayurvedic fingers and nails treatments with expert manicure and pedicure services to nourish and revitalize your hands and feet.","robots":{"index":"noindex","follow":"follow","max-snippet":"max-snippet:-1","max-image-preview":"max-image-preview:large","max-video-preview":"max-video-preview:-1"},"og_locale":"en_US","og_type":"article","og_title":"Fingers and nails Treatments","og_description":"Indulge in Ayurvedic fingers and nails treatments with expert manicure and pedicure services to nourish and revitalize your hands and feet.","og_url":"https:\/\/dunewellnessgroup.com\/Dune-healing-center\/ayurvedic-cures-healing-massages-yoga-meditation-diet\/fingers-and-nails-treatments\/","og_site_name":"Dune Healing Center","article_publisher":"https:\/\/www.facebook.com\/Dune-Wellness-Group-813293598700021\/","article_modified_time":"2026-01-27T03:56:18+00:00","og_image":[{"width":669,"height":446,"url":"http:\/\/dunewellnessgroup.com\/wp-content\/uploads\/sites\/28\/2024\/10\/pedicure-and-manicure-at-Dune-Ecovillage-and-spa.jpg","type":"image\/jpeg"}],"twitter_card":"summary_large_image","twitter_site":"@DuneEcoGroup","twitter_misc":{"Est. reading time":"1 minute"},"schema":{"@context":"https:\/\/schema.org","@graph":[{"@type":"WebPage","@id":"https:\/\/dunewellnessgroup.com\/Dune-healing-center\/ayurvedic-cures-healing-massages-yoga-meditation-diet\/fingers-and-nails-treatments\/","url":"https:\/\/dunewellnessgroup.com\/Dune-healing-center\/ayurvedic-cures-healing-massages-yoga-meditation-diet\/fingers-and-nails-treatments\/","name":"Fingers and nails Treatments &#8902; Dune Healing Center","isPartOf":{"@id":"https:\/\/dunewellnessgroup.com\/Dune-healing-center\/#website"},"primaryImageOfPage":{"@id":"https:\/\/dunewellnessgroup.com\/Dune-healing-center\/ayurvedic-cures-healing-massages-yoga-meditation-diet\/fingers-and-nails-treatments\/#primaryimage"},"image":{"@id":"https:\/\/dunewellnessgroup.com\/Dune-healing-center\/ayurvedic-cures-healing-massages-yoga-meditation-diet\/fingers-and-nails-treatments\/#primaryimage"},"thumbnailUrl":"https:\/\/dunewellnessgroup.com\/wp-content\/uploads\/sites\/28\/2024\/10\/pedicure-and-manicure-at-Dune-Ecovillage-and-spa.jpg","datePublished":"2024-10-23T16:10:38+00:00","dateModified":"2026-01-27T03:56:18+00:00","description":"Indulge in Ayurvedic fingers and nails treatments with expert manicure and pedicure services to nourish and revitalize your hands and feet.","breadcrumb":{"@id":"https:\/\/dunewellnessgroup.com\/Dune-healing-center\/ayurvedic-cures-healing-massages-yoga-meditation-diet\/fingers-and-nails-treatments\/#breadcrumb"},"inLanguage":"en-US","potentialAction":[{"@type":"ReadAction","target":["https:\/\/dunewellnessgroup.com\/Dune-healing-center\/ayurvedic-cures-healing-massages-yoga-meditation-diet\/fingers-and-nails-treatments\/"]}]},{"@type":"ImageObject","inLanguage":"en-US","@id":"https:\/\/dunewellnessgroup.com\/Dune-healing-center\/ayurvedic-cures-healing-massages-yoga-meditation-diet\/fingers-and-nails-treatments\/#primaryimage","url":"https:\/\/dunewellnessgroup.com\/wp-content\/uploads\/sites\/28\/2024\/10\/pedicure-and-manicure-at-Dune-Ecovillage-and-spa.jpg","contentUrl":"https:\/\/dunewellnessgroup.com\/wp-content\/uploads\/sites\/28\/2024\/10\/pedicure-and-manicure-at-Dune-Ecovillage-and-spa.jpg","width":669,"height":446,"caption":"pedicure and manicure at Dune Ecovillage and spa"},{"@type":"BreadcrumbList","@id":"https:\/\/dunewellnessgroup.com\/Dune-healing-center\/ayurvedic-cures-healing-massages-yoga-meditation-diet\/fingers-and-nails-treatments\/#breadcrumb","itemListElement":[{"@type":"ListItem","position":1,"name":"Home","item":"https:\/\/dunewellnessgroup.com\/Dune-healing-center\/"},{"@type":"ListItem","position":2,"name":"Ayurveda &amp; Other Therapies","item":"https:\/\/dunewellnessgroup.com\/Dune-healing-center\/ayurvedic-cures-healing-massages-yoga-meditation-diet\/"},{"@type":"ListItem","position":3,"name":"Fingers and nails Treatments"}]},{"@type":"WebSite","@id":"https:\/\/dunewellnessgroup.com\/Dune-healing-center\/#website","url":"https:\/\/dunewellnessgroup.com\/Dune-healing-center\/","name":"Dune Healing Center","description":"Meilleur centre de m\u00e9decine Ayurv\u00e9dique \u00e0 Dune Eco Village and Spa","potentialAction":[{"@type":"SearchAction","target":{"@type":"EntryPoint","urlTemplate":"https:\/\/dunewellnessgroup.com\/Dune-healing-center\/?s={search_term_string}"},"query-input":{"@type":"PropertyValueSpecification","valueRequired":true,"valueName":"search_term_string"}}],"inLanguage":"en-US"}]}},"_links":{"self":[{"href":"https:\/\/dunewellnessgroup.com\/Dune-healing-center\/wp-json\/wp\/v2\/pages\/2880","targetHints":{"allow":["GET"]}}],"collection":[{"href":"https:\/\/dunewellnessgroup.com\/Dune-healing-center\/wp-json\/wp\/v2\/pages"}],"about":[{"href":"https:\/\/dunewellnessgroup.com\/Dune-healing-center\/wp-json\/wp\/v2\/types\/page"}],"author":[{"embeddable":true,"href":"https:\/\/dunewellnessgroup.com\/Dune-healing-center\/wp-json\/wp\/v2\/users\/4"}],"replies":[{"embeddable":true,"href":"https:\/\/dunewellnessgroup.com\/Dune-healing-center\/wp-json\/wp\/v2\/comments?post=2880"}],"version-history":[{"count":6,"href":"https:\/\/dunewellnessgroup.com\/Dune-healing-center\/wp-json\/wp\/v2\/pages\/2880\/revisions"}],"predecessor-version":[{"id":3156,"href":"https:\/\/dunewellnessgroup.com\/Dune-healing-center\/wp-json\/wp\/v2\/pages\/2880\/revisions\/3156"}],"up":[{"embeddable":true,"href":"https:\/\/dunewellnessgroup.com\/Dune-healing-center\/wp-json\/wp\/v2\/pages\/892"}],"wp:featuredmedia":[{"embeddable":true,"href":"https:\/\/dunewellnessgroup.com\/Dune-healing-center\/wp-json\/wp\/v2\/media\/2881"}],"wp:attachment":[{"href":"https:\/\/dunewellnessgroup.com\/Dune-healing-center\/wp-json\/wp\/v2\/media?parent=2880"}],"curies":[{"name":"wp","href":"https:\/\/api.w.org\/{rel}","templated":true}]}}