{"id":297,"date":"2016-07-02T10:05:52","date_gmt":"2016-07-02T14:05:52","guid":{"rendered":"http:\/\/dunewellnessgroup.com\/chopra-healing-center\/?page_id=297"},"modified":"2017-09-18T04:27:18","modified_gmt":"2017-09-18T08:27:18","slug":"ask-for-details-availability-and-prices-of-our-ayurveda-packages","status":"publish","type":"page","link":"https:\/\/dunewellnessgroup.com\/Dune-healing-center\/dune-healing-center-2\/ask-for-details-availability-and-prices-of-our-ayurveda-packages\/","title":{"rendered":"Ask for details availability or prices&#8230;"},"content":{"rendered":"\n<div class=\"wpcf7 no-js\" id=\"wpcf7-f179-o1\" lang=\"en-US\" dir=\"ltr\" data-wpcf7-id=\"179\">\n<div class=\"screen-reader-response\"><p role=\"status\" aria-live=\"polite\" aria-atomic=\"true\"><\/p> <ul><\/ul><\/div>\n<form action=\"\/Dune-healing-center\/wp-json\/wp\/v2\/pages\/297#wpcf7-f179-o1\" method=\"post\" class=\"wpcf7-form init\" aria-label=\"Contact form\" novalidate=\"novalidate\" data-status=\"init\">\n<fieldset class=\"hidden-fields-container\"><input type=\"hidden\" name=\"_wpcf7\" value=\"179\" \/><input type=\"hidden\" name=\"_wpcf7_version\" value=\"6.1.5\" \/><input type=\"hidden\" name=\"_wpcf7_locale\" value=\"en_US\" \/><input type=\"hidden\" name=\"_wpcf7_unit_tag\" value=\"wpcf7-f179-o1\" \/><input type=\"hidden\" name=\"_wpcf7_container_post\" value=\"0\" \/><input type=\"hidden\" name=\"_wpcf7_posted_data_hash\" value=\"\" \/><input type=\"hidden\" name=\"_wpcf7_recaptcha_response\" value=\"\" \/>\n<\/fieldset>\n<p><input type=\"hidden\"  name=\"dune_form_tracker\"  value=\"dunewellnessgroup.com\/Dune-healing-center\/wp-json\/wp\/v2\/pages\/297\"><input type=\"hidden\"  name=\"dune-tracker\"  value=\"dunewellnessgroup.com\/Dune-healing-center\/wp-json\/wp\/v2\/pages\/297\"><br \/>\nThis form is for the doctor of our Ayurvedic treatment center.<br \/>\nThe data it contains are completely confidential and are not retained.<br \/>\nFurthermore we guarantee that no use of any kind and for any reason, shall be made with the data contained in this form.<br \/>\nWe also guarantee that such information may not be sold under any pretext or reason.<br \/>\nThis information is intended for the exclusive use of our doctor and their content is covered by the confidentiality obligation.\n<\/p>\n<p>Please fill in the required fields below and one of our program. Consultants will contact you shortly.<br \/>\nIf you'd like to speak to a person right now, call :<br \/>\n(+91) 413 26 56 351 | (+91) 413 29 12 280 | (+91) 413 29 12 288 | (+91) 936 44 55 440.\n<\/p>\n<p>Guest services receptionists are available between the hours of 7 a.m. to 7 p.m. (India time -4,5 Hrs) from Monday to Sunday\n<\/p>\n<p>Gender *\n<\/p>\n<p><span class=\"wpcf7-form-control-wrap\" data-name=\"Gender\"><select class=\"wpcf7-form-control wpcf7-select wpcf7-validates-as-required\" aria-required=\"true\" aria-invalid=\"false\" name=\"Gender\"><option value=\"Mrs\">Mrs<\/option><option value=\"Ms\">Ms<\/option><option value=\"Mr\">Mr<\/option><option value=\"Miss\">Miss<\/option><option value=\"Master\">Master<\/option><option value=\"Dr\">Dr<\/option><option value=\"Lord\">Lord<\/option><option value=\"lady\">lady<\/option><option value=\"Rev\">Rev<\/option><option value=\"Prof\">Prof<\/option><option value=\"Capt\">Capt<\/option><option value=\"Sir\">Sir<\/option><\/select><\/span>\n<\/p>\n<p>First name *\n<\/p>\n<p><span class=\"wpcf7-form-control-wrap\" data-name=\"your-surname\"><input size=\"40\" maxlength=\"400\" class=\"wpcf7-form-control wpcf7-text wpcf7-validates-as-required\" aria-required=\"true\" aria-invalid=\"false\" value=\"\" type=\"text\" name=\"your-surname\" \/><\/span>\n<\/p>\n<p>Last name *\n<\/p>\n<p><span class=\"wpcf7-form-control-wrap\" data-name=\"your-name\"><input size=\"40\" maxlength=\"400\" class=\"wpcf7-form-control wpcf7-text wpcf7-validates-as-required\" aria-required=\"true\" aria-invalid=\"false\" value=\"\" type=\"text\" name=\"your-name\" \/><\/span>\n<\/p>\n<p>Age *\n<\/p>\n<p><span class=\"wpcf7-form-control-wrap\" data-name=\"Age\"><input class=\"wpcf7-form-control wpcf7-number wpcf7-validates-as-required wpcf7-validates-as-number\" min=\"18\" max=\"99\" aria-required=\"true\" aria-invalid=\"false\" value=\"18\" type=\"number\" name=\"Age\" \/><\/span>\n<\/p>\n<p>Email *\n<\/p>\n<p><span class=\"wpcf7-form-control-wrap\" data-name=\"your-email\"><input size=\"40\" maxlength=\"400\" class=\"wpcf7-form-control wpcf7-email wpcf7-validates-as-required wpcf7-text wpcf7-validates-as-email\" aria-required=\"true\" aria-invalid=\"false\" value=\"\" type=\"email\" name=\"your-email\" \/><\/span>\n<\/p>\n<p>I am interested in the following programs:* <i>You can select one or more programs<\/i>\n<\/p>\n<p><span class=\"wpcf7-form-control-wrap\" data-name=\"Treatmentslist\"><select class=\"wpcf7-form-control wpcf7-select wpcf7-validates-as-required\" aria-required=\"true\" aria-invalid=\"false\" multiple=\"multiple\" name=\"Treatmentslist[]\"><option value=\"You can select one or more programs\">You can select one or more programs<\/option><option value=\"Detoxification Program \/ Panchakarma Chikitsa\">Detoxification Program \/ Panchakarma Chikitsa<\/option><option value=\"Rejuvenation Program \/ Rasayana Chikitsa\">Rejuvenation Program \/ Rasayana Chikitsa<\/option><option value=\"Anti Stress Program \/ Manashanti\">Anti Stress Program \/ Manashanti<\/option><option value=\"Slimming Program \/ Lekhaneeyam Chikitsa\">Slimming Program \/ Lekhaneeyam Chikitsa<\/option><option value=\"Beauty Care Program \/ Soundarya Chikitsa\">Beauty Care Program \/ Soundarya Chikitsa<\/option><option value=\"Magic Water Packages\">Magic Water Packages<\/option><option value=\"Disease management \/ Aturasya Vyadhi Parimokshanam\">Disease management \/ Aturasya Vyadhi Parimokshanam<\/option><\/select><\/span>\n<\/p>\n<p>I'm suffering of the following pathologies: <i>You can select one or more programs<\/i>\n<\/p>\n<p><span class=\"wpcf7-form-control-wrap\" data-name=\"Pathologies\"><select class=\"wpcf7-form-control wpcf7-select\" aria-invalid=\"false\" multiple=\"multiple\" name=\"Pathologies[]\"><option value=\"\">&#8212;Please choose an option&#8212;<\/option><option value=\"Rheumatoid arthritis\">Rheumatoid arthritis<\/option><option value=\"Osteoarthritis\">Osteoarthritis<\/option><option value=\"Musculo skeletal diseases\">Musculo skeletal diseases<\/option><option value=\"Neurological diseases\">Neurological diseases<\/option><option value=\"Skin Diseases\">Skin Diseases<\/option><option value=\"Metabolic Disorders\">Metabolic Disorders<\/option><option value=\"Cardiovascular Disorders.\">Cardiovascular Disorders.<\/option><\/select><\/span>\n<\/p>\n<p>Country (mandatory)\n<\/p>\n<p><span class=\"wpcf7-form-control-wrap\" data-name=\"your-country\"><input size=\"40\" maxlength=\"400\" class=\"wpcf7-form-control wpcf7-text wpcf7-validates-as-required\" aria-required=\"true\" aria-invalid=\"false\" value=\"\" type=\"text\" name=\"your-country\" \/><\/span>\n<\/p>\n<p>Subject\n<\/p>\n<p><span class=\"wpcf7-form-control-wrap\" data-name=\"your-subject\"><input size=\"40\" maxlength=\"400\" class=\"wpcf7-form-control wpcf7-text\" aria-invalid=\"false\" value=\"\" type=\"text\" name=\"your-subject\" \/><\/span>\n<\/p>\n<p>What would you us to take care of??\n<\/p>\n<p><span class=\"wpcf7-form-control-wrap\" data-name=\"your-pathology\"><input size=\"40\" maxlength=\"400\" class=\"wpcf7-form-control wpcf7-text\" aria-invalid=\"false\" value=\"\" type=\"text\" name=\"your-pathology\" \/><\/span>\n<\/p>\n<p>Describe what care you want and for what diseases you need to treat. Enter your allergies, current treatments. Tell us what you think helpful for us to know to prepare the best personalized response.\n<\/p>\n<p><span class=\"wpcf7-form-control-wrap\" data-name=\"your-message\"><textarea cols=\"40\" rows=\"10\" maxlength=\"2000\" class=\"wpcf7-form-control wpcf7-textarea\" aria-invalid=\"false\" name=\"your-message\"><\/textarea><\/span>\n<\/p>\n\n<p><input class=\"wpcf7-form-control wpcf7-submit has-spinner\" type=\"submit\" value=\"Send\" \/>\n<\/p><div class=\"wpcf7-response-output\" aria-hidden=\"true\"><\/div>\n<\/form>\n<\/div>\n\n<p>&nbsp;<\/p>\n","protected":false},"excerpt":{"rendered":"<p>&nbsp;<\/p>\n","protected":false},"author":4,"featured_media":0,"parent":49,"menu_order":1,"comment_status":"closed","ping_status":"closed","template":"","meta":{"_acf_changed":false,"footnotes":""},"class_list":["post-297","page","type-page","status-publish","hentry"],"acf":[],"yoast_head":"<!-- This site is optimized with the Yoast SEO Premium plugin v27.1 (Yoast SEO v27.1.1) - https:\/\/yoast.com\/product\/yoast-seo-premium-wordpress\/ -->\n<title>Ask for details availability or prices... &#8902; Dune Healing Center<\/title>\n<meta name=\"robots\" content=\"noindex, follow, max-snippet:-1, max-image-preview:large, max-video-preview:-1\" \/>\n<meta property=\"og:locale\" content=\"en_US\" \/>\n<meta property=\"og:type\" content=\"article\" \/>\n<meta property=\"og:title\" content=\"Ask for details availability or prices...\" \/>\n<meta property=\"og:description\" content=\"&nbsp;\" \/>\n<meta property=\"og:url\" content=\"https:\/\/dunewellnessgroup.com\/Dune-healing-center\/namaste\/ask-for-details-availability-and-prices-of-our-ayurveda-packages\/\" \/>\n<meta property=\"og:site_name\" content=\"Dune Healing Center\" \/>\n<meta property=\"article:publisher\" content=\"https:\/\/www.facebook.com\/Dune-Wellness-Group-813293598700021\/\" \/>\n<meta property=\"article:modified_time\" content=\"2017-09-18T08:27:18+00:00\" \/>\n<meta name=\"twitter:card\" content=\"summary_large_image\" \/>\n<meta name=\"twitter:site\" content=\"@DuneEcoGroup\" \/>\n<script type=\"application\/ld+json\" class=\"yoast-schema-graph\">{\"@context\":\"https:\/\/schema.org\",\"@graph\":[{\"@type\":\"WebPage\",\"@id\":\"https:\/\/dunewellnessgroup.com\/Dune-healing-center\/namaste\/ask-for-details-availability-and-prices-of-our-ayurveda-packages\/\",\"url\":\"https:\/\/dunewellnessgroup.com\/Dune-healing-center\/namaste\/ask-for-details-availability-and-prices-of-our-ayurveda-packages\/\",\"name\":\"Ask for details availability or prices... &#8902; Dune Healing Center\",\"isPartOf\":{\"@id\":\"https:\/\/dunewellnessgroup.com\/Dune-healing-center\/#website\"},\"datePublished\":\"2016-07-02T14:05:52+00:00\",\"dateModified\":\"2017-09-18T08:27:18+00:00\",\"breadcrumb\":{\"@id\":\"https:\/\/dunewellnessgroup.com\/Dune-healing-center\/namaste\/ask-for-details-availability-and-prices-of-our-ayurveda-packages\/#breadcrumb\"},\"inLanguage\":\"en-US\",\"potentialAction\":[{\"@type\":\"ReadAction\",\"target\":[\"https:\/\/dunewellnessgroup.com\/Dune-healing-center\/namaste\/ask-for-details-availability-and-prices-of-our-ayurveda-packages\/\"]}]},{\"@type\":\"BreadcrumbList\",\"@id\":\"https:\/\/dunewellnessgroup.com\/Dune-healing-center\/namaste\/ask-for-details-availability-and-prices-of-our-ayurveda-packages\/#breadcrumb\",\"itemListElement\":[{\"@type\":\"ListItem\",\"position\":1,\"name\":\"Home\",\"item\":\"https:\/\/dunewellnessgroup.com\/Dune-healing-center\/\"},{\"@type\":\"ListItem\",\"position\":2,\"name\":\"NAMASTE\",\"item\":\"https:\/\/dunewellnessgroup.com\/Dune-healing-center\/\"},{\"@type\":\"ListItem\",\"position\":3,\"name\":\"Ask for details availability or prices&#8230;\"}]},{\"@type\":\"WebSite\",\"@id\":\"https:\/\/dunewellnessgroup.com\/Dune-healing-center\/#website\",\"url\":\"https:\/\/dunewellnessgroup.com\/Dune-healing-center\/\",\"name\":\"Dune Healing Center\",\"description\":\"Meilleur centre de m\u00e9decine Ayurv\u00e9dique \u00e0 Dune Eco Village and Spa\",\"potentialAction\":[{\"@type\":\"SearchAction\",\"target\":{\"@type\":\"EntryPoint\",\"urlTemplate\":\"https:\/\/dunewellnessgroup.com\/Dune-healing-center\/?s={search_term_string}\"},\"query-input\":{\"@type\":\"PropertyValueSpecification\",\"valueRequired\":true,\"valueName\":\"search_term_string\"}}],\"inLanguage\":\"en-US\"}]}<\/script>\n<!-- \/ Yoast SEO Premium plugin. -->","yoast_head_json":{"title":"Ask for details availability or prices... &#8902; Dune Healing Center","robots":{"index":"noindex","follow":"follow","max-snippet":"max-snippet:-1","max-image-preview":"max-image-preview:large","max-video-preview":"max-video-preview:-1"},"og_locale":"en_US","og_type":"article","og_title":"Ask for details availability or prices...","og_description":"&nbsp;","og_url":"https:\/\/dunewellnessgroup.com\/Dune-healing-center\/namaste\/ask-for-details-availability-and-prices-of-our-ayurveda-packages\/","og_site_name":"Dune Healing Center","article_publisher":"https:\/\/www.facebook.com\/Dune-Wellness-Group-813293598700021\/","article_modified_time":"2017-09-18T08:27:18+00:00","twitter_card":"summary_large_image","twitter_site":"@DuneEcoGroup","schema":{"@context":"https:\/\/schema.org","@graph":[{"@type":"WebPage","@id":"https:\/\/dunewellnessgroup.com\/Dune-healing-center\/namaste\/ask-for-details-availability-and-prices-of-our-ayurveda-packages\/","url":"https:\/\/dunewellnessgroup.com\/Dune-healing-center\/namaste\/ask-for-details-availability-and-prices-of-our-ayurveda-packages\/","name":"Ask for details availability or prices... &#8902; Dune Healing Center","isPartOf":{"@id":"https:\/\/dunewellnessgroup.com\/Dune-healing-center\/#website"},"datePublished":"2016-07-02T14:05:52+00:00","dateModified":"2017-09-18T08:27:18+00:00","breadcrumb":{"@id":"https:\/\/dunewellnessgroup.com\/Dune-healing-center\/namaste\/ask-for-details-availability-and-prices-of-our-ayurveda-packages\/#breadcrumb"},"inLanguage":"en-US","potentialAction":[{"@type":"ReadAction","target":["https:\/\/dunewellnessgroup.com\/Dune-healing-center\/namaste\/ask-for-details-availability-and-prices-of-our-ayurveda-packages\/"]}]},{"@type":"BreadcrumbList","@id":"https:\/\/dunewellnessgroup.com\/Dune-healing-center\/namaste\/ask-for-details-availability-and-prices-of-our-ayurveda-packages\/#breadcrumb","itemListElement":[{"@type":"ListItem","position":1,"name":"Home","item":"https:\/\/dunewellnessgroup.com\/Dune-healing-center\/"},{"@type":"ListItem","position":2,"name":"NAMASTE","item":"https:\/\/dunewellnessgroup.com\/Dune-healing-center\/"},{"@type":"ListItem","position":3,"name":"Ask for details availability or prices&#8230;"}]},{"@type":"WebSite","@id":"https:\/\/dunewellnessgroup.com\/Dune-healing-center\/#website","url":"https:\/\/dunewellnessgroup.com\/Dune-healing-center\/","name":"Dune Healing Center","description":"Meilleur centre de m\u00e9decine Ayurv\u00e9dique \u00e0 Dune Eco Village and Spa","potentialAction":[{"@type":"SearchAction","target":{"@type":"EntryPoint","urlTemplate":"https:\/\/dunewellnessgroup.com\/Dune-healing-center\/?s={search_term_string}"},"query-input":{"@type":"PropertyValueSpecification","valueRequired":true,"valueName":"search_term_string"}}],"inLanguage":"en-US"}]}},"_links":{"self":[{"href":"https:\/\/dunewellnessgroup.com\/Dune-healing-center\/wp-json\/wp\/v2\/pages\/297","targetHints":{"allow":["GET"]}}],"collection":[{"href":"https:\/\/dunewellnessgroup.com\/Dune-healing-center\/wp-json\/wp\/v2\/pages"}],"about":[{"href":"https:\/\/dunewellnessgroup.com\/Dune-healing-center\/wp-json\/wp\/v2\/types\/page"}],"author":[{"embeddable":true,"href":"https:\/\/dunewellnessgroup.com\/Dune-healing-center\/wp-json\/wp\/v2\/users\/4"}],"replies":[{"embeddable":true,"href":"https:\/\/dunewellnessgroup.com\/Dune-healing-center\/wp-json\/wp\/v2\/comments?post=297"}],"version-history":[{"count":3,"href":"https:\/\/dunewellnessgroup.com\/Dune-healing-center\/wp-json\/wp\/v2\/pages\/297\/revisions"}],"predecessor-version":[{"id":302,"href":"https:\/\/dunewellnessgroup.com\/Dune-healing-center\/wp-json\/wp\/v2\/pages\/297\/revisions\/302"}],"up":[{"embeddable":true,"href":"https:\/\/dunewellnessgroup.com\/Dune-healing-center\/wp-json\/wp\/v2\/pages\/49"}],"wp:attachment":[{"href":"https:\/\/dunewellnessgroup.com\/Dune-healing-center\/wp-json\/wp\/v2\/media?parent=297"}],"curies":[{"name":"wp","href":"https:\/\/api.w.org\/{rel}","templated":true}]}}