{"id":68,"date":"2016-06-20T06:50:33","date_gmt":"2016-06-20T10:50:33","guid":{"rendered":"http:\/\/dunewellnessgroup.com\/chopra-healing-center\/?page_id=68"},"modified":"2025-12-22T23:53:56","modified_gmt":"2025-12-23T03:53:56","slug":"history-of-ayurveda","status":"publish","type":"page","link":"https:\/\/dunewellnessgroup.com\/Dune-healing-center\/ayurvedic-cures-healing-massages-yoga-meditation-diet\/history-of-ayurveda\/","title":{"rendered":"History of Ayurveda"},"content":{"rendered":"","protected":false},"excerpt":{"rendered":"","protected":false},"author":1,"featured_media":177,"parent":892,"menu_order":5,"comment_status":"closed","ping_status":"closed","template":"","meta":{"_acf_changed":false,"footnotes":""},"class_list":["post-68","page","type-page","status-publish","has-post-thumbnail","hentry"],"acf":[],"yoast_head":"<!-- This site is optimized with the Yoast SEO Premium plugin v27.1 (Yoast SEO v27.1.1) - https:\/\/yoast.com\/product\/yoast-seo-premium-wordpress\/ -->\n<title>History of Ayurveda &#8902; Dune Healing Center<\/title>\n<meta name=\"robots\" content=\"noindex, follow, max-snippet:-1, max-image-preview:large, max-video-preview:-1\" \/>\n<meta property=\"og:locale\" content=\"en_US\" \/>\n<meta property=\"og:type\" content=\"article\" \/>\n<meta property=\"og:title\" content=\"History of Ayurveda\" \/>\n<meta property=\"og:url\" content=\"https:\/\/dunewellnessgroup.com\/Dune-healing-center\/ayurvedic-cures-healing-massages-yoga-meditation-diet\/history-of-ayurveda\/\" \/>\n<meta property=\"og:site_name\" content=\"Dune Healing Center\" \/>\n<meta property=\"article:publisher\" content=\"https:\/\/www.facebook.com\/Dune-Wellness-Group-813293598700021\/\" \/>\n<meta property=\"article:modified_time\" content=\"2025-12-23T03:53:56+00:00\" \/>\n<meta property=\"og:image\" content=\"http:\/\/dunewellnessgroup.com\/wp-content\/uploads\/sites\/28\/2016\/06\/chakras_full.jpg\" \/>\n\t<meta property=\"og:image:width\" content=\"263\" \/>\n\t<meta property=\"og:image:height\" content=\"336\" \/>\n\t<meta property=\"og:image:type\" content=\"image\/jpeg\" \/>\n<meta name=\"twitter:card\" content=\"summary_large_image\" \/>\n<meta name=\"twitter:site\" content=\"@DuneEcoGroup\" \/>\n<meta name=\"twitter:label1\" content=\"Est. reading time\" \/>\n\t<meta name=\"twitter:data1\" content=\"1 minute\" \/>\n<script type=\"application\/ld+json\" class=\"yoast-schema-graph\">{\"@context\":\"https:\/\/schema.org\",\"@graph\":[{\"@type\":\"WebPage\",\"@id\":\"https:\/\/dunewellnessgroup.com\/Dune-healing-center\/ayurvedic-cures-healing-massages-yoga-meditation-diet\/history-of-ayurveda\/\",\"url\":\"https:\/\/dunewellnessgroup.com\/Dune-healing-center\/ayurvedic-cures-healing-massages-yoga-meditation-diet\/history-of-ayurveda\/\",\"name\":\"History of Ayurveda &#8902; Dune Healing Center\",\"isPartOf\":{\"@id\":\"https:\/\/dunewellnessgroup.com\/Dune-healing-center\/#website\"},\"primaryImageOfPage\":{\"@id\":\"https:\/\/dunewellnessgroup.com\/Dune-healing-center\/ayurvedic-cures-healing-massages-yoga-meditation-diet\/history-of-ayurveda\/#primaryimage\"},\"image\":{\"@id\":\"https:\/\/dunewellnessgroup.com\/Dune-healing-center\/ayurvedic-cures-healing-massages-yoga-meditation-diet\/history-of-ayurveda\/#primaryimage\"},\"thumbnailUrl\":\"https:\/\/dunewellnessgroup.com\/wp-content\/uploads\/sites\/28\/2016\/06\/chakras_full.jpg\",\"datePublished\":\"2016-06-20T10:50:33+00:00\",\"dateModified\":\"2025-12-23T03:53:56+00:00\",\"breadcrumb\":{\"@id\":\"https:\/\/dunewellnessgroup.com\/Dune-healing-center\/ayurvedic-cures-healing-massages-yoga-meditation-diet\/history-of-ayurveda\/#breadcrumb\"},\"inLanguage\":\"en-US\",\"potentialAction\":[{\"@type\":\"ReadAction\",\"target\":[\"https:\/\/dunewellnessgroup.com\/Dune-healing-center\/ayurvedic-cures-healing-massages-yoga-meditation-diet\/history-of-ayurveda\/\"]}]},{\"@type\":\"ImageObject\",\"inLanguage\":\"en-US\",\"@id\":\"https:\/\/dunewellnessgroup.com\/Dune-healing-center\/ayurvedic-cures-healing-massages-yoga-meditation-diet\/history-of-ayurveda\/#primaryimage\",\"url\":\"https:\/\/dunewellnessgroup.com\/wp-content\/uploads\/sites\/28\/2016\/06\/chakras_full.jpg\",\"contentUrl\":\"https:\/\/dunewellnessgroup.com\/wp-content\/uploads\/sites\/28\/2016\/06\/chakras_full.jpg\",\"width\":263,\"height\":336},{\"@type\":\"BreadcrumbList\",\"@id\":\"https:\/\/dunewellnessgroup.com\/Dune-healing-center\/ayurvedic-cures-healing-massages-yoga-meditation-diet\/history-of-ayurveda\/#breadcrumb\",\"itemListElement\":[{\"@type\":\"ListItem\",\"position\":1,\"name\":\"Home\",\"item\":\"https:\/\/dunewellnessgroup.com\/Dune-healing-center\/\"},{\"@type\":\"ListItem\",\"position\":2,\"name\":\"Ayurveda &amp; Other Therapies\",\"item\":\"https:\/\/dunewellnessgroup.com\/Dune-healing-center\/ayurvedic-cures-healing-massages-yoga-meditation-diet\/\"},{\"@type\":\"ListItem\",\"position\":3,\"name\":\"History of Ayurveda\"}]},{\"@type\":\"WebSite\",\"@id\":\"https:\/\/dunewellnessgroup.com\/Dune-healing-center\/#website\",\"url\":\"https:\/\/dunewellnessgroup.com\/Dune-healing-center\/\",\"name\":\"Dune Healing Center\",\"description\":\"Meilleur centre de m\u00e9decine Ayurv\u00e9dique \u00e0 Dune Eco Village and Spa\",\"potentialAction\":[{\"@type\":\"SearchAction\",\"target\":{\"@type\":\"EntryPoint\",\"urlTemplate\":\"https:\/\/dunewellnessgroup.com\/Dune-healing-center\/?s={search_term_string}\"},\"query-input\":{\"@type\":\"PropertyValueSpecification\",\"valueRequired\":true,\"valueName\":\"search_term_string\"}}],\"inLanguage\":\"en-US\"}]}<\/script>\n<!-- \/ Yoast SEO Premium plugin. -->","yoast_head_json":{"title":"History of Ayurveda &#8902; Dune Healing Center","robots":{"index":"noindex","follow":"follow","max-snippet":"max-snippet:-1","max-image-preview":"max-image-preview:large","max-video-preview":"max-video-preview:-1"},"og_locale":"en_US","og_type":"article","og_title":"History of Ayurveda","og_url":"https:\/\/dunewellnessgroup.com\/Dune-healing-center\/ayurvedic-cures-healing-massages-yoga-meditation-diet\/history-of-ayurveda\/","og_site_name":"Dune Healing Center","article_publisher":"https:\/\/www.facebook.com\/Dune-Wellness-Group-813293598700021\/","article_modified_time":"2025-12-23T03:53:56+00:00","og_image":[{"width":263,"height":336,"url":"http:\/\/dunewellnessgroup.com\/wp-content\/uploads\/sites\/28\/2016\/06\/chakras_full.jpg","type":"image\/jpeg"}],"twitter_card":"summary_large_image","twitter_site":"@DuneEcoGroup","twitter_misc":{"Est. reading time":"1 minute"},"schema":{"@context":"https:\/\/schema.org","@graph":[{"@type":"WebPage","@id":"https:\/\/dunewellnessgroup.com\/Dune-healing-center\/ayurvedic-cures-healing-massages-yoga-meditation-diet\/history-of-ayurveda\/","url":"https:\/\/dunewellnessgroup.com\/Dune-healing-center\/ayurvedic-cures-healing-massages-yoga-meditation-diet\/history-of-ayurveda\/","name":"History of Ayurveda &#8902; Dune Healing Center","isPartOf":{"@id":"https:\/\/dunewellnessgroup.com\/Dune-healing-center\/#website"},"primaryImageOfPage":{"@id":"https:\/\/dunewellnessgroup.com\/Dune-healing-center\/ayurvedic-cures-healing-massages-yoga-meditation-diet\/history-of-ayurveda\/#primaryimage"},"image":{"@id":"https:\/\/dunewellnessgroup.com\/Dune-healing-center\/ayurvedic-cures-healing-massages-yoga-meditation-diet\/history-of-ayurveda\/#primaryimage"},"thumbnailUrl":"https:\/\/dunewellnessgroup.com\/wp-content\/uploads\/sites\/28\/2016\/06\/chakras_full.jpg","datePublished":"2016-06-20T10:50:33+00:00","dateModified":"2025-12-23T03:53:56+00:00","breadcrumb":{"@id":"https:\/\/dunewellnessgroup.com\/Dune-healing-center\/ayurvedic-cures-healing-massages-yoga-meditation-diet\/history-of-ayurveda\/#breadcrumb"},"inLanguage":"en-US","potentialAction":[{"@type":"ReadAction","target":["https:\/\/dunewellnessgroup.com\/Dune-healing-center\/ayurvedic-cures-healing-massages-yoga-meditation-diet\/history-of-ayurveda\/"]}]},{"@type":"ImageObject","inLanguage":"en-US","@id":"https:\/\/dunewellnessgroup.com\/Dune-healing-center\/ayurvedic-cures-healing-massages-yoga-meditation-diet\/history-of-ayurveda\/#primaryimage","url":"https:\/\/dunewellnessgroup.com\/wp-content\/uploads\/sites\/28\/2016\/06\/chakras_full.jpg","contentUrl":"https:\/\/dunewellnessgroup.com\/wp-content\/uploads\/sites\/28\/2016\/06\/chakras_full.jpg","width":263,"height":336},{"@type":"BreadcrumbList","@id":"https:\/\/dunewellnessgroup.com\/Dune-healing-center\/ayurvedic-cures-healing-massages-yoga-meditation-diet\/history-of-ayurveda\/#breadcrumb","itemListElement":[{"@type":"ListItem","position":1,"name":"Home","item":"https:\/\/dunewellnessgroup.com\/Dune-healing-center\/"},{"@type":"ListItem","position":2,"name":"Ayurveda &amp; Other Therapies","item":"https:\/\/dunewellnessgroup.com\/Dune-healing-center\/ayurvedic-cures-healing-massages-yoga-meditation-diet\/"},{"@type":"ListItem","position":3,"name":"History of Ayurveda"}]},{"@type":"WebSite","@id":"https:\/\/dunewellnessgroup.com\/Dune-healing-center\/#website","url":"https:\/\/dunewellnessgroup.com\/Dune-healing-center\/","name":"Dune Healing Center","description":"Meilleur centre de m\u00e9decine Ayurv\u00e9dique \u00e0 Dune Eco Village and Spa","potentialAction":[{"@type":"SearchAction","target":{"@type":"EntryPoint","urlTemplate":"https:\/\/dunewellnessgroup.com\/Dune-healing-center\/?s={search_term_string}"},"query-input":{"@type":"PropertyValueSpecification","valueRequired":true,"valueName":"search_term_string"}}],"inLanguage":"en-US"}]}},"_links":{"self":[{"href":"https:\/\/dunewellnessgroup.com\/Dune-healing-center\/wp-json\/wp\/v2\/pages\/68","targetHints":{"allow":["GET"]}}],"collection":[{"href":"https:\/\/dunewellnessgroup.com\/Dune-healing-center\/wp-json\/wp\/v2\/pages"}],"about":[{"href":"https:\/\/dunewellnessgroup.com\/Dune-healing-center\/wp-json\/wp\/v2\/types\/page"}],"author":[{"embeddable":true,"href":"https:\/\/dunewellnessgroup.com\/Dune-healing-center\/wp-json\/wp\/v2\/users\/1"}],"replies":[{"embeddable":true,"href":"https:\/\/dunewellnessgroup.com\/Dune-healing-center\/wp-json\/wp\/v2\/comments?post=68"}],"version-history":[{"count":2,"href":"https:\/\/dunewellnessgroup.com\/Dune-healing-center\/wp-json\/wp\/v2\/pages\/68\/revisions"}],"predecessor-version":[{"id":3024,"href":"https:\/\/dunewellnessgroup.com\/Dune-healing-center\/wp-json\/wp\/v2\/pages\/68\/revisions\/3024"}],"up":[{"embeddable":true,"href":"https:\/\/dunewellnessgroup.com\/Dune-healing-center\/wp-json\/wp\/v2\/pages\/892"}],"wp:featuredmedia":[{"embeddable":true,"href":"https:\/\/dunewellnessgroup.com\/Dune-healing-center\/wp-json\/wp\/v2\/media\/177"}],"wp:attachment":[{"href":"https:\/\/dunewellnessgroup.com\/Dune-healing-center\/wp-json\/wp\/v2\/media?parent=68"}],"curies":[{"name":"wp","href":"https:\/\/api.w.org\/{rel}","templated":true}]}}