{"id":708,"date":"2016-10-10T08:28:08","date_gmt":"2016-10-10T12:28:08","guid":{"rendered":"http:\/\/dunewellnessgroup.com\/chopra-healing-center\/?page_id=708"},"modified":"2026-01-28T23:04:45","modified_gmt":"2026-01-29T03:04:45","slug":"brochure","status":"publish","type":"page","link":"https:\/\/dunewellnessgroup.com\/Dune-healing-center\/brochure\/","title":{"rendered":"Dune Healing Center Brochure"},"content":{"rendered":"<h4 style=\"text-align: center\"><a href=\"http:\/\/dunewellnessgroup.com\/wp-content\/uploads\/sites\/28\/2025\/12\/DHCTariff-25-26.pdf\">Feel free to download our brochure: Dune Healing Center at Dune Eco Village and Spa.<\/a><\/h4>\n<p style=\"text-align: center\"><em>Click on the image to download the Dune healing Center brochure with tariffs and cure details.<\/em><\/p>\n<figure id=\"attachment_1697\" aria-describedby=\"caption-attachment-1697\" style=\"width: 457px\" class=\"wp-caption aligncenter\"><a href=\"https:\/\/dunewellnessgroup.com\/wp-content\/uploads\/sites\/28\/2025\/12\/DHCTariff-25-26.pdf\"><img loading=\"lazy\" decoding=\"async\" class=\"wp-image-1697 size-full\" src=\"https:\/\/dunewellnessgroup.com\/tanjore-hi\/wp-content\/uploads\/sites\/28\/2023\/12\/Couverture-de-la-brochure-Dune-healing-Center-.png\" alt=\"Dune Healing Center Tariffs Brochure 2024\/2025\" width=\"457\" height=\"642\" srcset=\"https:\/\/dunewellnessgroup.com\/wp-content\/uploads\/sites\/28\/2023\/12\/Couverture-de-la-brochure-Dune-healing-Center-.png 457w, https:\/\/dunewellnessgroup.com\/wp-content\/uploads\/sites\/28\/2023\/12\/Couverture-de-la-brochure-Dune-healing-Center--214x300.png 214w, https:\/\/dunewellnessgroup.com\/wp-content\/uploads\/sites\/28\/2023\/12\/Couverture-de-la-brochure-Dune-healing-Center--427x600.png 427w\" sizes=\"auto, (max-width: 457px) 100vw, 457px\" \/><\/a><figcaption id=\"caption-attachment-1697\" class=\"wp-caption-text\">Dune Healing Center Tariffs Brochure 2024\/2025<\/figcaption><\/figure>\n<p style=\"text-align: center\"><a href=\"https:\/\/dunewellnessgroup.com\/wp-content\/uploads\/sites\/28\/2025\/12\/DHCTariff-25-26.pdf\">Dune Healing Center Brochure.pdf<\/a><\/p>\n<h2>Our Ayurvedic programs are inclusive of:<\/h2>\n<ul>\n<li>Consultation with Doctor for Dosha type, personalized diet recommendation, lifestyle changes\u00a0and\u00a0practices.<\/li>\n<li>Daily personalised dosha based Ayurvedic breakfast, lunch and diner as per Doctor prescription<\/li>\n<li>Daily therapeutic Ayurvedic massage\u00a0or\u00a0treatment given with specialized medicated oils carefully chosen by the doctor based on your body type and health issues.<\/li>\n<li>One cooking session of Ayurveda diet with recipe and\u00a0guidance<\/li>\n<li>Ayurvedic Herbal or Steam bath (as recommended)<\/li>\n<li>Daily 1 hour of morning Yoga<\/li>\n<li>Daily 1 hour of evening Meditation.<\/li>\n<li>Health drink in the morning &amp; Ayurvedic diet with garden fresh seasonal fruits &amp; vegetables.<\/li>\n<li>All natural organic Ayurvedic herbal medications (freshly made without any chemical preservatives)<\/li>\n<li>Doctor consultations and monitoring of progress<\/li>\n<li>Very individualized care<\/li>\n<li>Please not that depending on your health condition the Doctor can adjust the content of the program<\/li>\n<\/ul>\n<p class=\"chapo\"><strong><em>Please note that rates of this brochure does not include accommodation for the stay except for <a href=\"\/Dune-healing-center?page_id=83\">ayurvedic cures<\/a>.<\/em><\/strong><\/p>\n","protected":false},"excerpt":{"rendered":"<p>Feel free to download our brochure: Dune Healing Center at Dune Eco Village and Spa. Click on the image to download the Dune healing Center brochure with tariffs and cure [&hellip;]<\/p>\n","protected":false},"author":4,"featured_media":1697,"parent":0,"menu_order":3,"comment_status":"closed","ping_status":"closed","template":"","meta":{"_acf_changed":false,"footnotes":""},"class_list":["post-708","page","type-page","status-publish","has-post-thumbnail","hentry"],"acf":[],"yoast_head":"<!-- This site is optimized with the Yoast SEO Premium plugin v27.1 (Yoast SEO v27.1.1) - https:\/\/yoast.com\/product\/yoast-seo-premium-wordpress\/ -->\n<title>Dune Healing Center Brochure \u22c6 Dune Healing Center<\/title>\n<meta name=\"description\" content=\"Get the Dune Healing Center brochure\u2014full details on Ayurvedic cures, personalized treatments, diets, yoga &amp; meditation programs for total wellbeing.\" \/>\n<meta name=\"robots\" content=\"noindex, follow, max-snippet:-1, max-image-preview:large, max-video-preview:-1\" \/>\n<meta property=\"og:locale\" content=\"en_US\" \/>\n<meta property=\"og:type\" content=\"article\" \/>\n<meta property=\"og:title\" content=\"Dune Healing Center Brochure\" \/>\n<meta property=\"og:description\" content=\"Get the Dune Healing Center brochure\u2014full details on Ayurvedic cures, personalized treatments, diets, yoga &amp; meditation programs for total wellbeing.\" \/>\n<meta property=\"og:url\" content=\"https:\/\/dunewellnessgroup.com\/Dune-healing-center\/brochure\/\" \/>\n<meta property=\"og:site_name\" content=\"Dune Healing Center\" \/>\n<meta property=\"article:publisher\" content=\"https:\/\/www.facebook.com\/Dune-Wellness-Group-813293598700021\/\" \/>\n<meta property=\"article:modified_time\" content=\"2026-01-29T03:04:45+00:00\" \/>\n<meta property=\"og:image\" content=\"http:\/\/dunewellnessgroup.com\/wp-content\/uploads\/sites\/28\/2023\/12\/Couverture-de-la-brochure-Dune-healing-Center-.png\" \/>\n\t<meta property=\"og:image:width\" content=\"457\" \/>\n\t<meta property=\"og:image:height\" content=\"642\" \/>\n\t<meta property=\"og:image:type\" content=\"image\/png\" \/>\n<meta name=\"twitter:card\" content=\"summary_large_image\" \/>\n<meta name=\"twitter:site\" content=\"@DuneEcoGroup\" \/>\n<meta name=\"twitter:label1\" content=\"Est. reading time\" \/>\n\t<meta name=\"twitter:data1\" content=\"2 minutes\" \/>\n<script type=\"application\/ld+json\" class=\"yoast-schema-graph\">{\"@context\":\"https:\/\/schema.org\",\"@graph\":[{\"@type\":\"WebPage\",\"@id\":\"https:\/\/dunewellnessgroup.com\/Dune-healing-center\/brochure\/\",\"url\":\"https:\/\/dunewellnessgroup.com\/Dune-healing-center\/brochure\/\",\"name\":\"Dune Healing Center Brochure \u22c6 Dune Healing Center\",\"isPartOf\":{\"@id\":\"https:\/\/dunewellnessgroup.com\/Dune-healing-center\/#website\"},\"primaryImageOfPage\":{\"@id\":\"https:\/\/dunewellnessgroup.com\/Dune-healing-center\/brochure\/#primaryimage\"},\"image\":{\"@id\":\"https:\/\/dunewellnessgroup.com\/Dune-healing-center\/brochure\/#primaryimage\"},\"thumbnailUrl\":\"https:\/\/dunewellnessgroup.com\/wp-content\/uploads\/sites\/28\/2023\/12\/Couverture-de-la-brochure-Dune-healing-Center-.png\",\"datePublished\":\"2016-10-10T12:28:08+00:00\",\"dateModified\":\"2026-01-29T03:04:45+00:00\",\"description\":\"Get the Dune Healing Center brochure\u2014full details on Ayurvedic cures, personalized treatments, diets, yoga & meditation programs for total wellbeing.\",\"breadcrumb\":{\"@id\":\"https:\/\/dunewellnessgroup.com\/Dune-healing-center\/brochure\/#breadcrumb\"},\"inLanguage\":\"en-US\",\"potentialAction\":[{\"@type\":\"ReadAction\",\"target\":[\"https:\/\/dunewellnessgroup.com\/Dune-healing-center\/brochure\/\"]}]},{\"@type\":\"ImageObject\",\"inLanguage\":\"en-US\",\"@id\":\"https:\/\/dunewellnessgroup.com\/Dune-healing-center\/brochure\/#primaryimage\",\"url\":\"https:\/\/dunewellnessgroup.com\/wp-content\/uploads\/sites\/28\/2023\/12\/Couverture-de-la-brochure-Dune-healing-Center-.png\",\"contentUrl\":\"https:\/\/dunewellnessgroup.com\/wp-content\/uploads\/sites\/28\/2023\/12\/Couverture-de-la-brochure-Dune-healing-Center-.png\",\"width\":457,\"height\":642,\"caption\":\"Dune Healing Center Tariffs Brochure 2024\"},{\"@type\":\"BreadcrumbList\",\"@id\":\"https:\/\/dunewellnessgroup.com\/Dune-healing-center\/brochure\/#breadcrumb\",\"itemListElement\":[{\"@type\":\"ListItem\",\"position\":1,\"name\":\"Home\",\"item\":\"https:\/\/dunewellnessgroup.com\/Dune-healing-center\/\"},{\"@type\":\"ListItem\",\"position\":2,\"name\":\"Dune Healing Center Brochure\"}]},{\"@type\":\"WebSite\",\"@id\":\"https:\/\/dunewellnessgroup.com\/Dune-healing-center\/#website\",\"url\":\"https:\/\/dunewellnessgroup.com\/Dune-healing-center\/\",\"name\":\"Dune Healing Center\",\"description\":\"Meilleur centre de m\u00e9decine Ayurv\u00e9dique \u00e0 Dune Eco Village and Spa\",\"potentialAction\":[{\"@type\":\"SearchAction\",\"target\":{\"@type\":\"EntryPoint\",\"urlTemplate\":\"https:\/\/dunewellnessgroup.com\/Dune-healing-center\/?s={search_term_string}\"},\"query-input\":{\"@type\":\"PropertyValueSpecification\",\"valueRequired\":true,\"valueName\":\"search_term_string\"}}],\"inLanguage\":\"en-US\"}]}<\/script>\n<!-- \/ Yoast SEO Premium plugin. -->","yoast_head_json":{"title":"Dune Healing Center Brochure \u22c6 Dune Healing Center","description":"Get the Dune Healing Center brochure\u2014full details on Ayurvedic cures, personalized treatments, diets, yoga & meditation programs for total wellbeing.","robots":{"index":"noindex","follow":"follow","max-snippet":"max-snippet:-1","max-image-preview":"max-image-preview:large","max-video-preview":"max-video-preview:-1"},"og_locale":"en_US","og_type":"article","og_title":"Dune Healing Center Brochure","og_description":"Get the Dune Healing Center brochure\u2014full details on Ayurvedic cures, personalized treatments, diets, yoga & meditation programs for total wellbeing.","og_url":"https:\/\/dunewellnessgroup.com\/Dune-healing-center\/brochure\/","og_site_name":"Dune Healing Center","article_publisher":"https:\/\/www.facebook.com\/Dune-Wellness-Group-813293598700021\/","article_modified_time":"2026-01-29T03:04:45+00:00","og_image":[{"width":457,"height":642,"url":"http:\/\/dunewellnessgroup.com\/wp-content\/uploads\/sites\/28\/2023\/12\/Couverture-de-la-brochure-Dune-healing-Center-.png","type":"image\/png"}],"twitter_card":"summary_large_image","twitter_site":"@DuneEcoGroup","twitter_misc":{"Est. reading time":"2 minutes"},"schema":{"@context":"https:\/\/schema.org","@graph":[{"@type":"WebPage","@id":"https:\/\/dunewellnessgroup.com\/Dune-healing-center\/brochure\/","url":"https:\/\/dunewellnessgroup.com\/Dune-healing-center\/brochure\/","name":"Dune Healing Center Brochure \u22c6 Dune Healing Center","isPartOf":{"@id":"https:\/\/dunewellnessgroup.com\/Dune-healing-center\/#website"},"primaryImageOfPage":{"@id":"https:\/\/dunewellnessgroup.com\/Dune-healing-center\/brochure\/#primaryimage"},"image":{"@id":"https:\/\/dunewellnessgroup.com\/Dune-healing-center\/brochure\/#primaryimage"},"thumbnailUrl":"https:\/\/dunewellnessgroup.com\/wp-content\/uploads\/sites\/28\/2023\/12\/Couverture-de-la-brochure-Dune-healing-Center-.png","datePublished":"2016-10-10T12:28:08+00:00","dateModified":"2026-01-29T03:04:45+00:00","description":"Get the Dune Healing Center brochure\u2014full details on Ayurvedic cures, personalized treatments, diets, yoga & meditation programs for total wellbeing.","breadcrumb":{"@id":"https:\/\/dunewellnessgroup.com\/Dune-healing-center\/brochure\/#breadcrumb"},"inLanguage":"en-US","potentialAction":[{"@type":"ReadAction","target":["https:\/\/dunewellnessgroup.com\/Dune-healing-center\/brochure\/"]}]},{"@type":"ImageObject","inLanguage":"en-US","@id":"https:\/\/dunewellnessgroup.com\/Dune-healing-center\/brochure\/#primaryimage","url":"https:\/\/dunewellnessgroup.com\/wp-content\/uploads\/sites\/28\/2023\/12\/Couverture-de-la-brochure-Dune-healing-Center-.png","contentUrl":"https:\/\/dunewellnessgroup.com\/wp-content\/uploads\/sites\/28\/2023\/12\/Couverture-de-la-brochure-Dune-healing-Center-.png","width":457,"height":642,"caption":"Dune Healing Center Tariffs Brochure 2024"},{"@type":"BreadcrumbList","@id":"https:\/\/dunewellnessgroup.com\/Dune-healing-center\/brochure\/#breadcrumb","itemListElement":[{"@type":"ListItem","position":1,"name":"Home","item":"https:\/\/dunewellnessgroup.com\/Dune-healing-center\/"},{"@type":"ListItem","position":2,"name":"Dune Healing Center Brochure"}]},{"@type":"WebSite","@id":"https:\/\/dunewellnessgroup.com\/Dune-healing-center\/#website","url":"https:\/\/dunewellnessgroup.com\/Dune-healing-center\/","name":"Dune Healing Center","description":"Meilleur centre de m\u00e9decine Ayurv\u00e9dique \u00e0 Dune Eco Village and Spa","potentialAction":[{"@type":"SearchAction","target":{"@type":"EntryPoint","urlTemplate":"https:\/\/dunewellnessgroup.com\/Dune-healing-center\/?s={search_term_string}"},"query-input":{"@type":"PropertyValueSpecification","valueRequired":true,"valueName":"search_term_string"}}],"inLanguage":"en-US"}]}},"_links":{"self":[{"href":"https:\/\/dunewellnessgroup.com\/Dune-healing-center\/wp-json\/wp\/v2\/pages\/708","targetHints":{"allow":["GET"]}}],"collection":[{"href":"https:\/\/dunewellnessgroup.com\/Dune-healing-center\/wp-json\/wp\/v2\/pages"}],"about":[{"href":"https:\/\/dunewellnessgroup.com\/Dune-healing-center\/wp-json\/wp\/v2\/types\/page"}],"author":[{"embeddable":true,"href":"https:\/\/dunewellnessgroup.com\/Dune-healing-center\/wp-json\/wp\/v2\/users\/4"}],"replies":[{"embeddable":true,"href":"https:\/\/dunewellnessgroup.com\/Dune-healing-center\/wp-json\/wp\/v2\/comments?post=708"}],"version-history":[{"count":3,"href":"https:\/\/dunewellnessgroup.com\/Dune-healing-center\/wp-json\/wp\/v2\/pages\/708\/revisions"}],"predecessor-version":[{"id":3176,"href":"https:\/\/dunewellnessgroup.com\/Dune-healing-center\/wp-json\/wp\/v2\/pages\/708\/revisions\/3176"}],"wp:featuredmedia":[{"embeddable":true,"href":"https:\/\/dunewellnessgroup.com\/Dune-healing-center\/wp-json\/wp\/v2\/media\/1697"}],"wp:attachment":[{"href":"https:\/\/dunewellnessgroup.com\/Dune-healing-center\/wp-json\/wp\/v2\/media?parent=708"}],"curies":[{"name":"wp","href":"https:\/\/api.w.org\/{rel}","templated":true}]}}