{"id":74,"date":"2016-06-20T06:51:14","date_gmt":"2016-06-20T10:51:14","guid":{"rendered":"http:\/\/dunewellnessgroup.com\/chopra-healing-center\/?page_id=74"},"modified":"2026-01-26T23:42:21","modified_gmt":"2026-01-27T03:42:21","slug":"dune-therapies-world-massages","status":"publish","type":"page","link":"https:\/\/dunewellnessgroup.com\/Dune-healing-center\/ayurvedic-cures-healing-massages-yoga-meditation-diet\/dune-therapies-world-massages\/","title":{"rendered":"Dune Therapies &amp; World Massages"},"content":{"rendered":"<div class=\"hide\">\n<a href=\"https:\/\/dunewellnessgroup.com\/Dune-healing-center\/ayurvedic-cures-healing-massages-yoga-meditation-diet\/dune-therapies-world-massages\/\"><\/a><br \/>\nrewarding career opportunities<img decoding=\"async\" src=\"https:\/\/dunewellnessgroup.com\/wp-content\/uploads\/2016\/06\/DUNEwellnessgroup-resized.svg\" alt=\"Dune therapies world massages\"><br \/>\nRejuvenate with world-class therapies at Dune Healing Center &#8211; from Ayurvedic cures and global massages to yoga, meditation and holistic wellness retreats.\n<\/div>\n","protected":false},"excerpt":{"rendered":"<p>rewarding career opportunities Rejuvenate with world-class therapies at Dune Healing Center &#8211; from Ayurvedic cures and global massages to yoga, meditation and holistic wellness retreats.<\/p>\n","protected":false},"author":1,"featured_media":2227,"parent":892,"menu_order":5,"comment_status":"closed","ping_status":"closed","template":"","meta":{"_acf_changed":false,"footnotes":""},"class_list":["post-74","page","type-page","status-publish","has-post-thumbnail","hentry"],"acf":[],"yoast_head":"<!-- This site is optimized with the Yoast SEO Premium plugin v27.1 (Yoast SEO v27.1.1) - https:\/\/yoast.com\/product\/yoast-seo-premium-wordpress\/ -->\n<title>Dune Therapies &amp; World Massages &#8902; Dune Healing Center<\/title>\n<meta name=\"description\" content=\"Rejuvenate with world-class therapies at Dune Healing Center - from Ayurvedic cures and global massages to yoga, meditation and holistic wellness retreats.\" \/>\n<meta name=\"robots\" content=\"noindex, follow, max-snippet:-1, max-image-preview:large, max-video-preview:-1\" \/>\n<meta property=\"og:locale\" content=\"en_US\" \/>\n<meta property=\"og:type\" content=\"article\" \/>\n<meta property=\"og:title\" content=\"Dune Therapies &amp; World Massages\" \/>\n<meta property=\"og:description\" content=\"\ud83c\udf0d\u2728 Discover global relaxation massages at Dune Healing Center! From soothing Swedish and therapeutic deep tissue massages to revitalizing aromatherapy and invigorating reflexology, our treatments are designed to enhance your well-being, reduce stress, and relieve pain. Experience unique wellness inspired by traditions from around the world. Treat yourself today! \ud83d\udc86\u200d\u2640\ufe0f\ud83d\udc86\u200d\u2642\ufe0f #Massages #DuneHealingCenter #Wellness #Relaxation #Aromatherapy #Reflexology #StressRelief\" \/>\n<meta property=\"og:url\" content=\"https:\/\/dunewellnessgroup.com\/Dune-healing-center\/ayurvedic-cures-healing-massages-yoga-meditation-diet\/dune-therapies-world-massages\/\" \/>\n<meta property=\"og:site_name\" content=\"Dune Healing Center\" \/>\n<meta property=\"article:publisher\" content=\"https:\/\/www.facebook.com\/Dune-Wellness-Group-813293598700021\/\" \/>\n<meta property=\"article:modified_time\" content=\"2026-01-27T03:42:21+00:00\" \/>\n<meta property=\"og:image\" content=\"http:\/\/dunewellnessgroup.com\/wp-content\/uploads\/sites\/28\/2024\/10\/Massageayurvdiquejpg_6373c0a687072.jpg\" \/>\n\t<meta property=\"og:image:width\" content=\"1000\" \/>\n\t<meta property=\"og:image:height\" content=\"667\" \/>\n\t<meta property=\"og:image:type\" content=\"image\/jpeg\" \/>\n<meta name=\"twitter:card\" content=\"summary_large_image\" \/>\n<meta name=\"twitter:site\" content=\"@DuneEcoGroup\" \/>\n<meta name=\"twitter:label1\" content=\"Est. reading time\" \/>\n\t<meta name=\"twitter:data1\" content=\"1 minute\" \/>\n<script type=\"application\/ld+json\" class=\"yoast-schema-graph\">{\"@context\":\"https:\/\/schema.org\",\"@graph\":[{\"@type\":\"WebPage\",\"@id\":\"https:\/\/dunewellnessgroup.com\/Dune-healing-center\/ayurvedic-cures-healing-massages-yoga-meditation-diet\/dune-therapies-world-massages\/\",\"url\":\"https:\/\/dunewellnessgroup.com\/Dune-healing-center\/ayurvedic-cures-healing-massages-yoga-meditation-diet\/dune-therapies-world-massages\/\",\"name\":\"Dune Therapies &amp; World Massages &#8902; Dune Healing Center\",\"isPartOf\":{\"@id\":\"https:\/\/dunewellnessgroup.com\/Dune-healing-center\/#website\"},\"primaryImageOfPage\":{\"@id\":\"https:\/\/dunewellnessgroup.com\/Dune-healing-center\/ayurvedic-cures-healing-massages-yoga-meditation-diet\/dune-therapies-world-massages\/#primaryimage\"},\"image\":{\"@id\":\"https:\/\/dunewellnessgroup.com\/Dune-healing-center\/ayurvedic-cures-healing-massages-yoga-meditation-diet\/dune-therapies-world-massages\/#primaryimage\"},\"thumbnailUrl\":\"https:\/\/dunewellnessgroup.com\/wp-content\/uploads\/sites\/28\/2024\/10\/Massageayurvdiquejpg_6373c0a687072.jpg\",\"datePublished\":\"2016-06-20T10:51:14+00:00\",\"dateModified\":\"2026-01-27T03:42:21+00:00\",\"description\":\"Rejuvenate with world-class therapies at Dune Healing Center - from Ayurvedic cures and global massages to yoga, meditation and holistic wellness retreats.\",\"breadcrumb\":{\"@id\":\"https:\/\/dunewellnessgroup.com\/Dune-healing-center\/ayurvedic-cures-healing-massages-yoga-meditation-diet\/dune-therapies-world-massages\/#breadcrumb\"},\"inLanguage\":\"en-US\",\"potentialAction\":[{\"@type\":\"ReadAction\",\"target\":[\"https:\/\/dunewellnessgroup.com\/Dune-healing-center\/ayurvedic-cures-healing-massages-yoga-meditation-diet\/dune-therapies-world-massages\/\"]}]},{\"@type\":\"ImageObject\",\"inLanguage\":\"en-US\",\"@id\":\"https:\/\/dunewellnessgroup.com\/Dune-healing-center\/ayurvedic-cures-healing-massages-yoga-meditation-diet\/dune-therapies-world-massages\/#primaryimage\",\"url\":\"https:\/\/dunewellnessgroup.com\/wp-content\/uploads\/sites\/28\/2024\/10\/Massageayurvdiquejpg_6373c0a687072.jpg\",\"contentUrl\":\"https:\/\/dunewellnessgroup.com\/wp-content\/uploads\/sites\/28\/2024\/10\/Massageayurvdiquejpg_6373c0a687072.jpg\",\"width\":1000,\"height\":667},{\"@type\":\"BreadcrumbList\",\"@id\":\"https:\/\/dunewellnessgroup.com\/Dune-healing-center\/ayurvedic-cures-healing-massages-yoga-meditation-diet\/dune-therapies-world-massages\/#breadcrumb\",\"itemListElement\":[{\"@type\":\"ListItem\",\"position\":1,\"name\":\"Home\",\"item\":\"https:\/\/dunewellnessgroup.com\/Dune-healing-center\/\"},{\"@type\":\"ListItem\",\"position\":2,\"name\":\"Ayurveda &amp; Other Therapies\",\"item\":\"https:\/\/dunewellnessgroup.com\/Dune-healing-center\/ayurvedic-cures-healing-massages-yoga-meditation-diet\/\"},{\"@type\":\"ListItem\",\"position\":3,\"name\":\"Dune Therapies &amp; World Massages\"}]},{\"@type\":\"WebSite\",\"@id\":\"https:\/\/dunewellnessgroup.com\/Dune-healing-center\/#website\",\"url\":\"https:\/\/dunewellnessgroup.com\/Dune-healing-center\/\",\"name\":\"Dune Healing Center\",\"description\":\"Meilleur centre de m\u00e9decine Ayurv\u00e9dique \u00e0 Dune Eco Village and Spa\",\"potentialAction\":[{\"@type\":\"SearchAction\",\"target\":{\"@type\":\"EntryPoint\",\"urlTemplate\":\"https:\/\/dunewellnessgroup.com\/Dune-healing-center\/?s={search_term_string}\"},\"query-input\":{\"@type\":\"PropertyValueSpecification\",\"valueRequired\":true,\"valueName\":\"search_term_string\"}}],\"inLanguage\":\"en-US\"}]}<\/script>\n<!-- \/ Yoast SEO Premium plugin. -->","yoast_head_json":{"title":"Dune Therapies &amp; World Massages &#8902; Dune Healing Center","description":"Rejuvenate with world-class therapies at Dune Healing Center - from Ayurvedic cures and global massages to yoga, meditation and holistic wellness retreats.","robots":{"index":"noindex","follow":"follow","max-snippet":"max-snippet:-1","max-image-preview":"max-image-preview:large","max-video-preview":"max-video-preview:-1"},"og_locale":"en_US","og_type":"article","og_title":"Dune Therapies &amp; World Massages","og_description":"\ud83c\udf0d\u2728 Discover global relaxation massages at Dune Healing Center! From soothing Swedish and therapeutic deep tissue massages to revitalizing aromatherapy and invigorating reflexology, our treatments are designed to enhance your well-being, reduce stress, and relieve pain. Experience unique wellness inspired by traditions from around the world. Treat yourself today! \ud83d\udc86\u200d\u2640\ufe0f\ud83d\udc86\u200d\u2642\ufe0f #Massages #DuneHealingCenter #Wellness #Relaxation #Aromatherapy #Reflexology #StressRelief","og_url":"https:\/\/dunewellnessgroup.com\/Dune-healing-center\/ayurvedic-cures-healing-massages-yoga-meditation-diet\/dune-therapies-world-massages\/","og_site_name":"Dune Healing Center","article_publisher":"https:\/\/www.facebook.com\/Dune-Wellness-Group-813293598700021\/","article_modified_time":"2026-01-27T03:42:21+00:00","og_image":[{"width":1000,"height":667,"url":"http:\/\/dunewellnessgroup.com\/wp-content\/uploads\/sites\/28\/2024\/10\/Massageayurvdiquejpg_6373c0a687072.jpg","type":"image\/jpeg"}],"twitter_card":"summary_large_image","twitter_site":"@DuneEcoGroup","twitter_misc":{"Est. reading time":"1 minute"},"schema":{"@context":"https:\/\/schema.org","@graph":[{"@type":"WebPage","@id":"https:\/\/dunewellnessgroup.com\/Dune-healing-center\/ayurvedic-cures-healing-massages-yoga-meditation-diet\/dune-therapies-world-massages\/","url":"https:\/\/dunewellnessgroup.com\/Dune-healing-center\/ayurvedic-cures-healing-massages-yoga-meditation-diet\/dune-therapies-world-massages\/","name":"Dune Therapies &amp; World Massages &#8902; Dune Healing Center","isPartOf":{"@id":"https:\/\/dunewellnessgroup.com\/Dune-healing-center\/#website"},"primaryImageOfPage":{"@id":"https:\/\/dunewellnessgroup.com\/Dune-healing-center\/ayurvedic-cures-healing-massages-yoga-meditation-diet\/dune-therapies-world-massages\/#primaryimage"},"image":{"@id":"https:\/\/dunewellnessgroup.com\/Dune-healing-center\/ayurvedic-cures-healing-massages-yoga-meditation-diet\/dune-therapies-world-massages\/#primaryimage"},"thumbnailUrl":"https:\/\/dunewellnessgroup.com\/wp-content\/uploads\/sites\/28\/2024\/10\/Massageayurvdiquejpg_6373c0a687072.jpg","datePublished":"2016-06-20T10:51:14+00:00","dateModified":"2026-01-27T03:42:21+00:00","description":"Rejuvenate with world-class therapies at Dune Healing Center - from Ayurvedic cures and global massages to yoga, meditation and holistic wellness retreats.","breadcrumb":{"@id":"https:\/\/dunewellnessgroup.com\/Dune-healing-center\/ayurvedic-cures-healing-massages-yoga-meditation-diet\/dune-therapies-world-massages\/#breadcrumb"},"inLanguage":"en-US","potentialAction":[{"@type":"ReadAction","target":["https:\/\/dunewellnessgroup.com\/Dune-healing-center\/ayurvedic-cures-healing-massages-yoga-meditation-diet\/dune-therapies-world-massages\/"]}]},{"@type":"ImageObject","inLanguage":"en-US","@id":"https:\/\/dunewellnessgroup.com\/Dune-healing-center\/ayurvedic-cures-healing-massages-yoga-meditation-diet\/dune-therapies-world-massages\/#primaryimage","url":"https:\/\/dunewellnessgroup.com\/wp-content\/uploads\/sites\/28\/2024\/10\/Massageayurvdiquejpg_6373c0a687072.jpg","contentUrl":"https:\/\/dunewellnessgroup.com\/wp-content\/uploads\/sites\/28\/2024\/10\/Massageayurvdiquejpg_6373c0a687072.jpg","width":1000,"height":667},{"@type":"BreadcrumbList","@id":"https:\/\/dunewellnessgroup.com\/Dune-healing-center\/ayurvedic-cures-healing-massages-yoga-meditation-diet\/dune-therapies-world-massages\/#breadcrumb","itemListElement":[{"@type":"ListItem","position":1,"name":"Home","item":"https:\/\/dunewellnessgroup.com\/Dune-healing-center\/"},{"@type":"ListItem","position":2,"name":"Ayurveda &amp; Other Therapies","item":"https:\/\/dunewellnessgroup.com\/Dune-healing-center\/ayurvedic-cures-healing-massages-yoga-meditation-diet\/"},{"@type":"ListItem","position":3,"name":"Dune Therapies &amp; World Massages"}]},{"@type":"WebSite","@id":"https:\/\/dunewellnessgroup.com\/Dune-healing-center\/#website","url":"https:\/\/dunewellnessgroup.com\/Dune-healing-center\/","name":"Dune Healing Center","description":"Meilleur centre de m\u00e9decine Ayurv\u00e9dique \u00e0 Dune Eco Village and Spa","potentialAction":[{"@type":"SearchAction","target":{"@type":"EntryPoint","urlTemplate":"https:\/\/dunewellnessgroup.com\/Dune-healing-center\/?s={search_term_string}"},"query-input":{"@type":"PropertyValueSpecification","valueRequired":true,"valueName":"search_term_string"}}],"inLanguage":"en-US"}]}},"_links":{"self":[{"href":"https:\/\/dunewellnessgroup.com\/Dune-healing-center\/wp-json\/wp\/v2\/pages\/74","targetHints":{"allow":["GET"]}}],"collection":[{"href":"https:\/\/dunewellnessgroup.com\/Dune-healing-center\/wp-json\/wp\/v2\/pages"}],"about":[{"href":"https:\/\/dunewellnessgroup.com\/Dune-healing-center\/wp-json\/wp\/v2\/types\/page"}],"author":[{"embeddable":true,"href":"https:\/\/dunewellnessgroup.com\/Dune-healing-center\/wp-json\/wp\/v2\/users\/1"}],"replies":[{"embeddable":true,"href":"https:\/\/dunewellnessgroup.com\/Dune-healing-center\/wp-json\/wp\/v2\/comments?post=74"}],"version-history":[{"count":10,"href":"https:\/\/dunewellnessgroup.com\/Dune-healing-center\/wp-json\/wp\/v2\/pages\/74\/revisions"}],"predecessor-version":[{"id":3150,"href":"https:\/\/dunewellnessgroup.com\/Dune-healing-center\/wp-json\/wp\/v2\/pages\/74\/revisions\/3150"}],"up":[{"embeddable":true,"href":"https:\/\/dunewellnessgroup.com\/Dune-healing-center\/wp-json\/wp\/v2\/pages\/892"}],"wp:featuredmedia":[{"embeddable":true,"href":"https:\/\/dunewellnessgroup.com\/Dune-healing-center\/wp-json\/wp\/v2\/media\/2227"}],"wp:attachment":[{"href":"https:\/\/dunewellnessgroup.com\/Dune-healing-center\/wp-json\/wp\/v2\/media?parent=74"}],"curies":[{"name":"wp","href":"https:\/\/api.w.org\/{rel}","templated":true}]}}