{"id":619,"date":"2016-06-10T08:35:06","date_gmt":"2016-06-10T08:35:06","guid":{"rendered":"http:\/\/dunewellnessgroup.com\/tanjore-hi-hotel\/recreation-what-to-do-around-tanjore-hi-hotel\/"},"modified":"2019-04-18T20:48:30","modified_gmt":"2019-04-18T20:48:30","slug":"activites","status":"publish","type":"page","link":"https:\/\/dunewellnessgroup.com\/tanjore-hi\/hotel-tamil-nadu\/activites\/","title":{"rendered":"Activit\u00e9s"},"content":{"rendered":"","protected":false},"excerpt":{"rendered":"","protected":false},"author":1,"featured_media":259,"parent":1044,"menu_order":1,"comment_status":"closed","ping_status":"closed","template":"","meta":{"_acf_changed":false,"footnotes":""},"class_list":["post-619","page","type-page","status-publish","has-post-thumbnail","hentry"],"acf":[],"yoast_head":"<!-- This site is optimized with the Yoast SEO Premium plugin v27.1 (Yoast SEO v27.1.1) - https:\/\/yoast.com\/product\/yoast-seo-premium-wordpress\/ -->\n<title>Activit\u00e9s - Que faire au Tanjore Hi - H\u00f4tel Inde<\/title>\n<meta name=\"description\" content=\"Que faire au Tanjore Hi ou aux alentours ? D\u00e9couvrez ce qui vous attend lors de votre s\u00e9jour dans notre h\u00f4tel situ\u00e9 en Inde du Sud\" \/>\n<meta name=\"robots\" content=\"index, follow, max-snippet:-1, max-image-preview:large, max-video-preview:-1\" \/>\n<link rel=\"canonical\" href=\"https:\/\/dunewellnessgroup.com\/tanjore-hi\/fr\/hotel-tamil-nadu\/activites\/\" \/>\n<meta property=\"og:locale\" content=\"en_US\" \/>\n<meta property=\"og:type\" content=\"article\" \/>\n<meta property=\"og:title\" content=\"Activit\u00e9s\" \/>\n<meta property=\"og:description\" content=\"Que faire au Tanjore Hi ou aux alentours ? D\u00e9couvrez ce qui vous attend lors de votre s\u00e9jour dans notre h\u00f4tel situ\u00e9 en Inde du Sud\" \/>\n<meta property=\"og:url\" content=\"https:\/\/dunewellnessgroup.com\/tanjore-hi\/fr\/hotel-tamil-nadu\/activites\/\" \/>\n<meta property=\"og:site_name\" content=\"Tanjore Hi\" \/>\n<meta property=\"article:modified_time\" content=\"2019-04-18T20:48:30+00:00\" \/>\n<meta property=\"og:image\" content=\"https:\/\/dunewellnessgroup.com\/wp-content\/uploads\/sites\/21\/2016\/04\/chola-bronze.jpg\" \/>\n\t<meta property=\"og:image:width\" content=\"1600\" \/>\n\t<meta property=\"og:image:height\" content=\"850\" \/>\n\t<meta property=\"og:image:type\" content=\"image\/jpeg\" \/>\n<meta name=\"twitter:card\" content=\"summary_large_image\" \/>\n<script type=\"application\/ld+json\" class=\"yoast-schema-graph\">{\"@context\":\"https:\/\/schema.org\",\"@graph\":[{\"@type\":\"WebPage\",\"@id\":\"https:\/\/dunewellnessgroup.com\/tanjore-hi\/fr\/hotel-tamil-nadu\/activites\/\",\"url\":\"https:\/\/dunewellnessgroup.com\/tanjore-hi\/fr\/hotel-tamil-nadu\/activites\/\",\"name\":\"Activit\u00e9s - Que faire au Tanjore Hi - H\u00f4tel Inde\",\"isPartOf\":{\"@id\":\"https:\/\/dunewellnessgroup.com\/tanjore-hi\/#website\"},\"primaryImageOfPage\":{\"@id\":\"https:\/\/dunewellnessgroup.com\/tanjore-hi\/fr\/hotel-tamil-nadu\/activites\/#primaryimage\"},\"image\":{\"@id\":\"https:\/\/dunewellnessgroup.com\/tanjore-hi\/fr\/hotel-tamil-nadu\/activites\/#primaryimage\"},\"thumbnailUrl\":\"https:\/\/dunewellnessgroup.com\/wp-content\/uploads\/sites\/21\/2016\/04\/chola-bronze.jpg\",\"datePublished\":\"2016-06-10T08:35:06+00:00\",\"dateModified\":\"2019-04-18T20:48:30+00:00\",\"description\":\"Que faire au Tanjore Hi ou aux alentours ? D\u00e9couvrez ce qui vous attend lors de votre s\u00e9jour dans notre h\u00f4tel situ\u00e9 en Inde du Sud\",\"breadcrumb\":{\"@id\":\"https:\/\/dunewellnessgroup.com\/tanjore-hi\/fr\/hotel-tamil-nadu\/activites\/#breadcrumb\"},\"inLanguage\":\"en-US\",\"potentialAction\":[{\"@type\":\"ReadAction\",\"target\":[\"https:\/\/dunewellnessgroup.com\/tanjore-hi\/fr\/hotel-tamil-nadu\/activites\/\"]}]},{\"@type\":\"ImageObject\",\"inLanguage\":\"en-US\",\"@id\":\"https:\/\/dunewellnessgroup.com\/tanjore-hi\/fr\/hotel-tamil-nadu\/activites\/#primaryimage\",\"url\":\"https:\/\/dunewellnessgroup.com\/wp-content\/uploads\/sites\/21\/2016\/04\/chola-bronze.jpg\",\"contentUrl\":\"https:\/\/dunewellnessgroup.com\/wp-content\/uploads\/sites\/21\/2016\/04\/chola-bronze.jpg\",\"width\":1600,\"height\":850},{\"@type\":\"BreadcrumbList\",\"@id\":\"https:\/\/dunewellnessgroup.com\/tanjore-hi\/fr\/hotel-tamil-nadu\/activites\/#breadcrumb\",\"itemListElement\":[{\"@type\":\"ListItem\",\"position\":1,\"name\":\"Home\",\"item\":\"https:\/\/dunewellnessgroup.com\/tanjore-hi\/\"},{\"@type\":\"ListItem\",\"position\":2,\"name\":\"H\u00f4tel Tamil Nadu (CATEGORIE)\",\"item\":\"https:\/\/dunewellnessgroup.com\/tanjore-hi\/fr\/hotel-tamil-nadu\/\"},{\"@type\":\"ListItem\",\"position\":3,\"name\":\"Activit\u00e9s\"}]},{\"@type\":\"WebSite\",\"@id\":\"https:\/\/dunewellnessgroup.com\/tanjore-hi\/#website\",\"url\":\"https:\/\/dunewellnessgroup.com\/tanjore-hi\/\",\"name\":\"Tanjore Hi\",\"description\":\"Just another Dune eco group Sites site\",\"potentialAction\":[{\"@type\":\"SearchAction\",\"target\":{\"@type\":\"EntryPoint\",\"urlTemplate\":\"https:\/\/dunewellnessgroup.com\/tanjore-hi\/?s={search_term_string}\"},\"query-input\":{\"@type\":\"PropertyValueSpecification\",\"valueRequired\":true,\"valueName\":\"search_term_string\"}}],\"inLanguage\":\"en-US\"}]}<\/script>\n<!-- \/ Yoast SEO Premium plugin. -->","yoast_head_json":{"title":"Activit\u00e9s - Que faire au Tanjore Hi - H\u00f4tel Inde","description":"Que faire au Tanjore Hi ou aux alentours ? D\u00e9couvrez ce qui vous attend lors de votre s\u00e9jour dans notre h\u00f4tel situ\u00e9 en Inde du Sud","robots":{"index":"index","follow":"follow","max-snippet":"max-snippet:-1","max-image-preview":"max-image-preview:large","max-video-preview":"max-video-preview:-1"},"canonical":"https:\/\/dunewellnessgroup.com\/tanjore-hi\/fr\/hotel-tamil-nadu\/activites\/","og_locale":"en_US","og_type":"article","og_title":"Activit\u00e9s","og_description":"Que faire au Tanjore Hi ou aux alentours ? D\u00e9couvrez ce qui vous attend lors de votre s\u00e9jour dans notre h\u00f4tel situ\u00e9 en Inde du Sud","og_url":"https:\/\/dunewellnessgroup.com\/tanjore-hi\/fr\/hotel-tamil-nadu\/activites\/","og_site_name":"Tanjore Hi","article_modified_time":"2019-04-18T20:48:30+00:00","og_image":[{"width":1600,"height":850,"url":"https:\/\/dunewellnessgroup.com\/wp-content\/uploads\/sites\/21\/2016\/04\/chola-bronze.jpg","type":"image\/jpeg"}],"twitter_card":"summary_large_image","schema":{"@context":"https:\/\/schema.org","@graph":[{"@type":"WebPage","@id":"https:\/\/dunewellnessgroup.com\/tanjore-hi\/fr\/hotel-tamil-nadu\/activites\/","url":"https:\/\/dunewellnessgroup.com\/tanjore-hi\/fr\/hotel-tamil-nadu\/activites\/","name":"Activit\u00e9s - Que faire au Tanjore Hi - H\u00f4tel Inde","isPartOf":{"@id":"https:\/\/dunewellnessgroup.com\/tanjore-hi\/#website"},"primaryImageOfPage":{"@id":"https:\/\/dunewellnessgroup.com\/tanjore-hi\/fr\/hotel-tamil-nadu\/activites\/#primaryimage"},"image":{"@id":"https:\/\/dunewellnessgroup.com\/tanjore-hi\/fr\/hotel-tamil-nadu\/activites\/#primaryimage"},"thumbnailUrl":"https:\/\/dunewellnessgroup.com\/wp-content\/uploads\/sites\/21\/2016\/04\/chola-bronze.jpg","datePublished":"2016-06-10T08:35:06+00:00","dateModified":"2019-04-18T20:48:30+00:00","description":"Que faire au Tanjore Hi ou aux alentours ? D\u00e9couvrez ce qui vous attend lors de votre s\u00e9jour dans notre h\u00f4tel situ\u00e9 en Inde du Sud","breadcrumb":{"@id":"https:\/\/dunewellnessgroup.com\/tanjore-hi\/fr\/hotel-tamil-nadu\/activites\/#breadcrumb"},"inLanguage":"en-US","potentialAction":[{"@type":"ReadAction","target":["https:\/\/dunewellnessgroup.com\/tanjore-hi\/fr\/hotel-tamil-nadu\/activites\/"]}]},{"@type":"ImageObject","inLanguage":"en-US","@id":"https:\/\/dunewellnessgroup.com\/tanjore-hi\/fr\/hotel-tamil-nadu\/activites\/#primaryimage","url":"https:\/\/dunewellnessgroup.com\/wp-content\/uploads\/sites\/21\/2016\/04\/chola-bronze.jpg","contentUrl":"https:\/\/dunewellnessgroup.com\/wp-content\/uploads\/sites\/21\/2016\/04\/chola-bronze.jpg","width":1600,"height":850},{"@type":"BreadcrumbList","@id":"https:\/\/dunewellnessgroup.com\/tanjore-hi\/fr\/hotel-tamil-nadu\/activites\/#breadcrumb","itemListElement":[{"@type":"ListItem","position":1,"name":"Home","item":"https:\/\/dunewellnessgroup.com\/tanjore-hi\/"},{"@type":"ListItem","position":2,"name":"H\u00f4tel Tamil Nadu (CATEGORIE)","item":"https:\/\/dunewellnessgroup.com\/tanjore-hi\/fr\/hotel-tamil-nadu\/"},{"@type":"ListItem","position":3,"name":"Activit\u00e9s"}]},{"@type":"WebSite","@id":"https:\/\/dunewellnessgroup.com\/tanjore-hi\/#website","url":"https:\/\/dunewellnessgroup.com\/tanjore-hi\/","name":"Tanjore Hi","description":"Just another Dune eco group Sites site","potentialAction":[{"@type":"SearchAction","target":{"@type":"EntryPoint","urlTemplate":"https:\/\/dunewellnessgroup.com\/tanjore-hi\/?s={search_term_string}"},"query-input":{"@type":"PropertyValueSpecification","valueRequired":true,"valueName":"search_term_string"}}],"inLanguage":"en-US"}]}},"_links":{"self":[{"href":"https:\/\/dunewellnessgroup.com\/tanjore-hi\/wp-json\/wp\/v2\/pages\/619","targetHints":{"allow":["GET"]}}],"collection":[{"href":"https:\/\/dunewellnessgroup.com\/tanjore-hi\/wp-json\/wp\/v2\/pages"}],"about":[{"href":"https:\/\/dunewellnessgroup.com\/tanjore-hi\/wp-json\/wp\/v2\/types\/page"}],"author":[{"embeddable":true,"href":"https:\/\/dunewellnessgroup.com\/tanjore-hi\/wp-json\/wp\/v2\/users\/1"}],"replies":[{"embeddable":true,"href":"https:\/\/dunewellnessgroup.com\/tanjore-hi\/wp-json\/wp\/v2\/comments?post=619"}],"version-history":[{"count":4,"href":"https:\/\/dunewellnessgroup.com\/tanjore-hi\/wp-json\/wp\/v2\/pages\/619\/revisions"}],"predecessor-version":[{"id":874,"href":"https:\/\/dunewellnessgroup.com\/tanjore-hi\/wp-json\/wp\/v2\/pages\/619\/revisions\/874"}],"up":[{"embeddable":true,"href":"https:\/\/dunewellnessgroup.com\/tanjore-hi\/wp-json\/wp\/v2\/pages\/1044"}],"wp:featuredmedia":[{"embeddable":true,"href":"https:\/\/dunewellnessgroup.com\/tanjore-hi\/wp-json\/wp\/v2\/media\/259"}],"wp:attachment":[{"href":"https:\/\/dunewellnessgroup.com\/tanjore-hi\/wp-json\/wp\/v2\/media?parent=619"}],"curies":[{"name":"wp","href":"https:\/\/api.w.org\/{rel}","templated":true}]}}