{"id":754,"date":"2016-10-21T07:54:09","date_gmt":"2016-10-21T07:54:09","guid":{"rendered":"http:\/\/dunewellnessgroup.com\/turtle-eco-beach-hotel\/contact-form-one-three-days-ayurvedic-package-turtle-eco-beach-hotel-sri-lanka\/?lang=fr"},"modified":"2019-04-18T21:15:49","modified_gmt":"2019-04-18T21:15:49","slug":"reservation-cure-ayurvedique","status":"publish","type":"page","link":"https:\/\/dunewellnessgroup.com\/turtle-eco-beach\/eco-village-sri-lanka\/reservation-cure-ayurvedique\/","title":{"rendered":"R\u00e9server une cure ayurv\u00e9dique"},"content":{"rendered":"<h3 class=\"entry-title\" style=\"text-align: left\">Formulaire de contact pour r\u00e9server une cure ayurv\u00e9dique (Package de 1 ou 3 jours) \u00e0 Turtle Eco Beach Hotel au Sri-lanka.<\/h3>\n<p>Veuillez remplir les champs obligatoires ci-dessous pour aider notre \u00e9quipe de r\u00e9servation \u00e0 harmoniser votre traitement.<br \/>\nSi besoin, nos consultants vous contacteront sous peu.<br \/>\nSi vous avez besoin d&#8217;aide, vous pouvez nous appeler sur les num\u00e9ros suivants:<br \/>\nSri-Lanka: (+94) 41 22 23 377<br \/>\nNotre personnel est \u00e0 votre \u00e9coute de\u00a09 heures du matin \u00e0\u00a020 heures (l&#8217;heure du Sri Lanka est de moins 4:30 heures \/ GMT) du lundi au dimanche.<\/p>\n\n<div class=\"wpcf7 no-js\" id=\"wpcf7-f757-o1\" lang=\"en-US\" dir=\"ltr\" data-wpcf7-id=\"757\">\n<div class=\"screen-reader-response\"><p role=\"status\" aria-live=\"polite\" aria-atomic=\"true\"><\/p> <ul><\/ul><\/div>\n<form action=\"\/turtle-eco-beach\/wp-json\/wp\/v2\/pages\/754#wpcf7-f757-o1\" method=\"post\" class=\"wpcf7-form init\" aria-label=\"Contact form\" novalidate=\"novalidate\" data-status=\"init\">\n<fieldset class=\"hidden-fields-container\"><input type=\"hidden\" name=\"_wpcf7\" value=\"757\" \/><input type=\"hidden\" name=\"_wpcf7_version\" value=\"6.1.5\" \/><input type=\"hidden\" name=\"_wpcf7_locale\" value=\"en_US\" \/><input type=\"hidden\" name=\"_wpcf7_unit_tag\" value=\"wpcf7-f757-o1\" \/><input type=\"hidden\" name=\"_wpcf7_container_post\" value=\"0\" \/><input type=\"hidden\" name=\"_wpcf7_posted_data_hash\" value=\"\" \/><input type=\"hidden\" name=\"_wpcf7_recaptcha_response\" value=\"\" \/>\n<\/fieldset>\n<p><input type=\"hidden\"  name=\"dune_form_tracker\"  value=\"dunewellnessgroup.com\/turtle-eco-beach\/wp-json\/wp\/v2\/pages\/754\"><input type=\"hidden\"  name=\"dune-tracker\"  value=\"dunewellnessgroup.com\/turtle-eco-beach\/wp-json\/wp\/v2\/pages\/754\">\n<\/p>\n<p>Civilit\u00e9 *\n<\/p>\n<p><span class=\"wpcf7-form-control-wrap\" data-name=\"Gender\"><select class=\"wpcf7-form-control wpcf7-select wpcf7-validates-as-required\" aria-required=\"true\" aria-invalid=\"false\" name=\"Gender\"><option value=\"\">&#8212;Please choose an option&#8212;<\/option><option value=\"Mr\">Mr<\/option><option value=\"Mme\">Mme<\/option><option value=\"Melle\">Melle<\/option><option value=\"Ma\u00eetre\">Ma\u00eetre<\/option><option value=\"Dr\">Dr<\/option><option value=\"Lord\">Lord<\/option><option value=\"Lady\">Lady<\/option><option value=\"Rev\">Rev<\/option><option value=\"Prof\">Prof<\/option><option value=\"Capt\">Capt<\/option><option value=\"Sir\">Sir<\/option><\/select><\/span>\n<\/p>\n<p>Votre pr\u00e9nom *\n<\/p>\n<p><span class=\"wpcf7-form-control-wrap\" data-name=\"your-surname\"><input size=\"40\" maxlength=\"400\" class=\"wpcf7-form-control wpcf7-text wpcf7-validates-as-required\" aria-required=\"true\" aria-invalid=\"false\" placeholder=\"Saisissez ici votre pr\u00e9nom\" value=\"\" type=\"text\" name=\"your-surname\" \/><\/span>\n<\/p>\n<p>Nom de famille *\n<\/p>\n<p><span class=\"wpcf7-form-control-wrap\" data-name=\"Name\"><input size=\"40\" maxlength=\"400\" class=\"wpcf7-form-control wpcf7-text\" aria-invalid=\"false\" placeholder=\"Saisissez ici votre nom de famille\" value=\"\" type=\"text\" name=\"Name\" \/><\/span>\n<\/p>\n<p>Votre \u00e2ge *\n<\/p>\n<p><span class=\"wpcf7-form-control-wrap\" data-name=\"Age\"><input class=\"wpcf7-form-control wpcf7-number wpcf7-validates-as-required wpcf7-validates-as-number\" min=\"18\" max=\"100\" aria-required=\"true\" aria-invalid=\"false\" placeholder=\"0\" value=\"\" type=\"number\" name=\"Age\" \/><\/span>\n<\/p>\n<p>Quel est votre pays de r\u00e9sidence *\n<\/p>\n<p><span class=\"wpcf7-form-control-wrap\" data-name=\"YourCountry\"><input size=\"40\" maxlength=\"400\" class=\"wpcf7-form-control wpcf7-text\" aria-invalid=\"false\" placeholder=\"Saisissez votre pays de r\u00e9sidence\" value=\"\" type=\"text\" name=\"YourCountry\" \/><\/span>\n<\/p>\n<p>Quel est votre email? *\n<\/p>\n<p><span class=\"wpcf7-form-control-wrap\" data-name=\"email\"><input size=\"40\" maxlength=\"400\" class=\"wpcf7-form-control wpcf7-email wpcf7-validates-as-required wpcf7-text wpcf7-validates-as-email\" aria-required=\"true\" aria-invalid=\"false\" placeholder=\"Saisissez ici votre email\" value=\"\" type=\"email\" name=\"email\" \/><\/span>\n<\/p>\n<p>Quel est votre num\u00e9ro de t\u00e9l\u00e9phone? (sans oublier le code pays svp. Par exemple +33 pour la France) *\n<\/p>\n<p><span class=\"wpcf7-form-control-wrap\" data-name=\"Phonenumber\"><input size=\"40\" maxlength=\"400\" class=\"wpcf7-form-control wpcf7-tel wpcf7-validates-as-required wpcf7-text wpcf7-validates-as-tel\" aria-required=\"true\" aria-invalid=\"false\" value=\"+\" type=\"tel\" name=\"Phonenumber\" \/><\/span>\n<\/p>\n<p>Date d'arriv\u00e9e esp\u00e9r\u00e9e? *\n<\/p>\n<p><span class=\"wpcf7-form-control-wrap\" data-name=\"Arrivaldate\"><input class=\"wpcf7-form-control wpcf7-date wpcf7-validates-as-required wpcf7-validates-as-date\" aria-required=\"true\" aria-invalid=\"false\" placeholder=\"Expected arrival day and departure\" value=\"\" type=\"date\" name=\"Arrivaldate\" \/><\/span>\n<\/p>\n<p>Date de d\u00e9part souhait\u00e9e? *\n<\/p>\n<p><span class=\"wpcf7-form-control-wrap\" data-name=\"departuredate\"><input class=\"wpcf7-form-control wpcf7-date wpcf7-validates-as-required wpcf7-validates-as-date\" aria-required=\"true\" aria-invalid=\"false\" value=\"Please select your departure date\" type=\"date\" name=\"departuredate\" \/><\/span>\n<\/p>\n<p>Choisissez un programme \/ package *\n<\/p>\n<p><span class=\"wpcf7-form-control-wrap\" data-name=\"GuestProgramChoice\"><span class=\"wpcf7-form-control wpcf7-checkbox\"><span class=\"wpcf7-list-item first\"><input type=\"checkbox\" name=\"GuestProgramChoice[]\" value=\"Cure Ayurv\u00e9dique d&#039;une journ\u00e9e\" \/><span class=\"wpcf7-list-item-label\">Cure Ayurv\u00e9dique d&#039;une journ\u00e9e<\/span><\/span><span class=\"wpcf7-list-item last\"><input type=\"checkbox\" name=\"GuestProgramChoice[]\" value=\"Cure Ayurv\u00e9dique de trois jours\" \/><span class=\"wpcf7-list-item-label\">Cure Ayurv\u00e9dique de trois jours<\/span><\/span><\/span><\/span>\n<\/p>\n<p>Combien de personnes souhaitez vous inscrire? *\n<\/p>\n<p><span class=\"wpcf7-form-control-wrap\" data-name=\"Howmanypersons\"><input class=\"wpcf7-form-control wpcf7-number wpcf7-validates-as-required wpcf7-validates-as-number\" min=\"1\" max=\"20\" aria-required=\"true\" aria-invalid=\"false\" value=\"1\" type=\"number\" name=\"Howmanypersons\" \/><\/span>\n<\/p>\n<p>Subject\n<\/p>\n<p><span class=\"wpcf7-form-control-wrap\" data-name=\"your-subject\"><input size=\"40\" maxlength=\"400\" class=\"wpcf7-form-control wpcf7-text\" aria-invalid=\"false\" value=\"\" type=\"text\" name=\"your-subject\" \/><\/span>\n<\/p>\n<p>Your Message\n<\/p>\n<p><span class=\"wpcf7-form-control-wrap\" data-name=\"your-message\"><textarea cols=\"40\" rows=\"10\" maxlength=\"2000\" class=\"wpcf7-form-control wpcf7-textarea\" aria-invalid=\"false\" name=\"your-message\"><\/textarea><\/span>\n<\/p>\n\n<p><input class=\"wpcf7-form-control wpcf7-submit has-spinner\" type=\"submit\" value=\"Valider et envoyer\" \/>\n<\/p><div class=\"wpcf7-response-output\" aria-hidden=\"true\"><\/div>\n<\/form>\n<\/div>\n\n","protected":false},"excerpt":{"rendered":"<p>Formulaire de contact pour r\u00e9server une cure ayurv\u00e9dique (Package de 1 ou 3 jours) \u00e0 Turtle Eco Beach Hotel au Sri-lanka. Veuillez remplir les champs obligatoires ci-dessous pour aider notre [&hellip;]<\/p>\n","protected":false},"author":4,"featured_media":0,"parent":1277,"menu_order":1,"comment_status":"closed","ping_status":"closed","template":"","meta":{"_acf_changed":false,"footnotes":""},"class_list":["post-754","page","type-page","status-publish","hentry"],"acf":[],"yoast_head":"<!-- This site is optimized with the Yoast SEO Premium plugin v27.1 (Yoast SEO v27.1.1) - https:\/\/yoast.com\/product\/yoast-seo-premium-wordpress\/ -->\n<title>Cure Ayurv\u00e9dique - R\u00e9servez vos soins \u00e0 Turtle Eco Beach Hotel<\/title>\n<meta name=\"description\" content=\"Laissez-vous tenter par une cure ayurv\u00e9dique \u00e0 Turtle Eco Beach Hotel selon diff\u00e9rents packages qui peuvent aller de 1 \u00e0 3 jours\" \/>\n<meta name=\"robots\" content=\"index, follow, max-snippet:-1, max-image-preview:large, max-video-preview:-1\" \/>\n<link rel=\"canonical\" href=\"https:\/\/dunewellnessgroup.com\/turtle-eco-beach\/eco-village-sri-lanka\/reservation-cure-ayurvedique\/\" \/>\n<meta property=\"og:locale\" content=\"en_US\" \/>\n<meta property=\"og:type\" content=\"article\" \/>\n<meta property=\"og:title\" content=\"R\u00e9server une cure ayurv\u00e9dique\" \/>\n<meta property=\"og:description\" content=\"Laissez-vous tenter par une cure ayurv\u00e9dique \u00e0 Turtle Eco Beach Hotel selon diff\u00e9rents packages qui peuvent aller de 1 \u00e0 3 jours\" \/>\n<meta property=\"og:url\" content=\"https:\/\/dunewellnessgroup.com\/turtle-eco-beach\/eco-village-sri-lanka\/reservation-cure-ayurvedique\/\" \/>\n<meta property=\"og:site_name\" content=\"Turtle Eco Beach Hotel- Madiha -\" \/>\n<meta property=\"article:publisher\" content=\"https:\/\/www.facebook.com\/pages\/Turtle-Eco-Beach\/394792560620169?fref=ts\" \/>\n<meta property=\"article:modified_time\" content=\"2019-04-18T21:15:49+00:00\" \/>\n<meta name=\"twitter:card\" content=\"summary_large_image\" \/>\n<meta name=\"twitter:label1\" content=\"Est. reading time\" \/>\n\t<meta name=\"twitter:data1\" content=\"1 minute\" \/>\n<script type=\"application\/ld+json\" class=\"yoast-schema-graph\">{\"@context\":\"https:\/\/schema.org\",\"@graph\":[{\"@type\":\"WebPage\",\"@id\":\"https:\/\/dunewellnessgroup.com\/turtle-eco-beach\/eco-village-sri-lanka\/reservation-cure-ayurvedique\/\",\"url\":\"https:\/\/dunewellnessgroup.com\/turtle-eco-beach\/eco-village-sri-lanka\/reservation-cure-ayurvedique\/\",\"name\":\"Cure Ayurv\u00e9dique - R\u00e9servez vos soins \u00e0 Turtle Eco Beach Hotel\",\"isPartOf\":{\"@id\":\"https:\/\/dunewellnessgroup.com\/turtle-eco-beach\/#website\"},\"datePublished\":\"2016-10-21T07:54:09+00:00\",\"dateModified\":\"2019-04-18T21:15:49+00:00\",\"description\":\"Laissez-vous tenter par une cure ayurv\u00e9dique \u00e0 Turtle Eco Beach Hotel selon diff\u00e9rents packages qui peuvent aller de 1 \u00e0 3 jours\",\"breadcrumb\":{\"@id\":\"https:\/\/dunewellnessgroup.com\/turtle-eco-beach\/eco-village-sri-lanka\/reservation-cure-ayurvedique\/#breadcrumb\"},\"inLanguage\":\"en-US\",\"potentialAction\":[{\"@type\":\"ReadAction\",\"target\":[\"https:\/\/dunewellnessgroup.com\/turtle-eco-beach\/eco-village-sri-lanka\/reservation-cure-ayurvedique\/\"]}]},{\"@type\":\"BreadcrumbList\",\"@id\":\"https:\/\/dunewellnessgroup.com\/turtle-eco-beach\/eco-village-sri-lanka\/reservation-cure-ayurvedique\/#breadcrumb\",\"itemListElement\":[{\"@type\":\"ListItem\",\"position\":1,\"name\":\"Home\",\"item\":\"https:\/\/dunewellnessgroup.com\/turtle-eco-beach\/\"},{\"@type\":\"ListItem\",\"position\":2,\"name\":\"Eco village Sri Lanka (Categorie)\",\"item\":\"https:\/\/dunewellnessgroup.com\/turtle-eco-beach\/fr\/eco-village-sri-lanka\/\"},{\"@type\":\"ListItem\",\"position\":3,\"name\":\"R\u00e9server une cure ayurv\u00e9dique\"}]},{\"@type\":\"WebSite\",\"@id\":\"https:\/\/dunewellnessgroup.com\/turtle-eco-beach\/#website\",\"url\":\"https:\/\/dunewellnessgroup.com\/turtle-eco-beach\/\",\"name\":\"Turtle Eco Beach Hotel- Madiha -\",\"description\":\"Just another Dune Wellnessgroup website\",\"potentialAction\":[{\"@type\":\"SearchAction\",\"target\":{\"@type\":\"EntryPoint\",\"urlTemplate\":\"https:\/\/dunewellnessgroup.com\/turtle-eco-beach\/?s={search_term_string}\"},\"query-input\":{\"@type\":\"PropertyValueSpecification\",\"valueRequired\":true,\"valueName\":\"search_term_string\"}}],\"inLanguage\":\"en-US\"}]}<\/script>\n<!-- \/ Yoast SEO Premium plugin. -->","yoast_head_json":{"title":"Cure Ayurv\u00e9dique - R\u00e9servez vos soins \u00e0 Turtle Eco Beach Hotel","description":"Laissez-vous tenter par une cure ayurv\u00e9dique \u00e0 Turtle Eco Beach Hotel selon diff\u00e9rents packages qui peuvent aller de 1 \u00e0 3 jours","robots":{"index":"index","follow":"follow","max-snippet":"max-snippet:-1","max-image-preview":"max-image-preview:large","max-video-preview":"max-video-preview:-1"},"canonical":"https:\/\/dunewellnessgroup.com\/turtle-eco-beach\/eco-village-sri-lanka\/reservation-cure-ayurvedique\/","og_locale":"en_US","og_type":"article","og_title":"R\u00e9server une cure ayurv\u00e9dique","og_description":"Laissez-vous tenter par une cure ayurv\u00e9dique \u00e0 Turtle Eco Beach Hotel selon diff\u00e9rents packages qui peuvent aller de 1 \u00e0 3 jours","og_url":"https:\/\/dunewellnessgroup.com\/turtle-eco-beach\/eco-village-sri-lanka\/reservation-cure-ayurvedique\/","og_site_name":"Turtle Eco Beach Hotel- Madiha -","article_publisher":"https:\/\/www.facebook.com\/pages\/Turtle-Eco-Beach\/394792560620169?fref=ts","article_modified_time":"2019-04-18T21:15:49+00:00","twitter_card":"summary_large_image","twitter_misc":{"Est. reading time":"1 minute"},"schema":{"@context":"https:\/\/schema.org","@graph":[{"@type":"WebPage","@id":"https:\/\/dunewellnessgroup.com\/turtle-eco-beach\/eco-village-sri-lanka\/reservation-cure-ayurvedique\/","url":"https:\/\/dunewellnessgroup.com\/turtle-eco-beach\/eco-village-sri-lanka\/reservation-cure-ayurvedique\/","name":"Cure Ayurv\u00e9dique - R\u00e9servez vos soins \u00e0 Turtle Eco Beach Hotel","isPartOf":{"@id":"https:\/\/dunewellnessgroup.com\/turtle-eco-beach\/#website"},"datePublished":"2016-10-21T07:54:09+00:00","dateModified":"2019-04-18T21:15:49+00:00","description":"Laissez-vous tenter par une cure ayurv\u00e9dique \u00e0 Turtle Eco Beach Hotel selon diff\u00e9rents packages qui peuvent aller de 1 \u00e0 3 jours","breadcrumb":{"@id":"https:\/\/dunewellnessgroup.com\/turtle-eco-beach\/eco-village-sri-lanka\/reservation-cure-ayurvedique\/#breadcrumb"},"inLanguage":"en-US","potentialAction":[{"@type":"ReadAction","target":["https:\/\/dunewellnessgroup.com\/turtle-eco-beach\/eco-village-sri-lanka\/reservation-cure-ayurvedique\/"]}]},{"@type":"BreadcrumbList","@id":"https:\/\/dunewellnessgroup.com\/turtle-eco-beach\/eco-village-sri-lanka\/reservation-cure-ayurvedique\/#breadcrumb","itemListElement":[{"@type":"ListItem","position":1,"name":"Home","item":"https:\/\/dunewellnessgroup.com\/turtle-eco-beach\/"},{"@type":"ListItem","position":2,"name":"Eco village Sri Lanka (Categorie)","item":"https:\/\/dunewellnessgroup.com\/turtle-eco-beach\/fr\/eco-village-sri-lanka\/"},{"@type":"ListItem","position":3,"name":"R\u00e9server une cure ayurv\u00e9dique"}]},{"@type":"WebSite","@id":"https:\/\/dunewellnessgroup.com\/turtle-eco-beach\/#website","url":"https:\/\/dunewellnessgroup.com\/turtle-eco-beach\/","name":"Turtle Eco Beach Hotel- Madiha -","description":"Just another Dune Wellnessgroup website","potentialAction":[{"@type":"SearchAction","target":{"@type":"EntryPoint","urlTemplate":"https:\/\/dunewellnessgroup.com\/turtle-eco-beach\/?s={search_term_string}"},"query-input":{"@type":"PropertyValueSpecification","valueRequired":true,"valueName":"search_term_string"}}],"inLanguage":"en-US"}]}},"_links":{"self":[{"href":"https:\/\/dunewellnessgroup.com\/turtle-eco-beach\/wp-json\/wp\/v2\/pages\/754","targetHints":{"allow":["GET"]}}],"collection":[{"href":"https:\/\/dunewellnessgroup.com\/turtle-eco-beach\/wp-json\/wp\/v2\/pages"}],"about":[{"href":"https:\/\/dunewellnessgroup.com\/turtle-eco-beach\/wp-json\/wp\/v2\/types\/page"}],"author":[{"embeddable":true,"href":"https:\/\/dunewellnessgroup.com\/turtle-eco-beach\/wp-json\/wp\/v2\/users\/4"}],"replies":[{"embeddable":true,"href":"https:\/\/dunewellnessgroup.com\/turtle-eco-beach\/wp-json\/wp\/v2\/comments?post=754"}],"version-history":[{"count":4,"href":"https:\/\/dunewellnessgroup.com\/turtle-eco-beach\/wp-json\/wp\/v2\/pages\/754\/revisions"}],"predecessor-version":[{"id":1271,"href":"https:\/\/dunewellnessgroup.com\/turtle-eco-beach\/wp-json\/wp\/v2\/pages\/754\/revisions\/1271"}],"up":[{"embeddable":true,"href":"https:\/\/dunewellnessgroup.com\/turtle-eco-beach\/wp-json\/wp\/v2\/pages\/1277"}],"wp:attachment":[{"href":"https:\/\/dunewellnessgroup.com\/turtle-eco-beach\/wp-json\/wp\/v2\/media?parent=754"}],"curies":[{"name":"wp","href":"https:\/\/api.w.org\/{rel}","templated":true}]}}